{"id":692768,"date":"2025-08-27T14:09:03","date_gmt":"2025-08-27T11:09:03","guid":{"rendered":"https:\/\/roveyayinevi.com.tr\/index.php\/urun\/poetika\/"},"modified":"2026-04-16T02:02:39","modified_gmt":"2026-04-15T23:02:39","slug":"poetika","status":"publish","type":"product","link":"https:\/\/roveyayinevi.com.tr\/index.php\/urun\/poetika\/","title":{"rendered":"Poetika"},"content":{"rendered":"<p>\u0130lhan Berk Logos&#8217;tan (1996, YKY) sonra bu kez &#8220;Poetika&#8221; kitab\u0131yla \u015fiir \u00fcst\u00fcne d\u00fc\u015f\u00fcnmeyi s\u00fcrd\u00fcr\u00fcyor.Valery, Ahmet Ha\u015fim, Rimbaud, Yahya Kemal, Mallarme, dil, ger\u00e7eklik, anlam-anlams\u0131zl\u0131k, dize, yap\u0131 vd. \u00fczerine \u00f6rneklerle modern \u015fiirin poetikas\u0131n\u0131 \u00e7evreliyor.T\u00fcm g\u00fcn \u015fiirde dola\u015fan bir \u015fairden, \u015fiirin ve dilin s\u0131f\u0131r noktas\u0131na bir ser\u00fcven: Poetika. \ufffc<\/p>\n","protected":false},"excerpt":{"rendered":"<p>\u0130lhan Berk Logos&#8217;tan (1996, YKY) sonra bu kez &#8220;Poetika&#8221; kitab\u0131yla \u015fiir \u00fcst\u00fcne d\u00fc\u015f\u00fcnmeyi s\u00fcrd\u00fcr\u00fcyor.Valery, Ahmet Ha\u015fim, Rimbaud, Yahya Kemal, Mallarme, dil, ger\u00e7eklik, anlam-anlams\u0131zl\u0131k, dize, yap\u0131 vd.<span class=\"excerpt-hellip\"> [\u2026]<\/span><\/p>\n","protected":false},"featured_media":0,"template":"","meta":{"_monsterinsights_skip_tracking":false,"_monsterinsights_sitenote_active":false,"_monsterinsights_sitenote_note":"","_monsterinsights_sitenote_category":0},"product_brand":[],"product_cat":[12388,14717],"product_tag":[],"class_list":{"0":"post-692768","1":"product","2":"type-product","3":"status-publish","5":"product_cat-felsefe","6":"product_cat-felsefe-tarihi","7":"pa_cilt-ciltsiz","8":"pa_tur-kitap","9":"pa_yayinevi-remzi-kitabevi","10":"pa_yazar-aristoteles","12":"first","13":"instock","14":"sale","15":"shipping-taxable","16":"purchasable","17":"product-type-simple"},"_links":{"self":[{"href":"https:\/\/roveyayinevi.com.tr\/index.php\/wp-json\/wp\/v2\/product\/692768","targetHints":{"allow":["GET"]}}],"collection":[{"href":"https:\/\/roveyayinevi.com.tr\/index.php\/wp-json\/wp\/v2\/product"}],"about":[{"href":"https:\/\/roveyayinevi.com.tr\/index.php\/wp-json\/wp\/v2\/types\/product"}],"wp:attachment":[{"href":"https:\/\/roveyayinevi.com.tr\/index.php\/wp-json\/wp\/v2\/media?parent=692768"}],"wp:term":[{"taxonomy":"product_brand","embeddable":true,"href":"https:\/\/roveyayinevi.com.tr\/index.php\/wp-json\/wp\/v2\/product_brand?post=692768"},{"taxonomy":"product_cat","embeddable":true,"href":"https:\/\/roveyayinevi.com.tr\/index.php\/wp-json\/wp\/v2\/product_cat?post=692768"},{"taxonomy":"product_tag","embeddable":true,"href":"https:\/\/roveyayinevi.com.tr\/index.php\/wp-json\/wp\/v2\/product_tag?post=692768"}],"curies":[{"name":"wp","href":"https:\/\/api.w.org\/{rel}","templated":true}]}}