{"id":692765,"date":"2025-08-27T14:09:03","date_gmt":"2025-08-27T11:09:03","guid":{"rendered":"https:\/\/roveyayinevi.com.tr\/index.php\/urun\/mitoloji-sozlugu\/"},"modified":"2026-04-16T02:02:39","modified_gmt":"2026-04-15T23:02:39","slug":"mitoloji-sozlugu","status":"publish","type":"product","link":"https:\/\/roveyayinevi.com.tr\/index.php\/urun\/mitoloji-sozlugu\/","title":{"rendered":"Mitoloji S\u00f6zl\u00fc\u011f\u00fc"},"content":{"rendered":"<p>Mitoloji S\u00f6zl\u00fc\u011f\u00fc, Azra Erhat&#8217;\u0131n geni\u015f bilgi ve k\u00fclt\u00fcr\u00fcn\u00fcn son \u00fcr\u00fcn\u00fc, ustaca yazarl\u0131\u011f\u0131n\u0131n en y\u00fcksek a\u015famas\u0131d\u0131r. Titizlikle haz\u0131rlanan kitap, ba\u015fta Anadolu efsaneleri olmak \u00fczere, Yunan ve Latin mitolojisini a\u00e7\u0131k se\u00e7ik, tatl\u0131 bir dille okuyucuya sunmaktad\u0131r. Azra Erhat, efsaneleri, hem bilimsel bir g\u00f6zle incelemeye, hem de d\u00fcnya yaz\u0131n ve sanat\u0131ndaki yerlerini, e\u015fsiz bir esin kayna\u011f\u0131 olarak de\u011ferleriyle canland\u0131rmaya \u00e7al\u0131\u015f\u0131r. Bu yolda, dilimizdeki \u00e7evirilerden de geni\u015f \u00e7apta faydalanarak Mitoloji S\u00f6zl\u00fc\u011f\u00fc&#8217;ne bir antroloji niteli\u011fi kazand\u0131rm\u0131\u015ft\u0131r. \u00c7abas\u0131na, bug\u00fcne dek mitoloji alan\u0131nda \u00e7al\u0131\u015fm\u0131\u015f T\u00fcrk yazarlar\u0131n\u0131 da ortak etmi\u015ftir. Mitoloji S\u00f6zl\u00fc\u011f\u00fc, gen\u00e7, ya\u015fl\u0131 herkesin zevkle okuyaca\u011f\u0131 bir elkitab\u0131, Bat\u0131 k\u00fclt\u00fcr\u00fcn\u00fcn t\u00fcm\u00fcne ve \u00f6z\u00fcne a\u00e7\u0131lm\u0131\u015f bir penceredir.<\/p>\n","protected":false},"excerpt":{"rendered":"<p>Mitoloji S\u00f6zl\u00fc\u011f\u00fc, Azra Erhat&#8217;\u0131n geni\u015f bilgi ve k\u00fclt\u00fcr\u00fcn\u00fcn son \u00fcr\u00fcn\u00fc, ustaca yazarl\u0131\u011f\u0131n\u0131n en y\u00fcksek a\u015famas\u0131d\u0131r. Titizlikle haz\u0131rlanan kitap, ba\u015fta Anadolu efsaneleri olmak \u00fczere, Yunan ve Latin<span class=\"excerpt-hellip\"> [\u2026]<\/span><\/p>\n","protected":false},"featured_media":0,"template":"","meta":{"_monsterinsights_skip_tracking":false,"_monsterinsights_sitenote_active":false,"_monsterinsights_sitenote_note":"","_monsterinsights_sitenote_category":0},"product_brand":[],"product_cat":[12718,12858],"product_tag":[],"class_list":{"0":"post-692765","1":"product","2":"type-product","3":"status-publish","5":"product_cat-din","6":"product_cat-mitolojiler","7":"pa_cilt-ciltsiz","8":"pa_tur-kitap","9":"pa_yayinevi-remzi-kitabevi","10":"pa_yazar-azra-erhat","12":"first","13":"instock","14":"sale","15":"shipping-taxable","16":"purchasable","17":"product-type-simple"},"_links":{"self":[{"href":"https:\/\/roveyayinevi.com.tr\/index.php\/wp-json\/wp\/v2\/product\/692765","targetHints":{"allow":["GET"]}}],"collection":[{"href":"https:\/\/roveyayinevi.com.tr\/index.php\/wp-json\/wp\/v2\/product"}],"about":[{"href":"https:\/\/roveyayinevi.com.tr\/index.php\/wp-json\/wp\/v2\/types\/product"}],"wp:attachment":[{"href":"https:\/\/roveyayinevi.com.tr\/index.php\/wp-json\/wp\/v2\/media?parent=692765"}],"wp:term":[{"taxonomy":"product_brand","embeddable":true,"href":"https:\/\/roveyayinevi.com.tr\/index.php\/wp-json\/wp\/v2\/product_brand?post=692765"},{"taxonomy":"product_cat","embeddable":true,"href":"https:\/\/roveyayinevi.com.tr\/index.php\/wp-json\/wp\/v2\/product_cat?post=692765"},{"taxonomy":"product_tag","embeddable":true,"href":"https:\/\/roveyayinevi.com.tr\/index.php\/wp-json\/wp\/v2\/product_tag?post=692765"}],"curies":[{"name":"wp","href":"https:\/\/api.w.org\/{rel}","templated":true}]}}