{"id":692763,"date":"2025-08-27T14:09:02","date_gmt":"2025-08-27T11:09:02","guid":{"rendered":"https:\/\/roveyayinevi.com.tr\/index.php\/urun\/merhaba-bebek\/"},"modified":"2026-04-16T02:02:39","modified_gmt":"2026-04-15T23:02:39","slug":"merhaba-bebek","status":"publish","type":"product","link":"https:\/\/roveyayinevi.com.tr\/index.php\/urun\/merhaba-bebek\/","title":{"rendered":"Merhaba Bebek"},"content":{"rendered":"<p>Bebe\u011fin hayata iyi bir ba\u015flang\u0131\u00e7 yapabilmesi i\u00e7in bilinmesi gereken her \u015fey bu kitapta! Bebe\u011fin h\u0131zl\u0131 bir geli\u015fim s\u00fcrecinden ge\u00e7ti\u011fi ya\u015fam\u0131n ilk y\u0131l\u0131, ebeveyn-bebek aras\u0131nda sa\u011fl\u0131kl\u0131 bir ba\u011f\u0131n kurulmas\u0131 ve bebe\u011fin ya\u015fama iyi bir ba\u015flang\u0131\u00e7 yapmas\u0131n\u0131 sa\u011flamak i\u00e7in muhte\u015fem bir f\u0131rsatt\u0131r.Merhaba Bebek, bu s\u00fcre\u00e7te yeni anne baba olanlar\u0131n do\u011fru ad\u0131mlar atabilmesine yard\u0131mc\u0131 olmak i\u00e7in haz\u0131rland\u0131. Kitap, Bebeklik d\u00f6neminde iyi bir ebeveyn nas\u0131l olunur? sorusunu t\u00fcm ayr\u0131nt\u0131lar\u0131yla yan\u0131tlarken, i\u00e7eri\u011findeki bebek geli\u015fimi ve bebek bak\u0131m\u0131 bilgileriyle ebeveynlik konusunda \u00f6zg\u00fcven duygusu kazand\u0131rmay\u0131 da ama\u00e7l\u0131yor. Sinem Olcay Kademo\u011flu, ebeveynli\u011fe ge\u00e7i\u015fte ya\u015fanabilecek heyecan ve kayg\u0131larla ba\u015fa \u00e7\u0131kma, e\u015fler aras\u0131 ili\u015fkiyi bebekten sonra da olumlu \u015fekilde s\u00fcrd\u00fcrme, bebekli kariyer s\u00fcrecini dengeleme gibi yeni anne baba olanlar a\u00e7\u0131s\u0131ndan zorlu olabilecek psikolojik s\u00fcre\u00e7leri de \u00e7\u00f6zmenin yollar\u0131n\u0131 g\u00f6steriyor. <\/p>\n","protected":false},"excerpt":{"rendered":"<p>Bebe\u011fin hayata iyi bir ba\u015flang\u0131\u00e7 yapabilmesi i\u00e7in bilinmesi gereken her \u015fey bu kitapta! Bebe\u011fin h\u0131zl\u0131 bir geli\u015fim s\u00fcrecinden ge\u00e7ti\u011fi ya\u015fam\u0131n ilk y\u0131l\u0131, ebeveyn-bebek aras\u0131nda sa\u011fl\u0131kl\u0131 bir<span class=\"excerpt-hellip\"> [\u2026]<\/span><\/p>\n","protected":false},"featured_media":0,"template":"","meta":{"_monsterinsights_skip_tracking":false,"_monsterinsights_sitenote_active":false,"_monsterinsights_sitenote_note":"","_monsterinsights_sitenote_category":0},"product_brand":[],"product_cat":[14902,13365],"product_tag":[],"class_list":{"0":"post-692763","1":"product","2":"type-product","3":"status-publish","5":"product_cat-annelik-ve-cocuk-bakimi","6":"product_cat-saglik","7":"pa_cilt-ciltsiz","8":"pa_tur-kitap","9":"pa_yayinevi-remzi-kitabevi","10":"pa_yazar-sinem-olcay-kademoglu","12":"first","13":"instock","14":"sale","15":"shipping-taxable","16":"purchasable","17":"product-type-simple"},"_links":{"self":[{"href":"https:\/\/roveyayinevi.com.tr\/index.php\/wp-json\/wp\/v2\/product\/692763","targetHints":{"allow":["GET"]}}],"collection":[{"href":"https:\/\/roveyayinevi.com.tr\/index.php\/wp-json\/wp\/v2\/product"}],"about":[{"href":"https:\/\/roveyayinevi.com.tr\/index.php\/wp-json\/wp\/v2\/types\/product"}],"wp:attachment":[{"href":"https:\/\/roveyayinevi.com.tr\/index.php\/wp-json\/wp\/v2\/media?parent=692763"}],"wp:term":[{"taxonomy":"product_brand","embeddable":true,"href":"https:\/\/roveyayinevi.com.tr\/index.php\/wp-json\/wp\/v2\/product_brand?post=692763"},{"taxonomy":"product_cat","embeddable":true,"href":"https:\/\/roveyayinevi.com.tr\/index.php\/wp-json\/wp\/v2\/product_cat?post=692763"},{"taxonomy":"product_tag","embeddable":true,"href":"https:\/\/roveyayinevi.com.tr\/index.php\/wp-json\/wp\/v2\/product_tag?post=692763"}],"curies":[{"name":"wp","href":"https:\/\/api.w.org\/{rel}","templated":true}]}}