{"id":692757,"date":"2025-08-27T14:09:01","date_gmt":"2025-08-27T11:09:01","guid":{"rendered":"https:\/\/roveyayinevi.com.tr\/index.php\/urun\/top-sesleri\/"},"modified":"2026-04-16T02:02:39","modified_gmt":"2026-04-15T23:02:39","slug":"top-sesleri","status":"publish","type":"product","link":"https:\/\/roveyayinevi.com.tr\/index.php\/urun\/top-sesleri\/","title":{"rendered":"Top Sesleri"},"content":{"rendered":"<p>&#8220;Kim inmi\u015f denizin dibine, kim koymu\u015f bal\u0131\u011f\u0131n ad\u0131n\u0131? Kim dola\u015fm\u0131\u015f g\u00f6kleri kat kat; kim koymu\u015f kartal\u0131n, Ankaa&#8217;n\u0131n, h\u00fcrriyetin ad\u0131n\u0131? Hangi kanadlarla kim u\u00e7mu\u015f y\u0131ld\u0131zlardan y\u0131ld\u0131za; kim koymu\u015f Terazi&#8217;nin, Merih&#8217;in, Z\u00fchre&#8217;nin ad\u0131n\u0131? Kim &#8220;Promete demi\u015f ate\u015f h\u0131rs\u0131z\u0131na; kim koymu\u015f alevin, duman\u0131n ad\u0131n\u0131? Kimin dal\u0131na konmu\u015f saadet, hangi dal \u00e7ekebilmi\u015f saadeti ve hangi dil koymu\u015f saadetin ad\u0131n\u0131? Kim girebilmi\u015f \u0130nsano\u011flu&#8217;nun i\u00e7ine; kim koymu\u015f g\u00f6nl\u00fcn, ruhun, vicdan\u0131n ad\u0131n\u0131?<\/p>\n","protected":false},"excerpt":{"rendered":"<p>&#8220;Kim inmi\u015f denizin dibine, kim koymu\u015f bal\u0131\u011f\u0131n ad\u0131n\u0131? Kim dola\u015fm\u0131\u015f g\u00f6kleri kat kat; kim koymu\u015f kartal\u0131n, Ankaa&#8217;n\u0131n, h\u00fcrriyetin ad\u0131n\u0131? Hangi kanadlarla kim u\u00e7mu\u015f y\u0131ld\u0131zlardan y\u0131ld\u0131za; kim<span class=\"excerpt-hellip\"> [\u2026]<\/span><\/p>\n","protected":false},"featured_media":0,"template":"","meta":{"_monsterinsights_skip_tracking":false,"_monsterinsights_sitenote_active":false,"_monsterinsights_sitenote_note":"","_monsterinsights_sitenote_category":0},"product_brand":[],"product_cat":[12777,12291],"product_tag":[],"class_list":{"0":"post-692757","1":"product","2":"type-product","3":"status-publish","5":"product_cat-deneme","6":"product_cat-edebiyat","7":"pa_cilt-ciltsiz","8":"pa_tur-kitap","9":"pa_yayinevi-otuken-nesriyat","10":"pa_yazar-arif-nihat-asya","12":"first","13":"instock","14":"sale","15":"shipping-taxable","16":"purchasable","17":"product-type-simple"},"_links":{"self":[{"href":"https:\/\/roveyayinevi.com.tr\/index.php\/wp-json\/wp\/v2\/product\/692757","targetHints":{"allow":["GET"]}}],"collection":[{"href":"https:\/\/roveyayinevi.com.tr\/index.php\/wp-json\/wp\/v2\/product"}],"about":[{"href":"https:\/\/roveyayinevi.com.tr\/index.php\/wp-json\/wp\/v2\/types\/product"}],"wp:attachment":[{"href":"https:\/\/roveyayinevi.com.tr\/index.php\/wp-json\/wp\/v2\/media?parent=692757"}],"wp:term":[{"taxonomy":"product_brand","embeddable":true,"href":"https:\/\/roveyayinevi.com.tr\/index.php\/wp-json\/wp\/v2\/product_brand?post=692757"},{"taxonomy":"product_cat","embeddable":true,"href":"https:\/\/roveyayinevi.com.tr\/index.php\/wp-json\/wp\/v2\/product_cat?post=692757"},{"taxonomy":"product_tag","embeddable":true,"href":"https:\/\/roveyayinevi.com.tr\/index.php\/wp-json\/wp\/v2\/product_tag?post=692757"}],"curies":[{"name":"wp","href":"https:\/\/api.w.org\/{rel}","templated":true}]}}