{"id":692756,"date":"2025-08-27T14:09:01","date_gmt":"2025-08-27T11:09:01","guid":{"rendered":"https:\/\/roveyayinevi.com.tr\/index.php\/urun\/tarih-ve-politika-ansiklopedisi\/"},"modified":"2026-04-16T02:02:39","modified_gmt":"2026-04-15T23:02:39","slug":"tarih-ve-politika-ansiklopedisi","status":"publish","type":"product","link":"https:\/\/roveyayinevi.com.tr\/index.php\/urun\/tarih-ve-politika-ansiklopedisi\/","title":{"rendered":"Tarih ve Politika Ansiklopedisi"},"content":{"rendered":"<p>Bu eserle, \u00fcnl\u00fc tarih\u00e7i Y\u0131lmaz \u00d6ztuna, tarih\u00ee-siyas\u00ee olaylarla tarih terimlerini ansiklopedik bir sunum \u00e7er\u00e7evesinde ortaya koydu. Uzun metinleri okumaktan ka\u00e7\u0131nanlar, tarih konusunda herhangi bir fikir ve bilgi sahibi olmayanlar; \u00f6zellikle \u00f6\u011frenciler Tarih ve Politika Ansiklopedisi ile bu eksikliklerini giderebileceklerdir. <\/p>\n","protected":false},"excerpt":{"rendered":"<p>Bu eserle, \u00fcnl\u00fc tarih\u00e7i Y\u0131lmaz \u00d6ztuna, tarih\u00ee-siyas\u00ee olaylarla tarih terimlerini ansiklopedik bir sunum \u00e7er\u00e7evesinde ortaya koydu. Uzun metinleri okumaktan ka\u00e7\u0131nanlar, tarih konusunda herhangi bir fikir ve<span class=\"excerpt-hellip\"> [\u2026]<\/span><\/p>\n","protected":false},"featured_media":0,"template":"","meta":{"_monsterinsights_skip_tracking":false,"_monsterinsights_sitenote_active":false,"_monsterinsights_sitenote_note":"","_monsterinsights_sitenote_category":0},"product_brand":[],"product_cat":[12364,16266],"product_tag":[],"class_list":{"0":"post-692756","1":"product","2":"type-product","3":"status-publish","5":"product_cat-genel-konular","6":"product_cat-referans-kaynak-kitap","7":"pa_tur-kitap","8":"pa_yayinevi-otuken-nesriyat","9":"pa_yazar-yilmaz-oztuna","11":"first","12":"instock","13":"sale","14":"shipping-taxable","15":"purchasable","16":"product-type-simple"},"_links":{"self":[{"href":"https:\/\/roveyayinevi.com.tr\/index.php\/wp-json\/wp\/v2\/product\/692756","targetHints":{"allow":["GET"]}}],"collection":[{"href":"https:\/\/roveyayinevi.com.tr\/index.php\/wp-json\/wp\/v2\/product"}],"about":[{"href":"https:\/\/roveyayinevi.com.tr\/index.php\/wp-json\/wp\/v2\/types\/product"}],"wp:attachment":[{"href":"https:\/\/roveyayinevi.com.tr\/index.php\/wp-json\/wp\/v2\/media?parent=692756"}],"wp:term":[{"taxonomy":"product_brand","embeddable":true,"href":"https:\/\/roveyayinevi.com.tr\/index.php\/wp-json\/wp\/v2\/product_brand?post=692756"},{"taxonomy":"product_cat","embeddable":true,"href":"https:\/\/roveyayinevi.com.tr\/index.php\/wp-json\/wp\/v2\/product_cat?post=692756"},{"taxonomy":"product_tag","embeddable":true,"href":"https:\/\/roveyayinevi.com.tr\/index.php\/wp-json\/wp\/v2\/product_tag?post=692756"}],"curies":[{"name":"wp","href":"https:\/\/api.w.org\/{rel}","templated":true}]}}