{"id":692754,"date":"2025-08-27T14:09:00","date_gmt":"2025-08-27T11:09:00","guid":{"rendered":"https:\/\/roveyayinevi.com.tr\/index.php\/urun\/suruden-ayrilani-kurt-kapmaz\/"},"modified":"2026-04-16T02:02:39","modified_gmt":"2026-04-15T23:02:39","slug":"suruden-ayrilani-kurt-kapmaz","status":"publish","type":"product","link":"https:\/\/roveyayinevi.com.tr\/index.php\/urun\/suruden-ayrilani-kurt-kapmaz\/","title":{"rendered":"S\u00fcr\u00fcden Ayr\u0131lan\u0131 Kurt Kapmaz"},"content":{"rendered":"<p>S\u00fcr\u00fc bilincinde ya\u015fayan insan g\u00fcc\u00fcn\u00fc teslim etmeyi, her durumda kurtar\u0131c\u0131 beklemeyi, sorumlulu\u011fu ba\u015fkalar\u0131na atmay\u0131 \u00e7ok sever. Ya\u015fam\u0131n\u0131n sorumlulu\u011funu almak ve onu y\u00f6nlendirmek yerine, olaylara bilin\u00e7siz tepkiler vererek ya da vermeyerek ya\u015far. Oyun i\u00e7inde bir fig\u00fcran gibidir. Kendisine bi\u00e7ilen rol\u00fc oynamaya \u00e7al\u0131\u015f\u0131r. Genel \u00e7o\u011funlu\u011fun do\u011frular\u0131n\u0131 kendisine edinir. \ufffcTan\u0131t\u0131m Metni<\/p>\n","protected":false},"excerpt":{"rendered":"<p>S\u00fcr\u00fc bilincinde ya\u015fayan insan g\u00fcc\u00fcn\u00fc teslim etmeyi, her durumda kurtar\u0131c\u0131 beklemeyi, sorumlulu\u011fu ba\u015fkalar\u0131na atmay\u0131 \u00e7ok sever. Ya\u015fam\u0131n\u0131n sorumlulu\u011funu almak ve onu y\u00f6nlendirmek yerine, olaylara bilin\u00e7siz tepkiler<span class=\"excerpt-hellip\"> [\u2026]<\/span><\/p>\n","protected":false},"featured_media":0,"template":"","meta":{"_monsterinsights_skip_tracking":false,"_monsterinsights_sitenote_active":false,"_monsterinsights_sitenote_note":"","_monsterinsights_sitenote_category":0},"product_brand":[],"product_cat":[12364,12376],"product_tag":[],"class_list":{"0":"post-692754","1":"product","2":"type-product","3":"status-publish","5":"product_cat-genel-konular","6":"product_cat-kisisel-gelisim","7":"pa_cilt-ciltsiz","8":"pa_tur-kitap","9":"pa_yayinevi-sinir-otesi-yayinlari","10":"pa_yazar-ekin-duman","12":"first","13":"instock","14":"sale","15":"shipping-taxable","16":"purchasable","17":"product-type-simple"},"_links":{"self":[{"href":"https:\/\/roveyayinevi.com.tr\/index.php\/wp-json\/wp\/v2\/product\/692754","targetHints":{"allow":["GET"]}}],"collection":[{"href":"https:\/\/roveyayinevi.com.tr\/index.php\/wp-json\/wp\/v2\/product"}],"about":[{"href":"https:\/\/roveyayinevi.com.tr\/index.php\/wp-json\/wp\/v2\/types\/product"}],"wp:attachment":[{"href":"https:\/\/roveyayinevi.com.tr\/index.php\/wp-json\/wp\/v2\/media?parent=692754"}],"wp:term":[{"taxonomy":"product_brand","embeddable":true,"href":"https:\/\/roveyayinevi.com.tr\/index.php\/wp-json\/wp\/v2\/product_brand?post=692754"},{"taxonomy":"product_cat","embeddable":true,"href":"https:\/\/roveyayinevi.com.tr\/index.php\/wp-json\/wp\/v2\/product_cat?post=692754"},{"taxonomy":"product_tag","embeddable":true,"href":"https:\/\/roveyayinevi.com.tr\/index.php\/wp-json\/wp\/v2\/product_tag?post=692754"}],"curies":[{"name":"wp","href":"https:\/\/api.w.org\/{rel}","templated":true}]}}