{"id":692749,"date":"2025-08-27T14:08:59","date_gmt":"2025-08-27T11:08:59","guid":{"rendered":"https:\/\/roveyayinevi.com.tr\/index.php\/urun\/yoldaki-adam\/"},"modified":"2026-04-16T02:02:39","modified_gmt":"2026-04-15T23:02:39","slug":"yoldaki-adam","status":"publish","type":"product","link":"https:\/\/roveyayinevi.com.tr\/index.php\/urun\/yoldaki-adam\/","title":{"rendered":"Yoldaki Adam"},"content":{"rendered":"<p>D\u0131\u015far\u0131da d\u00fc\u015fman devletlerin entrika ve istilalar\u0131&#8230; \u0130\u00e7erde Me\u015frutiyet, anayasa ve h\u00fcrriyet tart\u0131\u015fmalar\u0131&#8230; Bir yandan devleti ele ge\u00e7irip kuvvetlendirme yolunda ta\u015f\u0131nan niyetler, yap\u0131lan g\u00f6steriler, at\u0131lan sloganlar&#8230; \u00d6te yandan devleti y\u0131k\u0131c\u0131, otoriteyi etkisizle\u015ftirmeye y\u00f6nelik gayretler, te\u015fkilatlar, komiteler&#8230; Bunlara kar\u015f\u0131 Y\u0131ld\u0131z&#8217;dan y\u00f6netilen sevimsiz, bask\u0131c\u0131 politikalar, zekice manevralar, al\u0131nan jurnaller&#8230; \u0130hanetler, gafletler, maddi ve manevi s\u0131k\u0131nt\u0131lar, t\u00fckenmi\u015flikler&#8230; \u00c7at\u0131rdayan bir imparatorluk&#8230; \u015ea\u015fk\u0131n kahramanlar, korkak devletliler, ihanete s\u00fcr\u00fcklenen az\u0131nl\u0131klar, \u015feytanca h\u0131rslar&#8230; Yoldaki Adam da Bekir B\u00fcy\u00fckark\u0131n, i\u015fte b\u00f6ylesine karma\u015f\u0131k bir d\u00f6nemi toplumun i\u00e7inden bir bak\u0131\u015fla ele al\u0131p irdeliyor. Roman kurgusu i\u00e7inde okuyucu bu kaos d\u00f6nemini b\u00fct\u00fcn deh\u015fetiyle ya\u015f\u0131yor. Yazar, kimilerinin kara, kimilerinin ak olarak g\u00f6rmek ve g\u00f6stermek istedikleri bir devrin (1876-1909) \u00e2deta r\u00f6ntgenini \u00e7ekiyor ki, romanda anlat\u0131lanlar\u0131n tamam\u0131 tarih\u00ee ger\u00e7eklere dayand\u0131r\u0131larak ortaya konulmu\u015ftur. \ufffcTan\u0131t\u0131m Metni<\/p>\n","protected":false},"excerpt":{"rendered":"<p>D\u0131\u015far\u0131da d\u00fc\u015fman devletlerin entrika ve istilalar\u0131&#8230; \u0130\u00e7erde Me\u015frutiyet, anayasa ve h\u00fcrriyet tart\u0131\u015fmalar\u0131&#8230; Bir yandan devleti ele ge\u00e7irip kuvvetlendirme yolunda ta\u015f\u0131nan niyetler, yap\u0131lan g\u00f6steriler, at\u0131lan sloganlar&#8230; \u00d6te<span class=\"excerpt-hellip\"> [\u2026]<\/span><\/p>\n","protected":false},"featured_media":0,"template":"","meta":{"_monsterinsights_skip_tracking":false,"_monsterinsights_sitenote_active":false,"_monsterinsights_sitenote_note":"","_monsterinsights_sitenote_category":0},"product_brand":[],"product_cat":[12291,12745],"product_tag":[],"class_list":{"0":"post-692749","1":"product","2":"type-product","3":"status-publish","5":"product_cat-edebiyat","6":"product_cat-tarihi-roman","7":"pa_cilt-ciltsiz","8":"pa_tur-kitap","9":"pa_yayinevi-otuken-nesriyat","10":"pa_yazar-bekir-buyukarkin","12":"first","13":"instock","14":"sale","15":"shipping-taxable","16":"purchasable","17":"product-type-simple"},"_links":{"self":[{"href":"https:\/\/roveyayinevi.com.tr\/index.php\/wp-json\/wp\/v2\/product\/692749","targetHints":{"allow":["GET"]}}],"collection":[{"href":"https:\/\/roveyayinevi.com.tr\/index.php\/wp-json\/wp\/v2\/product"}],"about":[{"href":"https:\/\/roveyayinevi.com.tr\/index.php\/wp-json\/wp\/v2\/types\/product"}],"wp:attachment":[{"href":"https:\/\/roveyayinevi.com.tr\/index.php\/wp-json\/wp\/v2\/media?parent=692749"}],"wp:term":[{"taxonomy":"product_brand","embeddable":true,"href":"https:\/\/roveyayinevi.com.tr\/index.php\/wp-json\/wp\/v2\/product_brand?post=692749"},{"taxonomy":"product_cat","embeddable":true,"href":"https:\/\/roveyayinevi.com.tr\/index.php\/wp-json\/wp\/v2\/product_cat?post=692749"},{"taxonomy":"product_tag","embeddable":true,"href":"https:\/\/roveyayinevi.com.tr\/index.php\/wp-json\/wp\/v2\/product_tag?post=692749"}],"curies":[{"name":"wp","href":"https:\/\/api.w.org\/{rel}","templated":true}]}}