{"id":692747,"date":"2025-08-27T14:08:59","date_gmt":"2025-08-27T11:08:59","guid":{"rendered":"https:\/\/roveyayinevi.com.tr\/index.php\/urun\/yayla-gulu\/"},"modified":"2026-04-16T02:02:39","modified_gmt":"2026-04-15T23:02:39","slug":"yayla-gulu","status":"publish","type":"product","link":"https:\/\/roveyayinevi.com.tr\/index.php\/urun\/yayla-gulu\/","title":{"rendered":"Yayla G\u00fcl\u00fc"},"content":{"rendered":"<p>Muharebe gittik\u00e7e \u015fiddetleniyordu. Tam O\u011fuz\u2019un kuvvetleri sar\u0131l\u0131rken bir haber geldi. Yine ayn\u0131 ba\u015fbu\u011f: &#8211; Kumandan\u0131m!.. Bize taze kuvvetlerle bir yard\u0131mc\u0131 alay geldi! &#8211; Nereden?.. &#8211; Bir kad\u0131n Amazon alay\u0131&#8230; &#8211; Kumandan\u0131 kim imi\u015f? &#8211; Yayla G\u00fcl\u00fc ad\u0131nda bir \u00e7oban k\u0131z\u0131&#8230; &#8211; Hayret! Bu Yayla G\u00fcl\u00fc kim imi\u015f? &#8211; Alt\u0131n Da\u011flar\u0131nda bir \u00e7oban k\u0131z\u0131 imi\u015f&#8230; Bunun kul\u00fcbesine bir mavi \u0131\u015f\u0131k d\u00fc\u015fm\u00fc\u015f&#8230; O, bu zaman ruhunda bir kahramanl\u0131k hissederek, civar k\u00f6ylerin kad\u0131nlar\u0131n\u0131 toplayarak bize yard\u0131ma gelmi\u015f&#8230; &#8211; Cenk ediyorlar m\u0131? &#8211; D\u00fc\u015fman\u0131 arkadan sard\u0131lar&#8230; &#8211; Bu Yayla G\u00fcl\u00fc\u2019n\u00fc bize Tanr\u0131 m\u0131 g\u00f6nderdi dersin? &#8211; Herhalde kumandan\u0131m&#8230; Bunalana H\u0131z\u0131r yeti\u015firmi\u015f&#8230; &#8211; Bizim H\u0131z\u0131r\u2019\u0131m\u0131z demek Yayla G\u00fcl\u00fc ha? &#8211; Evet, Yayla G\u00fcl\u00fc&#8230; <\/p>\n","protected":false},"excerpt":{"rendered":"<p>Muharebe gittik\u00e7e \u015fiddetleniyordu. Tam O\u011fuz\u2019un kuvvetleri sar\u0131l\u0131rken bir haber geldi. Yine ayn\u0131 ba\u015fbu\u011f: &#8211; Kumandan\u0131m!.. Bize taze kuvvetlerle bir yard\u0131mc\u0131 alay geldi! &#8211; Nereden?.. &#8211; Bir<span class=\"excerpt-hellip\"> [\u2026]<\/span><\/p>\n","protected":false},"featured_media":0,"template":"","meta":{"_monsterinsights_skip_tracking":false,"_monsterinsights_sitenote_active":false,"_monsterinsights_sitenote_note":"","_monsterinsights_sitenote_category":0},"product_brand":[],"product_cat":[12291,12745],"product_tag":[],"class_list":{"0":"post-692747","1":"product","2":"type-product","3":"status-publish","5":"product_cat-edebiyat","6":"product_cat-tarihi-roman","7":"pa_tur-kitap","8":"pa_yayinevi-otuken-nesriyat","9":"pa_yazar-enver-behnan-sapolyo","11":"first","12":"instock","13":"sale","14":"shipping-taxable","15":"purchasable","16":"product-type-simple"},"_links":{"self":[{"href":"https:\/\/roveyayinevi.com.tr\/index.php\/wp-json\/wp\/v2\/product\/692747","targetHints":{"allow":["GET"]}}],"collection":[{"href":"https:\/\/roveyayinevi.com.tr\/index.php\/wp-json\/wp\/v2\/product"}],"about":[{"href":"https:\/\/roveyayinevi.com.tr\/index.php\/wp-json\/wp\/v2\/types\/product"}],"wp:attachment":[{"href":"https:\/\/roveyayinevi.com.tr\/index.php\/wp-json\/wp\/v2\/media?parent=692747"}],"wp:term":[{"taxonomy":"product_brand","embeddable":true,"href":"https:\/\/roveyayinevi.com.tr\/index.php\/wp-json\/wp\/v2\/product_brand?post=692747"},{"taxonomy":"product_cat","embeddable":true,"href":"https:\/\/roveyayinevi.com.tr\/index.php\/wp-json\/wp\/v2\/product_cat?post=692747"},{"taxonomy":"product_tag","embeddable":true,"href":"https:\/\/roveyayinevi.com.tr\/index.php\/wp-json\/wp\/v2\/product_tag?post=692747"}],"curies":[{"name":"wp","href":"https:\/\/api.w.org\/{rel}","templated":true}]}}