{"id":692745,"date":"2025-08-27T14:08:58","date_gmt":"2025-08-27T11:08:58","guid":{"rendered":"https:\/\/roveyayinevi.com.tr\/index.php\/urun\/ulkucunun-cilesi\/"},"modified":"2026-04-16T02:02:39","modified_gmt":"2026-04-15T23:02:39","slug":"ulkucunun-cilesi","status":"publish","type":"product","link":"https:\/\/roveyayinevi.com.tr\/index.php\/urun\/ulkucunun-cilesi\/","title":{"rendered":"\u00dclk\u00fcc\u00fcn\u00fcn \u00c7ilesi"},"content":{"rendered":"<p>\u00dclk\u00fcc\u00fcn\u00fcn, \u00fclk\u00fcs\u00fc ile m\u00fcnasebeti, hakiki bir a\u015fkta sevenle sevgilinin m\u00fcnasebetine benzer. Hep verir, hi\u00e7 almaz. Sevgili nazl\u0131d\u0131r, sitemi eksik etmez, incinme\u011fe de hi\u00e7 gelemez. Di\u011fer sahalarda umumiyetle dikkatsiz hareket eden \u00dclk\u00fcc\u00fc, sevgili bahis konusu oldu mu ba\u015ftan ba\u015fa hassasiyet kesilir. \u015eahs\u0131na fenal\u0131k yapanlara pek ald\u0131rmaz ama, \u00fclk\u00fcs\u00fcne yan g\u00f6zle bakanlara tahamm\u00fcl\u00fc yoktur. Sadakati i\u00e7in kar\u015f\u0131l\u0131k beklemez, m\u00fckafat istemez, bir garip ki\u015fidir&#8230; \u00dclk\u00fcs\u00fcne hizmet edenlere son derece h\u00fcrmetkard\u0131r. Ger\u00e7ek a\u015f\u0131klar gibidir; k\u0131skanmaz. Sevgilinin sevildik\u00e7e g\u00fczelle\u015fece\u011fini bilir. Sevmenin gururu yegane s\u00fcs\u00fcd\u00fcr. \u00dclk\u00fcc\u00fcn\u00fcn en \u00e7ok dinledi\u011fi, nasihat dir. Yapma! derler, Hayat\u0131n\u0131 heba etme! derler, G\u00fcn\u00fcn\u00fc g\u00fcn et! derler. O kadar \u00e7ok \u015fey s\u00f6ylerler ki, hi\u00e7 bitmez. O hepsini dinler, ama hi\u00e7birini tutmaz, gene bildi\u011fi gibi ya\u015far. \ufffcTan\u0131t\u0131m Metni<\/p>\n","protected":false},"excerpt":{"rendered":"<p>\u00dclk\u00fcc\u00fcn\u00fcn, \u00fclk\u00fcs\u00fc ile m\u00fcnasebeti, hakiki bir a\u015fkta sevenle sevgilinin m\u00fcnasebetine benzer. Hep verir, hi\u00e7 almaz. Sevgili nazl\u0131d\u0131r, sitemi eksik etmez, incinme\u011fe de hi\u00e7 gelemez. Di\u011fer sahalarda<span class=\"excerpt-hellip\"> [\u2026]<\/span><\/p>\n","protected":false},"featured_media":0,"template":"","meta":{"_monsterinsights_skip_tracking":false,"_monsterinsights_sitenote_active":false,"_monsterinsights_sitenote_note":"","_monsterinsights_sitenote_category":0},"product_brand":[],"product_cat":[12777,12291],"product_tag":[],"class_list":{"0":"post-692745","1":"product","2":"type-product","3":"status-publish","5":"product_cat-deneme","6":"product_cat-edebiyat","7":"pa_tur-kitap","8":"pa_yayinevi-otuken-nesriyat","9":"pa_yazar-galip-erdem","11":"first","12":"instock","13":"sale","14":"shipping-taxable","15":"purchasable","16":"product-type-simple"},"_links":{"self":[{"href":"https:\/\/roveyayinevi.com.tr\/index.php\/wp-json\/wp\/v2\/product\/692745","targetHints":{"allow":["GET"]}}],"collection":[{"href":"https:\/\/roveyayinevi.com.tr\/index.php\/wp-json\/wp\/v2\/product"}],"about":[{"href":"https:\/\/roveyayinevi.com.tr\/index.php\/wp-json\/wp\/v2\/types\/product"}],"wp:attachment":[{"href":"https:\/\/roveyayinevi.com.tr\/index.php\/wp-json\/wp\/v2\/media?parent=692745"}],"wp:term":[{"taxonomy":"product_brand","embeddable":true,"href":"https:\/\/roveyayinevi.com.tr\/index.php\/wp-json\/wp\/v2\/product_brand?post=692745"},{"taxonomy":"product_cat","embeddable":true,"href":"https:\/\/roveyayinevi.com.tr\/index.php\/wp-json\/wp\/v2\/product_cat?post=692745"},{"taxonomy":"product_tag","embeddable":true,"href":"https:\/\/roveyayinevi.com.tr\/index.php\/wp-json\/wp\/v2\/product_tag?post=692745"}],"curies":[{"name":"wp","href":"https:\/\/api.w.org\/{rel}","templated":true}]}}