{"id":692739,"date":"2025-08-27T14:08:57","date_gmt":"2025-08-27T11:08:57","guid":{"rendered":"https:\/\/roveyayinevi.com.tr\/index.php\/urun\/evrenle-uyumlasma-surecinde-varolmak-gelismek-uzlasmak\/"},"modified":"2026-04-16T02:02:39","modified_gmt":"2026-04-15T23:02:39","slug":"evrenle-uyumlasma-surecinde-varolmak-gelismek-uzlasmak","status":"publish","type":"product","link":"https:\/\/roveyayinevi.com.tr\/index.php\/urun\/evrenle-uyumlasma-surecinde-varolmak-gelismek-uzlasmak\/","title":{"rendered":"Evrenle Uyumla\u015fma S\u00fcrecinde Varolmak, Geli\u015fmek, Uzla\u015fmak"},"content":{"rendered":"<p>\u0130nsan yar\u0131na kalmak, uzun ya\u015famak; yak\u0131nlar\u0131n\u0131n, genlerinin, k\u00fclt\u00fcr\u00fcn\u00fcn yar\u0131na kalmas\u0131n\u0131 ister. En az\u0131ndan, bu d\u00fcnyada ho\u015f bir seda b\u0131rakmak ister. Bunlar\u0131n ger\u00e7ekle\u015fmesi, insan\u0131n varolma, geli\u015fme ve uzla\u015fma becerisini art\u0131rmas\u0131na ba\u011fl\u0131d\u0131r. Kitab\u0131n kuramsal temelinde bili\u015fsel psikoloji, genetik, sosyobiyoloji, sosyometri ve kuantum mant\u0131\u011f\u0131yla kayna\u015ft\u0131r\u0131lm\u0131\u015f varolu\u015f\u00e7u felsefe ve psikoloji var. Prof. D\u00f6kmen, karma\u015f\u0131k a\u00e7\u0131klamalardan ar\u0131nd\u0131r\u0131lm\u0131\u015f, g\u00fcnl\u00fck ya\u015fama indirgenmi\u015f, iyimser bir varolu\u015f\u00e7ulu\u011fu ele al\u0131yor.<\/p>\n","protected":false},"excerpt":{"rendered":"<p>\u0130nsan yar\u0131na kalmak, uzun ya\u015famak; yak\u0131nlar\u0131n\u0131n, genlerinin, k\u00fclt\u00fcr\u00fcn\u00fcn yar\u0131na kalmas\u0131n\u0131 ister. En az\u0131ndan, bu d\u00fcnyada ho\u015f bir seda b\u0131rakmak ister. Bunlar\u0131n ger\u00e7ekle\u015fmesi, insan\u0131n varolma, geli\u015fme ve<span class=\"excerpt-hellip\"> [\u2026]<\/span><\/p>\n","protected":false},"featured_media":0,"template":"","meta":{"_monsterinsights_skip_tracking":false,"_monsterinsights_sitenote_active":false,"_monsterinsights_sitenote_note":"","_monsterinsights_sitenote_category":0},"product_brand":[],"product_cat":[12358,12357],"product_tag":[],"class_list":{"0":"post-692739","1":"product","2":"type-product","3":"status-publish","5":"product_cat-genel-psikoloji","6":"product_cat-psikoloji","7":"pa_cilt-ciltsiz","8":"pa_tur-kitap","9":"pa_yayinevi-remzi-kitabevi","10":"pa_yazar-ustun-dokmen","12":"first","13":"instock","14":"sale","15":"shipping-taxable","16":"purchasable","17":"product-type-simple"},"_links":{"self":[{"href":"https:\/\/roveyayinevi.com.tr\/index.php\/wp-json\/wp\/v2\/product\/692739","targetHints":{"allow":["GET"]}}],"collection":[{"href":"https:\/\/roveyayinevi.com.tr\/index.php\/wp-json\/wp\/v2\/product"}],"about":[{"href":"https:\/\/roveyayinevi.com.tr\/index.php\/wp-json\/wp\/v2\/types\/product"}],"wp:attachment":[{"href":"https:\/\/roveyayinevi.com.tr\/index.php\/wp-json\/wp\/v2\/media?parent=692739"}],"wp:term":[{"taxonomy":"product_brand","embeddable":true,"href":"https:\/\/roveyayinevi.com.tr\/index.php\/wp-json\/wp\/v2\/product_brand?post=692739"},{"taxonomy":"product_cat","embeddable":true,"href":"https:\/\/roveyayinevi.com.tr\/index.php\/wp-json\/wp\/v2\/product_cat?post=692739"},{"taxonomy":"product_tag","embeddable":true,"href":"https:\/\/roveyayinevi.com.tr\/index.php\/wp-json\/wp\/v2\/product_tag?post=692739"}],"curies":[{"name":"wp","href":"https:\/\/api.w.org\/{rel}","templated":true}]}}