{"id":692733,"date":"2025-08-27T14:08:56","date_gmt":"2025-08-27T11:08:56","guid":{"rendered":"https:\/\/roveyayinevi.com.tr\/index.php\/urun\/ucak-kanadinda-evliya-celebi\/"},"modified":"2026-04-16T02:02:38","modified_gmt":"2026-04-15T23:02:38","slug":"ucak-kanadinda-evliya-celebi","status":"publish","type":"product","link":"https:\/\/roveyayinevi.com.tr\/index.php\/urun\/ucak-kanadinda-evliya-celebi\/","title":{"rendered":"U\u00e7ak Kanad\u0131nda Evliya \u00c7elebi"},"content":{"rendered":"<p>Bir g\u00fcn, bir a\u011fa\u00e7 dibinde g\u00fczel bir d\u00f6\u015fek yapm\u0131\u015ft\u0131m. At yorulmu\u015f, bense bitmi\u015ftim. Hemen ekme\u011fimi biraz suyla bo\u011faz\u0131mdan ittim ve arkas\u0131ndan ikindi namaz\u0131m\u0131 k\u0131ld\u0131m. \u0130\u00e7im ge\u00e7mi\u015f, uykunun derinliklerine kaym\u0131\u015f\u0131m. Bir bakt\u0131m ki, bir cami \u00f6n\u00fcndeyim. Kap\u0131lar\u0131 a\u00e7\u0131ld\u0131, beni buyur etmek i\u00e7in, i\u00e7eriden d\u0131\u015far\u0131ya nurlar sa\u00e7\u0131ld\u0131. Usulca e\u015fi\u011fi atlad\u0131m. Cemaat saf tutmu\u015f, hemen onlarla sabah namaz\u0131m\u0131n s\u00fcnnetini k\u0131ld\u0131m. Salavat-\u0131 \u015ferifleri okunurken bir k\u00f6\u015feye b\u00fcz\u00fcl\u00fcp hu\u015fu ile dinlemeye ba\u015flad\u0131m. O esnada \u00e7evremde misk kokular\u0131 yay\u0131ld\u0131\u011f\u0131n\u0131 hissedince, yan\u0131mdakilere camiye girenlerin kim olduklar\u0131n\u0131 sordum. Me\u011fer Peygamberimizin aziz ruhlar\u0131 ve din b\u00fcy\u00fcklerimizin soyut varl\u0131\u011f\u0131 benimle birlikteymi\u015f. Az sonra s\u0131k\u0131nt\u0131ya d\u00fc\u015fen Anadolu M\u00fcsl\u00fcmanlar\u0131na yard\u0131m i\u00e7in Peygamber Efendimiz ve dostlar\u0131 sabah namaz\u0131n\u0131 k\u0131lacaklarm\u0131\u015f. \u0130\u00e7eriye nur girdi\u011finde \u00f6yle \u015fa\u015f\u0131rm\u0131\u015ft\u0131m ki, \u00f6n\u00fcne gittim, ba\u015f\u0131m \u00f6n\u00fcmde, Peygamberimize korkuyla kar\u0131\u015f\u0131k sayg\u0131 i\u00e7inde  \u015eefaat y\u00e2 Resulallah!  diyecektim ki,  Seyahat y\u00e2 Resulallah!  deyivermi\u015fim. Nas\u0131l olduysa dilim s\u00fcr\u00e7m\u00fc\u015f, yanl\u0131\u015f bir dilekte bulunmu\u015ftum. Efendimiz, \u015fefaatimin sa\u011fl\u0131kl\u0131 ve kolay seyahat olmas\u0131n\u0131 Allah\u2019tan niyaz etti\u011finde, bunun ger\u00e7ekle\u015fece\u011fini tahmin etmemi\u015ftim. Cemaat bir a\u011f\u0131zdan \u00e2min dediler, birlikte Fatiha okuduk. Ellerini \u00f6perken Fatihalar tekrarland\u0131. Bu m\u00fcbarek insanlar, beni aln\u0131mdan \u00f6p\u00fcp giderlerken arkalar\u0131ndan bakakalm\u0131\u015f\u0131m. Derken g\u00f6z\u00fcm\u00fc a\u00e7t\u0131m. Binbir zorluklar aya\u011fa dikildim, e\u015fyam\u0131 toplad\u0131m. At\u0131ma do\u011fru y\u00fcr\u00fcrken birden yol g\u00f6z\u00fcmde b\u00fcy\u00fcd\u00fc. Nas\u0131l oldu bilmem, a\u011fz\u0131mdan  Ah Allah\u0131m, \u015fu ku\u015flar gibi u\u00e7abilsem!  diye bir c\u00fcmle \u00e7\u0131kt\u0131. Ku\u015fun kanatlar\u0131n\u0131 \u00e7\u0131rp\u0131\u015f\u0131, k\u00e2h y\u00fckselip k\u00e2h al\u00e7alarak istedi\u011fi yere u\u00e7u\u015fu vard\u0131 ki, i\u00e7im gitti. Biraz gittik, kar\u015f\u0131m\u0131za bir kafile \u00e7\u0131kt\u0131. Epey kalabal\u0131k bir cemaatti. Evvel\u00e2 giysileri tuhaf\u0131ma gitti. Ba\u015flar\u0131nda ne sar\u0131k vard\u0131, ne \u015fapka. \u015ealvar da giymemi\u015flerdi. \u0130nce kaftanlar\u0131 da yoktu. Han\u0131ml\u0131 beyli bir gruptular. Garibime gitti. Ne s\u0131rtlar\u0131nda \u00e7\u0131k\u0131n ta\u015f\u0131yorlard\u0131, ne de atlar\u0131n\u0131n yanlar\u0131nda denkleri vard\u0131. Kollar\u0131nda veya s\u0131rtlar\u0131nda veya pe\u015fis\u0131ra s\u00fcr\u00fckledikleri d\u00f6rt k\u00f6\u015fe torbalar\u0131 vard\u0131&#8230; Me\u011fer onlar da seyyah imi\u015fler, uzak diyarlara gidiyorlarm\u0131\u015f. Hele iki han\u0131m vard\u0131 ki, onlara \u00e7ok \u015fa\u015ft\u0131m. Beni aralar\u0131na ald\u0131lar,  u\u00e7ak  dedikleri alete binip ku\u015flar gibi uzaklara u\u00e7acakm\u0131\u015f\u0131z!&#8230; Sizler de yolculuk yapacak olursan\u0131z, mutlaka bu insanlar\u0131 bulun da bunlar\u0131n anlatt\u0131klar\u0131 \u015fekilde uzak yollara u\u00e7arak gidin. Yoksa atla gitmek ger\u00e7ekten zor oluyor. \u0130\u015fte yol boyunca onlar\u0131n anlatt\u0131klar\u0131! Bismillahirrahmanirrahim! <\/p>\n","protected":false},"excerpt":{"rendered":"<p>Bir g\u00fcn, bir a\u011fa\u00e7 dibinde g\u00fczel bir d\u00f6\u015fek yapm\u0131\u015ft\u0131m. At yorulmu\u015f, bense bitmi\u015ftim. Hemen ekme\u011fimi biraz suyla bo\u011faz\u0131mdan ittim ve arkas\u0131ndan ikindi namaz\u0131m\u0131 k\u0131ld\u0131m. \u0130\u00e7im ge\u00e7mi\u015f,<span class=\"excerpt-hellip\"> [\u2026]<\/span><\/p>\n","protected":false},"featured_media":0,"template":"","meta":{"_monsterinsights_skip_tracking":false,"_monsterinsights_sitenote_active":false,"_monsterinsights_sitenote_note":"","_monsterinsights_sitenote_category":0},"product_brand":[],"product_cat":[13055,13054],"product_tag":[],"class_list":{"0":"post-692733","1":"product","2":"type-product","3":"status-publish","5":"product_cat-gezi-rehberi","6":"product_cat-gezi-ve-rehber-kitaplari","7":"pa_tur-kitap","8":"pa_yayinevi-otuken-nesriyat","9":"pa_yazar-ayse-didem-uslu","11":"first","12":"instock","13":"sale","14":"shipping-taxable","15":"purchasable","16":"product-type-simple"},"_links":{"self":[{"href":"https:\/\/roveyayinevi.com.tr\/index.php\/wp-json\/wp\/v2\/product\/692733","targetHints":{"allow":["GET"]}}],"collection":[{"href":"https:\/\/roveyayinevi.com.tr\/index.php\/wp-json\/wp\/v2\/product"}],"about":[{"href":"https:\/\/roveyayinevi.com.tr\/index.php\/wp-json\/wp\/v2\/types\/product"}],"wp:attachment":[{"href":"https:\/\/roveyayinevi.com.tr\/index.php\/wp-json\/wp\/v2\/media?parent=692733"}],"wp:term":[{"taxonomy":"product_brand","embeddable":true,"href":"https:\/\/roveyayinevi.com.tr\/index.php\/wp-json\/wp\/v2\/product_brand?post=692733"},{"taxonomy":"product_cat","embeddable":true,"href":"https:\/\/roveyayinevi.com.tr\/index.php\/wp-json\/wp\/v2\/product_cat?post=692733"},{"taxonomy":"product_tag","embeddable":true,"href":"https:\/\/roveyayinevi.com.tr\/index.php\/wp-json\/wp\/v2\/product_tag?post=692733"}],"curies":[{"name":"wp","href":"https:\/\/api.w.org\/{rel}","templated":true}]}}