{"id":692732,"date":"2025-08-27T14:08:56","date_gmt":"2025-08-27T11:08:56","guid":{"rendered":"https:\/\/roveyayinevi.com.tr\/index.php\/urun\/ulusal-cikarlar\/"},"modified":"2026-04-16T02:02:38","modified_gmt":"2026-04-15T23:02:38","slug":"ulusal-cikarlar","status":"publish","type":"product","link":"https:\/\/roveyayinevi.com.tr\/index.php\/urun\/ulusal-cikarlar\/","title":{"rendered":"Ulusal \u00c7\u0131karlar"},"content":{"rendered":"<p>Onur \u00d6ymen, k\u00fcreselle\u00feme \u00e7er\u00e7evesinde T\u00fcrkiye\u2019nin durumunu ve ya\u015fad\u0131\u011f\u0131 sorunlar\u0131 somut verilerle a\u00e7\u0131klarken bu sorunlar\u0131n cevaplar\u0131n\u0131 ara\u015ft\u0131r\u0131yor. \u2022 De\u011fi\u015fen d\u00fcnya ko\u015fullar\u0131 i\u00e7inde ulus-devletlerin varl\u0131\u011f\u0131, \u00f6nemi, g\u00fcc\u00fc, etkinli\u011fi ne anlam ifade ediyor? \u2022 Egemenli\u011fin s\u0131n\u0131r\u0131 nedir? \u2022 Ulusal \u00e7\u0131karlar\u0131 korumaya \u00e7al\u0131\u015fmak, baz\u0131lar\u0131n\u0131n iddia etti\u011fi gibi art\u0131k \u00e7a\u011fd\u0131\u015f\u0131 bir davran\u0131\u015f m\u0131 say\u0131lmal\u0131d\u0131r? \u2022 Devletler kendilerini k\u00fcreselle\u015fmenin r\u00fczg\u00e2r\u0131na tamamen terk ederek g\u00fcvenliklerinin ve ekonomik \u00e7\u0131karlar\u0131n\u0131n korunmas\u0131 i\u00e7in \u00e7aba sarf etmekten vazge\u00e7meli midirler? Ulusal \u00c7\u0131karlar, T\u00fcrkiye\u2019nin ulus-devlet yap\u0131s\u0131n\u0131n yads\u0131nd\u0131\u011f\u0131 g\u00fcn\u00fcm\u00fczde, b\u00fct\u00fcn ikiy\u00fczl\u00fclerin maskesini d\u00fc\u015f\u00fcren bir kitap. G\u00fcn\u00fcm\u00fcz\u00fc, g\u00fcn\u00fcm\u00fcz d\u00fcnyas\u0131n\u0131 ve \u00fclkemizin bu d\u00fcnyada kar\u015f\u0131 kar\u015f\u0131ya oldu\u011fu sorunlar\u0131 irdelemek isteyen, \u201culusal de\u011ferlerden\u201d yana olan b\u00fct\u00fcn yurtseverlerin okumas\u0131 gereken bir yap\u0131t. -Emre Kongar- <\/p>\n","protected":false},"excerpt":{"rendered":"<p>Onur \u00d6ymen, k\u00fcreselle\u00feme \u00e7er\u00e7evesinde T\u00fcrkiye\u2019nin durumunu ve ya\u015fad\u0131\u011f\u0131 sorunlar\u0131 somut verilerle a\u00e7\u0131klarken bu sorunlar\u0131n cevaplar\u0131n\u0131 ara\u015ft\u0131r\u0131yor. \u2022 De\u011fi\u015fen d\u00fcnya ko\u015fullar\u0131 i\u00e7inde ulus-devletlerin varl\u0131\u011f\u0131, \u00f6nemi, g\u00fcc\u00fc, etkinli\u011fi<span class=\"excerpt-hellip\"> [\u2026]<\/span><\/p>\n","protected":false},"featured_media":0,"template":"","meta":{"_monsterinsights_skip_tracking":false,"_monsterinsights_sitenote_active":false,"_monsterinsights_sitenote_note":"","_monsterinsights_sitenote_category":0},"product_brand":[],"product_cat":[12338,12337],"product_tag":[],"class_list":{"0":"post-692732","1":"product","2":"type-product","3":"status-publish","5":"product_cat-dunya-siyaseti-ve-politikasi","6":"product_cat-politika-siyaset","7":"pa_cilt-ciltsiz","8":"pa_tur-kitap","9":"pa_yayinevi-remzi-kitabevi","10":"pa_yazar-onur-oymen","12":"first","13":"instock","14":"sale","15":"shipping-taxable","16":"purchasable","17":"product-type-simple"},"_links":{"self":[{"href":"https:\/\/roveyayinevi.com.tr\/index.php\/wp-json\/wp\/v2\/product\/692732","targetHints":{"allow":["GET"]}}],"collection":[{"href":"https:\/\/roveyayinevi.com.tr\/index.php\/wp-json\/wp\/v2\/product"}],"about":[{"href":"https:\/\/roveyayinevi.com.tr\/index.php\/wp-json\/wp\/v2\/types\/product"}],"wp:attachment":[{"href":"https:\/\/roveyayinevi.com.tr\/index.php\/wp-json\/wp\/v2\/media?parent=692732"}],"wp:term":[{"taxonomy":"product_brand","embeddable":true,"href":"https:\/\/roveyayinevi.com.tr\/index.php\/wp-json\/wp\/v2\/product_brand?post=692732"},{"taxonomy":"product_cat","embeddable":true,"href":"https:\/\/roveyayinevi.com.tr\/index.php\/wp-json\/wp\/v2\/product_cat?post=692732"},{"taxonomy":"product_tag","embeddable":true,"href":"https:\/\/roveyayinevi.com.tr\/index.php\/wp-json\/wp\/v2\/product_tag?post=692732"}],"curies":[{"name":"wp","href":"https:\/\/api.w.org\/{rel}","templated":true}]}}