{"id":692731,"date":"2025-08-27T14:08:56","date_gmt":"2025-08-27T11:08:56","guid":{"rendered":"https:\/\/roveyayinevi.com.tr\/index.php\/urun\/kuran-i-kerimin-gizli-ogretisi\/"},"modified":"2025-11-22T02:24:54","modified_gmt":"2025-11-21T23:24:54","slug":"kuran-i-kerimin-gizli-ogretisi","status":"publish","type":"product","link":"https:\/\/roveyayinevi.com.tr\/index.php\/urun\/kuran-i-kerimin-gizli-ogretisi\/","title":{"rendered":"Kur\u2019an-\u0131 Kerim\u2019in Gizli \u00d6\u011fretisi"},"content":{"rendered":"<p>T\u00fcrkiye\u2019de ilk kez!&#8230; Kur\u2019an-\u0131 Kerim\u2019in sembolik bilgileri, B\u00e2t\u0131ni \u0130slam Tasavvufu\u2019nun \u0131\u015f\u0131\u011f\u0131nda sizlerle bulu\u015fuyor. Hz. Muhammed\u2019in vahyi al\u0131rken ya\u015fad\u0131klar\u0131&#8230; Cennetten kovulu\u015f&#8230; Cennet ve Cehennem sembolleri&#8230;Cehennem ate\u015fi bilinen bir ate\u015f de\u011fildir&#8230; Melek sembolizmi&#8230; Evrensel \u0130dare Mekanizmas\u0131&#8230; Kozmik hiyerar\u015fi&#8230; Gelen kozmik ziyaret\u00e7iler&#8230; Cebrail\u2019in g\u00f6ky\u00fcz\u00fcnden ini\u015fi&#8230; Sahabiler de Cebrail\u2019i g\u00f6r\u00fcyordu&#8230; Kutsal Ruh&#8230; G\u00f6ky\u00fcz\u00fcn\u00fcn g\u00f6r\u00fcnmeyen ordular\u0131&#8230; Siriusyen K\u00fclt\u00fcr izleri&#8230; Eski d\u00f6nemlere ait sakl\u0131 bilgiler&#8230; Ma\u011farada ya\u015fanan gizemli olaylar&#8230; Kozmik tohumlama ve Hz. \u0130sa&#8230; Osiris Rahibi Hz. Musa&#8230; Tufanda yok olan uygarl\u0131klar&#8230; Kur\u2019an-\u0131 Kerim\u2019deki gizli Mu Dili&#8230; Mira\u00e7 olay\u0131n\u0131n ard\u0131ndaki ger\u00e7ekler&#8230; Ahiret hayat\u0131&#8230; D\u00fcnya hayat\u0131 ancak bir oyun ve bir e\u011flencedir&#8230; Duan\u0131n G\u00fcc\u00fc&#8230; D\u00f6n\u00fc\u015f\u00fcn\u00fcz O\u2019nad\u0131r&#8230; Y\u00fcrekleri hoplatan g\u00fcn&#8230; K\u0131yamet ve K\u0131yamet G\u00fcn\u00fc\u2019nde ger\u00e7eklerin ortaya \u00e7\u0131k\u0131\u015f\u0131&#8230; Mah\u015fer g\u00fcn\u00fcnde tekrar dirilme&#8230; B\u00fcy\u00fck sars\u0131nt\u0131&#8230; Ey iman edenler her \u015feye haz\u0131rl\u0131kl\u0131 olun&#8230; Kur\u2019an-\u0131 Kerim \u00f6l\u00fcler kitab\u0131 de\u011fildir&#8230; Kur\u2019an\u2019daki ve Hadisler\u2019deki iki farkl\u0131 \u0130slam&#8230; K\u00e2be ve Hac&#8230; Kurban\u0131n ezoterik k\u00f6keni&#8230; Kendini bilen Rabbi\u2019ni bilir&#8230; Namaz Ka\u00e7 vakit&#8230; Hz. Muhammed\u2019in meclisindeki \u00f6zel sohbetler&#8230; Hz.?Muhammed\u2019in ger\u00e7ekle\u015fen r\u00fcyas\u0131&#8230; Kutsal vazifenin biti\u015fi&#8230; Ve daha y\u00fczlerce konu ba\u015fl\u0131\u011f\u0131&#8230; Kitab\u0131n en dikkat \u00e7ekici \u00f6zelli\u011finden biri de, g\u00fcn\u00fcm\u00fczde hadis kaynaklar\u0131na dayand\u0131r\u0131lan \u0130slamiyet ile ilgili bir\u00e7ok bilginin, ger\u00e7eklere uymad\u0131\u011f\u0131n\u0131n belgelerle anlat\u0131lm\u0131\u015f olmas\u0131d\u0131r. Baz\u0131 Yahudi din adamlar\u0131n\u0131n o devirde M\u00fcsl\u00fcmanl\u0131\u011fa ge\u00e7mi\u015f gibi g\u00f6r\u00fcnerek, yalan hadisleri nas\u0131l g\u00fcn\u00fcm\u00fcze kadar getirmi\u015f olduklar\u0131n\u0131 da t\u00fcm ayr\u0131nt\u0131lar\u0131yla bu kitapta bulacaks\u0131n\u0131z. Kur\u2019an-\u0131 Kerim\u2019i anlamada yeni bir pencere a\u00e7aca\u011f\u0131n\u0131 d\u00fc\u015f\u00fcnd\u00fc\u011f\u00fcm\u00fcz bu kitab\u0131 yay\u0131nlamak i\u00e7in uzun bir s\u00fcre beklemi\u015ftik. Umar\u0131z zaman\u0131 gelmi\u015ftir. Ezoterizmin \u0131\u015f\u0131\u011f\u0131na izin verin sizlerle olsun&#8230; \ufffcTan\u0131t\u0131m Metni<\/p>\n","protected":false},"excerpt":{"rendered":"<p>T\u00fcrkiye\u2019de ilk kez!&#8230; Kur\u2019an-\u0131 Kerim\u2019in sembolik bilgileri, B\u00e2t\u0131ni \u0130slam Tasavvufu\u2019nun \u0131\u015f\u0131\u011f\u0131nda sizlerle bulu\u015fuyor. Hz. Muhammed\u2019in vahyi al\u0131rken ya\u015fad\u0131klar\u0131&#8230; Cennetten kovulu\u015f&#8230; Cennet ve Cehennem sembolleri&#8230;Cehennem ate\u015fi bilinen<span class=\"excerpt-hellip\"> [\u2026]<\/span><\/p>\n","protected":false},"featured_media":0,"template":"","meta":{"_monsterinsights_skip_tracking":false,"_monsterinsights_sitenote_active":false,"_monsterinsights_sitenote_note":"","_monsterinsights_sitenote_category":0},"product_brand":[],"product_cat":[12718,12719,17284],"product_tag":[],"class_list":{"0":"post-692731","1":"product","2":"type-product","3":"status-publish","5":"product_cat-din","6":"product_cat-islam","7":"product_cat-kuran-ve-kuran-uzerine","8":"pa_cilt-ciltsiz","9":"pa_tur-kitap","10":"pa_yayinevi-sinir-otesi-yayinlari","11":"pa_yazar-ergun-candan","13":"first","14":"instock","15":"sale","16":"shipping-taxable","17":"purchasable","18":"product-type-simple"},"_links":{"self":[{"href":"https:\/\/roveyayinevi.com.tr\/index.php\/wp-json\/wp\/v2\/product\/692731","targetHints":{"allow":["GET"]}}],"collection":[{"href":"https:\/\/roveyayinevi.com.tr\/index.php\/wp-json\/wp\/v2\/product"}],"about":[{"href":"https:\/\/roveyayinevi.com.tr\/index.php\/wp-json\/wp\/v2\/types\/product"}],"wp:attachment":[{"href":"https:\/\/roveyayinevi.com.tr\/index.php\/wp-json\/wp\/v2\/media?parent=692731"}],"wp:term":[{"taxonomy":"product_brand","embeddable":true,"href":"https:\/\/roveyayinevi.com.tr\/index.php\/wp-json\/wp\/v2\/product_brand?post=692731"},{"taxonomy":"product_cat","embeddable":true,"href":"https:\/\/roveyayinevi.com.tr\/index.php\/wp-json\/wp\/v2\/product_cat?post=692731"},{"taxonomy":"product_tag","embeddable":true,"href":"https:\/\/roveyayinevi.com.tr\/index.php\/wp-json\/wp\/v2\/product_tag?post=692731"}],"curies":[{"name":"wp","href":"https:\/\/api.w.org\/{rel}","templated":true}]}}