{"id":692730,"date":"2025-08-27T14:08:55","date_gmt":"2025-08-27T11:08:55","guid":{"rendered":"https:\/\/roveyayinevi.com.tr\/index.php\/urun\/turkiyede-manevi-buhran-din-ve-laiklik\/"},"modified":"2026-04-16T02:02:38","modified_gmt":"2026-04-15T23:02:38","slug":"turkiyede-manevi-buhran-din-ve-laiklik","status":"publish","type":"product","link":"https:\/\/roveyayinevi.com.tr\/index.php\/urun\/turkiyede-manevi-buhran-din-ve-laiklik\/","title":{"rendered":"T\u00fcrkiye\u2019de Manevi Buhran Din ve Laiklik"},"content":{"rendered":"<p>Avrupa\u2019da ortaya \u00e7\u0131kan laiklik, din ve mezhepler aras\u0131 k\u0131t\u00e2l ve m\u00fccadelelere, dindar ve dinsizler aras\u0131ndaki \u00e7at\u0131\u015fmalara son vermek, insanlar\u0131 m\u00fctec\u00e2viz bir taassuptan fikir ve vicdan h\u00fcrriyetine sayg\u0131 g\u00f6steren bir zihniyete kavu\u015fturmak maksad\u0131yla do\u011fmu\u015f, ilm\u00ee ve demokratik bir m\u00fcessesedir. T\u00fcrk-\u0130sl\u00e2m d\u00fcnyas\u0131nda din ve mezhepler aras\u0131 cidd\u00ee bir k\u0131t\u00e2l veya tehlikeli bir taassup ve fikr\u00ee tahakk\u00fcm mevcut olmad\u0131\u011f\u0131ndan ve bu \u015fekilde g\u00f6z\u00fcken hareketler de asl\u0131nda siyas\u00ee bir m\u00e2hiyeti h\u00e2iz bulundu\u011fundan, T\u00fcrkiye\u2019de laiklik din\u00ee ve ictima\u00ee zaruretlerin bir neticesi olarak do\u011fmu\u015f de\u011fildir. T\u00fcrkiye\u2019nin geri kalmas\u0131 ve son devirlerde ilerleme v\u00e2disinde istenilen h\u0131z\u0131 alamamas\u0131 mes\u2019uliyeti, halk\u0131n ceh\u00e2let ve taassubuna de\u011fil, ayd\u0131nlar\u0131n kif\u00e2yetsizli\u011fine, ve medeniyet d\u00e2vam\u0131z\u0131 yanl\u0131\u015f te\u015fhislerine, ve bu u\u011furdaki sakat te\u015febb\u00fcslerine aittir; bu hususta, hatal\u0131 olarak taassup bir netice iken sebep san\u0131lm\u0131\u015ft\u0131r.  T\u00fcrkiye\u2019de laiklik tarih ve sosyolojiye ayk\u0131r\u0131 bir Avrupal\u0131la\u015fma hareketine kar\u015f\u0131 tabi\u00ee bir \u015fekilde mevcut olan bir mukavemeti k\u0131rmak maksad\u0131yla meydana gelmi\u015f, bu din\u00ee ve mill\u00ee mukavemet de, hatal\u0131 olarak  taassup  ad\u0131n\u0131 alm\u0131\u015ft\u0131r. Laiklik, bu isabetsiz g\u00f6r\u00fc\u015f ve te\u015fhis dolay\u0131s\u0131yla, tamam\u0131yla bu mefhuma ayk\u0131r\u0131 olarak, din ve fikir h\u00fcrriyetini ortadan kald\u0131ran bir tatbikata vas\u0131ta olmu\u015ftur&#8230; <\/p>\n","protected":false},"excerpt":{"rendered":"<p>Avrupa\u2019da ortaya \u00e7\u0131kan laiklik, din ve mezhepler aras\u0131 k\u0131t\u00e2l ve m\u00fccadelelere, dindar ve dinsizler aras\u0131ndaki \u00e7at\u0131\u015fmalara son vermek, insanlar\u0131 m\u00fctec\u00e2viz bir taassuptan fikir ve vicdan h\u00fcrriyetine<span class=\"excerpt-hellip\"> [\u2026]<\/span><\/p>\n","protected":false},"featured_media":0,"template":"","meta":{"_monsterinsights_skip_tracking":false,"_monsterinsights_sitenote_active":false,"_monsterinsights_sitenote_note":"","_monsterinsights_sitenote_category":0},"product_brand":[],"product_cat":[12835,12324],"product_tag":[],"class_list":{"0":"post-692730","1":"product","2":"type-product","3":"status-publish","5":"product_cat-genel-sosyoloji","6":"product_cat-sosyoloji","7":"pa_cilt-ciltsiz","8":"pa_tur-kitap","9":"pa_yayinevi-otuken-nesriyat","10":"pa_yazar-osman-turan","12":"first","13":"instock","14":"sale","15":"shipping-taxable","16":"purchasable","17":"product-type-simple"},"_links":{"self":[{"href":"https:\/\/roveyayinevi.com.tr\/index.php\/wp-json\/wp\/v2\/product\/692730","targetHints":{"allow":["GET"]}}],"collection":[{"href":"https:\/\/roveyayinevi.com.tr\/index.php\/wp-json\/wp\/v2\/product"}],"about":[{"href":"https:\/\/roveyayinevi.com.tr\/index.php\/wp-json\/wp\/v2\/types\/product"}],"wp:attachment":[{"href":"https:\/\/roveyayinevi.com.tr\/index.php\/wp-json\/wp\/v2\/media?parent=692730"}],"wp:term":[{"taxonomy":"product_brand","embeddable":true,"href":"https:\/\/roveyayinevi.com.tr\/index.php\/wp-json\/wp\/v2\/product_brand?post=692730"},{"taxonomy":"product_cat","embeddable":true,"href":"https:\/\/roveyayinevi.com.tr\/index.php\/wp-json\/wp\/v2\/product_cat?post=692730"},{"taxonomy":"product_tag","embeddable":true,"href":"https:\/\/roveyayinevi.com.tr\/index.php\/wp-json\/wp\/v2\/product_tag?post=692730"}],"curies":[{"name":"wp","href":"https:\/\/api.w.org\/{rel}","templated":true}]}}