{"id":692726,"date":"2025-08-27T14:08:55","date_gmt":"2025-08-27T11:08:55","guid":{"rendered":"https:\/\/roveyayinevi.com.tr\/index.php\/urun\/sularin-golgesinde\/"},"modified":"2026-04-16T02:02:38","modified_gmt":"2026-04-15T23:02:38","slug":"sularin-golgesinde","status":"publish","type":"product","link":"https:\/\/roveyayinevi.com.tr\/index.php\/urun\/sularin-golgesinde\/","title":{"rendered":"Sular\u0131n G\u00f6lgesinde"},"content":{"rendered":"<p>Akdeniz&#8217;de y\u0131llar y\u0131l\u0131 s\u00f6nmek bilmeyen bir g\u00fc\u00e7 ve azimle yelken \u015fi\u015firen, Rodos&#8217;tan \u0130skenderiye&#8217;ye, Afrika sahillerinden Septe&#8217;ye, \u0130spanya k\u0131y\u0131lar\u0131ndan Venedik&#8217;e kadar etraf\u0131 kas\u0131p kavuran, d\u00fc\u015fmanlar\u0131n\u0131 r\u00fcyalar\u0131nda bile terleten, zay\u0131f\u0131n, fakirin dostu, kuvvetlinin ve \u00e2dilin hayran\u0131 Kurdo\u011flu Muslihittin Reis kimdi? Kinini, co\u015fup ta\u015fan duygular\u0131n\u0131, kuvvet ve cesaretini nereden alm\u0131\u015ft\u0131? Bu suali, Rodos \u015e\u00f6valyeleri Granmetri Vilye d\u00f6 Liladam, Papa Onuncu Leon, \u0130spanya Kral\u0131 Ferdinand, Tunus H\u00fck\u00fcmdar\u0131 Ebu Abdullah Mehmet, Fransa Kral\u0131 Birinci Fransuva, M\u0131s\u0131r Sultan\u0131 Melik E\u015fref Kansu\u2013Gavri, hatt\u00e2 Yavuz Sultan Selim ile Kanun\u00ee Sultan S\u00fcleyman da \u00e7ok kereler sormu\u015ftu. Sualler ekseriya cevaps\u0131z kalm\u0131\u015ft\u0131; kimisi hayranl\u0131kla, kimisi korkuyla, kimisi de b\u00fcy\u00fck bir h\u0131rs ve intikam duygusuyla Kurdo\u011flu&#8217;nu anar olmu\u015ftu\u2026 Bekir B\u00fcy\u00fckark\u0131n&#8217;\u0131n tarih\u00ee belgelere dayanarak yazd\u0131\u011f\u0131 Sular\u0131n G\u00f6lgesinde roman\u0131nda yaln\u0131zca tarihin serin sular\u0131nda unutulmu\u015f bir T\u00fcrk korsan\u0131n\u0131n maceralar\u0131n\u0131 de\u011fil, onun \u015fahs\u0131nda T\u00fcrk&#8217;\u00fcn \u00e7elik iradesini, azmini, imk\u00e2n ve f\u0131rsatlar\u0131 en iyi \u015fekilde kullan\u0131\u015f\u0131n\u0131 ve tarihin seyrini de\u011fi\u015ftirme kabiliyetini g\u00f6stermi\u015ftir.<\/p>\n","protected":false},"excerpt":{"rendered":"<p>Akdeniz&#8217;de y\u0131llar y\u0131l\u0131 s\u00f6nmek bilmeyen bir g\u00fc\u00e7 ve azimle yelken \u015fi\u015firen, Rodos&#8217;tan \u0130skenderiye&#8217;ye, Afrika sahillerinden Septe&#8217;ye, \u0130spanya k\u0131y\u0131lar\u0131ndan Venedik&#8217;e kadar etraf\u0131 kas\u0131p kavuran, d\u00fc\u015fmanlar\u0131n\u0131 r\u00fcyalar\u0131nda bile<span class=\"excerpt-hellip\"> [\u2026]<\/span><\/p>\n","protected":false},"featured_media":0,"template":"","meta":{"_monsterinsights_skip_tracking":false,"_monsterinsights_sitenote_active":false,"_monsterinsights_sitenote_note":"","_monsterinsights_sitenote_category":0},"product_brand":[],"product_cat":[12291,12745],"product_tag":[],"class_list":{"0":"post-692726","1":"product","2":"type-product","3":"status-publish","5":"product_cat-edebiyat","6":"product_cat-tarihi-roman","7":"pa_cilt-ciltsiz","8":"pa_tur-kitap","9":"pa_yayinevi-otuken-nesriyat","10":"pa_yazar-bekir-buyukarkin","12":"first","13":"instock","14":"sale","15":"shipping-taxable","16":"purchasable","17":"product-type-simple"},"_links":{"self":[{"href":"https:\/\/roveyayinevi.com.tr\/index.php\/wp-json\/wp\/v2\/product\/692726","targetHints":{"allow":["GET"]}}],"collection":[{"href":"https:\/\/roveyayinevi.com.tr\/index.php\/wp-json\/wp\/v2\/product"}],"about":[{"href":"https:\/\/roveyayinevi.com.tr\/index.php\/wp-json\/wp\/v2\/types\/product"}],"wp:attachment":[{"href":"https:\/\/roveyayinevi.com.tr\/index.php\/wp-json\/wp\/v2\/media?parent=692726"}],"wp:term":[{"taxonomy":"product_brand","embeddable":true,"href":"https:\/\/roveyayinevi.com.tr\/index.php\/wp-json\/wp\/v2\/product_brand?post=692726"},{"taxonomy":"product_cat","embeddable":true,"href":"https:\/\/roveyayinevi.com.tr\/index.php\/wp-json\/wp\/v2\/product_cat?post=692726"},{"taxonomy":"product_tag","embeddable":true,"href":"https:\/\/roveyayinevi.com.tr\/index.php\/wp-json\/wp\/v2\/product_tag?post=692726"}],"curies":[{"name":"wp","href":"https:\/\/api.w.org\/{rel}","templated":true}]}}