{"id":692722,"date":"2025-08-27T14:08:54","date_gmt":"2025-08-27T11:08:54","guid":{"rendered":"https:\/\/roveyayinevi.com.tr\/index.php\/urun\/liderin-takim-cantasi\/"},"modified":"2026-04-16T02:02:38","modified_gmt":"2026-04-15T23:02:38","slug":"liderin-takim-cantasi","status":"publish","type":"product","link":"https:\/\/roveyayinevi.com.tr\/index.php\/urun\/liderin-takim-cantasi\/","title":{"rendered":"Liderin Tak\u0131m \u00c7antas\u0131"},"content":{"rendered":"<p>Cem Kozlu&#8217;nun yan\u0131ndan ay\u0131rmad\u0131\u011f\u0131 tak\u0131m \u00e7antas\u0131nda, kendisine i\u015f ya\u015fam\u0131nda ba\u015far\u0131 sa\u011flayan pek \u00e7ok y\u00f6netim &#8216;aleti&#8217; yer al\u0131yor. \ufffcTan\u0131t\u0131m Metni<\/p>\n","protected":false},"excerpt":{"rendered":"<p>Cem Kozlu&#8217;nun yan\u0131ndan ay\u0131rmad\u0131\u011f\u0131 tak\u0131m \u00e7antas\u0131nda, kendisine i\u015f ya\u015fam\u0131nda ba\u015far\u0131 sa\u011flayan pek \u00e7ok y\u00f6netim &#8216;aleti&#8217; yer al\u0131yor. \ufffcTan\u0131t\u0131m Metni<\/p>\n","protected":false},"featured_media":0,"template":"","meta":{"_monsterinsights_skip_tracking":false,"_monsterinsights_sitenote_active":false,"_monsterinsights_sitenote_note":"","_monsterinsights_sitenote_category":0},"product_brand":[],"product_cat":[13043,14754],"product_tag":[],"class_list":{"0":"post-692722","1":"product","2":"type-product","3":"status-publish","5":"product_cat-ekonomi","6":"product_cat-halkla-iliskiler-insan-kaynaklari","7":"pa_cilt-ciltsiz","8":"pa_tur-kitap","9":"pa_yayinevi-remzi-kitabevi","10":"pa_yazar-cem-kozlu","12":"first","13":"instock","14":"sale","15":"shipping-taxable","16":"purchasable","17":"product-type-simple"},"_links":{"self":[{"href":"https:\/\/roveyayinevi.com.tr\/index.php\/wp-json\/wp\/v2\/product\/692722","targetHints":{"allow":["GET"]}}],"collection":[{"href":"https:\/\/roveyayinevi.com.tr\/index.php\/wp-json\/wp\/v2\/product"}],"about":[{"href":"https:\/\/roveyayinevi.com.tr\/index.php\/wp-json\/wp\/v2\/types\/product"}],"wp:attachment":[{"href":"https:\/\/roveyayinevi.com.tr\/index.php\/wp-json\/wp\/v2\/media?parent=692722"}],"wp:term":[{"taxonomy":"product_brand","embeddable":true,"href":"https:\/\/roveyayinevi.com.tr\/index.php\/wp-json\/wp\/v2\/product_brand?post=692722"},{"taxonomy":"product_cat","embeddable":true,"href":"https:\/\/roveyayinevi.com.tr\/index.php\/wp-json\/wp\/v2\/product_cat?post=692722"},{"taxonomy":"product_tag","embeddable":true,"href":"https:\/\/roveyayinevi.com.tr\/index.php\/wp-json\/wp\/v2\/product_tag?post=692722"}],"curies":[{"name":"wp","href":"https:\/\/api.w.org\/{rel}","templated":true}]}}