{"id":692721,"date":"2025-08-27T14:08:54","date_gmt":"2025-08-27T11:08:54","guid":{"rendered":"https:\/\/roveyayinevi.com.tr\/index.php\/urun\/kuresel-finans-krizi\/"},"modified":"2026-04-16T02:02:38","modified_gmt":"2026-04-15T23:02:38","slug":"kuresel-finans-krizi","status":"publish","type":"product","link":"https:\/\/roveyayinevi.com.tr\/index.php\/urun\/kuresel-finans-krizi\/","title":{"rendered":"K\u00fcresel Finans Krizi"},"content":{"rendered":"<p>K\u00fcresel krizi anlamak ve T\u00fcrkiye ekonomisini yorumlamak i\u00e7in bu kitab\u0131 okuyun!Dr. Mahfi E\u011filmez, ya\u015fad\u0131\u011f\u0131m\u0131z k\u00fcresel krizi t\u00fcm yans\u0131malar\u0131yla g\u00fcndeme ta\u015f\u0131yor. Krizin T\u00fcrkiye\u2019yi nas\u0131l etkileyece\u011fini ve bir daha k\u00fcresel kriz ya\u015fanmamas\u0131 i\u00e7in neler yap\u0131lmas\u0131gerekti\u011fini, ayr\u0131ca b\u00f6yle bir krizde ki\u015filerin ve i\u015fletmelerin almas\u0131 gereken \u00f6nlemlerin neler oldu\u011funu a\u00e7\u0131kl\u0131yor.\u201c\u015eu an ya\u015fad\u0131\u011f\u0131m\u0131z kriz, bizi felaketlere s\u00fcr\u00fckleyen ekonomik modelin ve serbest piyasa ekonomisinin her zaman en do\u011frusu oldu\u011fu y\u00f6n\u00fcndeki g\u00f6r\u00fc\u015f\u00fcn de sonudur.\u201d- Joseph Stiglitz (Nobel \u00f6d\u00fcll\u00fc Amerikal\u0131 iktisat\u00e7\u0131)\u201cKarl Marx hakl\u0131ym\u0131\u015f. Kapitalist sistem insanl\u0131\u011f\u0131 bu hale getirdi.\u201d- Anglikan Kilisesi <\/p>\n","protected":false},"excerpt":{"rendered":"<p>K\u00fcresel krizi anlamak ve T\u00fcrkiye ekonomisini yorumlamak i\u00e7in bu kitab\u0131 okuyun!Dr. Mahfi E\u011filmez, ya\u015fad\u0131\u011f\u0131m\u0131z k\u00fcresel krizi t\u00fcm yans\u0131malar\u0131yla g\u00fcndeme ta\u015f\u0131yor. Krizin T\u00fcrkiye\u2019yi nas\u0131l etkileyece\u011fini ve bir<span class=\"excerpt-hellip\"> [\u2026]<\/span><\/p>\n","protected":false},"featured_media":0,"template":"","meta":{"_monsterinsights_skip_tracking":false,"_monsterinsights_sitenote_active":false,"_monsterinsights_sitenote_note":"","_monsterinsights_sitenote_category":0},"product_brand":[],"product_cat":[13044,13043],"product_tag":[],"class_list":{"0":"post-692721","1":"product","2":"type-product","3":"status-publish","5":"product_cat-dunya-ekonomisi","6":"product_cat-ekonomi","7":"pa_cilt-ciltsiz","8":"pa_tur-kitap","9":"pa_yayinevi-remzi-kitabevi","10":"pa_yazar-mahfi-egilmez","12":"first","13":"instock","14":"sale","15":"shipping-taxable","16":"purchasable","17":"product-type-simple"},"_links":{"self":[{"href":"https:\/\/roveyayinevi.com.tr\/index.php\/wp-json\/wp\/v2\/product\/692721","targetHints":{"allow":["GET"]}}],"collection":[{"href":"https:\/\/roveyayinevi.com.tr\/index.php\/wp-json\/wp\/v2\/product"}],"about":[{"href":"https:\/\/roveyayinevi.com.tr\/index.php\/wp-json\/wp\/v2\/types\/product"}],"wp:attachment":[{"href":"https:\/\/roveyayinevi.com.tr\/index.php\/wp-json\/wp\/v2\/media?parent=692721"}],"wp:term":[{"taxonomy":"product_brand","embeddable":true,"href":"https:\/\/roveyayinevi.com.tr\/index.php\/wp-json\/wp\/v2\/product_brand?post=692721"},{"taxonomy":"product_cat","embeddable":true,"href":"https:\/\/roveyayinevi.com.tr\/index.php\/wp-json\/wp\/v2\/product_cat?post=692721"},{"taxonomy":"product_tag","embeddable":true,"href":"https:\/\/roveyayinevi.com.tr\/index.php\/wp-json\/wp\/v2\/product_tag?post=692721"}],"curies":[{"name":"wp","href":"https:\/\/api.w.org\/{rel}","templated":true}]}}