{"id":692720,"date":"2025-08-27T14:08:53","date_gmt":"2025-08-27T11:08:53","guid":{"rendered":"https:\/\/roveyayinevi.com.tr\/index.php\/urun\/insan-ve-davranisi\/"},"modified":"2026-04-16T02:02:38","modified_gmt":"2026-04-15T23:02:38","slug":"insan-ve-davranisi","status":"publish","type":"product","link":"https:\/\/roveyayinevi.com.tr\/index.php\/urun\/insan-ve-davranisi\/","title":{"rendered":"\u0130nsan ve Davran\u0131\u015f\u0131"},"content":{"rendered":"<p>\u0130lk yay\u0131m\u0131ndan bu yana otuz y\u0131l ge\u00e7mi\u015f olan kitab\u0131n g\u00f6zden ge\u00e7irilmi\u015f ve geli\u015ftirilmi\u015f bu bas\u0131m\u0131na psikolojinin de\u011fi\u015fik alanlar\u0131ndaki yeni geli\u015fmeler eklendi.T\u00fcrkiye\u2019de psikoloji alan\u0131nda b\u00fcy\u00fck bir bo\u015flu\u011fu dolduran ve \u00f6\u011frenciler i\u00e7in vazge\u00e7ilmez bir kaynak olan \u0130nsan ve Davran\u0131\u015f\u0131, her \u00e7a\u011fda\u015f insan\u0131n bilmesi gereken modern psikolojinin temel kavramlar\u0131n\u0131 ilk kez se\u00e7kin bilim adamlar\u0131n\u0131n katk\u0131lar\u0131yla ve T\u00fcrk toplum yap\u0131s\u0131n\u0131n \u00f6zellikleriyle kayna\u015ft\u0131rarak sunuyor. \u201c\u0130nsan\u0131 anlarsak bireyin ve toplumun daha sa\u011fl\u0131kl\u0131 ve anlaml\u0131 bir ya\u015fam olu\u015fturmas\u0131nda yard\u0131mc\u0131 olabiliriz.\u201d<\/p>\n","protected":false},"excerpt":{"rendered":"<p>\u0130lk yay\u0131m\u0131ndan bu yana otuz y\u0131l ge\u00e7mi\u015f olan kitab\u0131n g\u00f6zden ge\u00e7irilmi\u015f ve geli\u015ftirilmi\u015f bu bas\u0131m\u0131na psikolojinin de\u011fi\u015fik alanlar\u0131ndaki yeni geli\u015fmeler eklendi.T\u00fcrkiye\u2019de psikoloji alan\u0131nda b\u00fcy\u00fck bir bo\u015flu\u011fu<span class=\"excerpt-hellip\"> [\u2026]<\/span><\/p>\n","protected":false},"featured_media":0,"template":"","meta":{"_monsterinsights_skip_tracking":false,"_monsterinsights_sitenote_active":false,"_monsterinsights_sitenote_note":"","_monsterinsights_sitenote_category":0},"product_brand":[],"product_cat":[12573,12566],"product_tag":[],"class_list":{"0":"post-692720","1":"product","2":"type-product","3":"status-publish","5":"product_cat-akademik-kitaplar","6":"product_cat-egitim","7":"pa_cilt-ciltsiz","8":"pa_tur-kitap","9":"pa_yayinevi-remzi-kitabevi","10":"pa_yazar-dogan-cuceloglu","12":"first","13":"instock","14":"sale","15":"shipping-taxable","16":"purchasable","17":"product-type-simple"},"_links":{"self":[{"href":"https:\/\/roveyayinevi.com.tr\/index.php\/wp-json\/wp\/v2\/product\/692720","targetHints":{"allow":["GET"]}}],"collection":[{"href":"https:\/\/roveyayinevi.com.tr\/index.php\/wp-json\/wp\/v2\/product"}],"about":[{"href":"https:\/\/roveyayinevi.com.tr\/index.php\/wp-json\/wp\/v2\/types\/product"}],"wp:attachment":[{"href":"https:\/\/roveyayinevi.com.tr\/index.php\/wp-json\/wp\/v2\/media?parent=692720"}],"wp:term":[{"taxonomy":"product_brand","embeddable":true,"href":"https:\/\/roveyayinevi.com.tr\/index.php\/wp-json\/wp\/v2\/product_brand?post=692720"},{"taxonomy":"product_cat","embeddable":true,"href":"https:\/\/roveyayinevi.com.tr\/index.php\/wp-json\/wp\/v2\/product_cat?post=692720"},{"taxonomy":"product_tag","embeddable":true,"href":"https:\/\/roveyayinevi.com.tr\/index.php\/wp-json\/wp\/v2\/product_tag?post=692720"}],"curies":[{"name":"wp","href":"https:\/\/api.w.org\/{rel}","templated":true}]}}