{"id":692717,"date":"2025-08-27T14:08:53","date_gmt":"2025-08-27T11:08:53","guid":{"rendered":"https:\/\/roveyayinevi.com.tr\/index.php\/urun\/icimizdeki-biz\/"},"modified":"2026-04-08T02:03:35","modified_gmt":"2026-04-07T23:03:35","slug":"icimizdeki-biz","status":"publish","type":"product","link":"https:\/\/roveyayinevi.com.tr\/index.php\/urun\/icimizdeki-biz\/","title":{"rendered":"\u0130\u00e7imizdeki Biz"},"content":{"rendered":"<p>\u0130\u00e7imizdeki Biz, ya\u015fam\u0131m\u0131zdaki dayan\u0131\u015fma ger\u00e7e\u011finin temelidir. Bu ger\u00e7e\u011fi ya\u015fayan insanlar birbirlerine g\u00fcvenduyarlar. Alie ya\u015fam\u0131, kom\u015fuluk ili\u015fileri, ekonomik ve politik ya\u015fam bu g\u00fcven \u00fcst\u00fcne kurulur. B\u00f6yle bir toplumda trafik \u0131\u015f\u0131\u011f\u0131nda motoru stop eden araban\u0131n s\u00fcr\u00fcc\u00fcs\u00fcne yard\u0131m eli uzan\u0131r; \u00e7ocuklar\u0131n ve topra\u011f\u0131n gelece\u011fine sahip \u00e7\u0131k\u0131l\u0131r. Evlerin i\u00e7i kadar sokaklar\u0131n ve kentlerin temizli\u011fine de \u00f6nem verilir.Dayan\u0131\u015fma bilincinin olmad\u0131\u011f\u0131 yerde, Sen-ben Anlay\u0131\u015f\u0131 hakimdir. Evrendeki da\u015fan\u0131\u015fma ger\u00e7e\u011finin fark edilmesi Biz Bilinci&#8217;nin temelini olu\u015fturur.Bu kitap, Sen-Ben Anlay\u0131\u015f\u0131 \u00fczerine kurulmu\u015f aile ve i\u015f ya\u015fam\u0131n\u0131n sorunlar\u0131n\u0131 irdelemekte ve \u00e7\u00f6z\u00fcm\u00fcn Biz bilinci&#8217;nde yatt\u0131\u011f\u0131n\u0131 g\u00f6stermektedir.<\/p>\n","protected":false},"excerpt":{"rendered":"<p>\u0130\u00e7imizdeki Biz, ya\u015fam\u0131m\u0131zdaki dayan\u0131\u015fma ger\u00e7e\u011finin temelidir. Bu ger\u00e7e\u011fi ya\u015fayan insanlar birbirlerine g\u00fcvenduyarlar. Alie ya\u015fam\u0131, kom\u015fuluk ili\u015fileri, ekonomik ve politik ya\u015fam bu g\u00fcven \u00fcst\u00fcne kurulur. B\u00f6yle bir<span class=\"excerpt-hellip\"> [\u2026]<\/span><\/p>\n","protected":false},"featured_media":0,"template":"","meta":{"_monsterinsights_skip_tracking":false,"_monsterinsights_sitenote_active":false,"_monsterinsights_sitenote_note":"","_monsterinsights_sitenote_category":0},"product_brand":[],"product_cat":[12364,12376],"product_tag":[],"class_list":{"0":"post-692717","1":"product","2":"type-product","3":"status-publish","5":"product_cat-genel-konular","6":"product_cat-kisisel-gelisim","7":"pa_cilt-ciltsiz","8":"pa_tur-kitap","9":"pa_yayinevi-remzi-kitabevi","10":"pa_yazar-dogan-cuceloglu","12":"first","13":"instock","14":"sale","15":"shipping-taxable","16":"purchasable","17":"product-type-simple"},"_links":{"self":[{"href":"https:\/\/roveyayinevi.com.tr\/index.php\/wp-json\/wp\/v2\/product\/692717","targetHints":{"allow":["GET"]}}],"collection":[{"href":"https:\/\/roveyayinevi.com.tr\/index.php\/wp-json\/wp\/v2\/product"}],"about":[{"href":"https:\/\/roveyayinevi.com.tr\/index.php\/wp-json\/wp\/v2\/types\/product"}],"wp:attachment":[{"href":"https:\/\/roveyayinevi.com.tr\/index.php\/wp-json\/wp\/v2\/media?parent=692717"}],"wp:term":[{"taxonomy":"product_brand","embeddable":true,"href":"https:\/\/roveyayinevi.com.tr\/index.php\/wp-json\/wp\/v2\/product_brand?post=692717"},{"taxonomy":"product_cat","embeddable":true,"href":"https:\/\/roveyayinevi.com.tr\/index.php\/wp-json\/wp\/v2\/product_cat?post=692717"},{"taxonomy":"product_tag","embeddable":true,"href":"https:\/\/roveyayinevi.com.tr\/index.php\/wp-json\/wp\/v2\/product_tag?post=692717"}],"curies":[{"name":"wp","href":"https:\/\/api.w.org\/{rel}","templated":true}]}}