{"id":692713,"date":"2025-08-27T14:08:52","date_gmt":"2025-08-27T11:08:52","guid":{"rendered":"https:\/\/roveyayinevi.com.tr\/index.php\/urun\/sosyalizm-marksizm-komunizm\/"},"modified":"2026-04-16T02:02:38","modified_gmt":"2026-04-15T23:02:38","slug":"sosyalizm-marksizm-komunizm","status":"publish","type":"product","link":"https:\/\/roveyayinevi.com.tr\/index.php\/urun\/sosyalizm-marksizm-komunizm\/","title":{"rendered":"Sosyalizm Marksizm Kom\u00fcnizm"},"content":{"rendered":"<p>Peyami, yazmaya devam etti\u011fi m\u00fcddet\u00e7e sosyalist e\u011filim ve fikirlerin en g\u00fc\u00e7l\u00fc m\u00fcnekkidi olmu\u015ftur. Marksist teori, kom\u00fcnizmin genel yap\u0131s\u0131 ve \u00fclkemizdeki kom\u00fcnistler hakk\u0131nda isabetli tespit ve g\u00fc\u00e7l\u00fc tahlillerin olu\u015fturdu\u011fu bir hale&#8230;<\/p>\n","protected":false},"excerpt":{"rendered":"<p>Peyami, yazmaya devam etti\u011fi m\u00fcddet\u00e7e sosyalist e\u011filim ve fikirlerin en g\u00fc\u00e7l\u00fc m\u00fcnekkidi olmu\u015ftur. Marksist teori, kom\u00fcnizmin genel yap\u0131s\u0131 ve \u00fclkemizdeki kom\u00fcnistler hakk\u0131nda isabetli tespit ve g\u00fc\u00e7l\u00fc<span class=\"excerpt-hellip\"> [\u2026]<\/span><\/p>\n","protected":false},"featured_media":0,"template":"","meta":{"_monsterinsights_skip_tracking":false,"_monsterinsights_sitenote_active":false,"_monsterinsights_sitenote_note":"","_monsterinsights_sitenote_category":0},"product_brand":[],"product_cat":[16098,12337],"product_tag":[],"class_list":{"0":"post-692713","1":"product","2":"type-product","3":"status-publish","5":"product_cat-politik-akimlar-hareketler","6":"product_cat-politika-siyaset","7":"pa_cilt-ciltsiz","8":"pa_tur-kitap","9":"pa_yayinevi-otuken-nesriyat","10":"pa_yazar-peyami-safa","12":"first","13":"instock","14":"sale","15":"shipping-taxable","16":"purchasable","17":"product-type-simple"},"_links":{"self":[{"href":"https:\/\/roveyayinevi.com.tr\/index.php\/wp-json\/wp\/v2\/product\/692713","targetHints":{"allow":["GET"]}}],"collection":[{"href":"https:\/\/roveyayinevi.com.tr\/index.php\/wp-json\/wp\/v2\/product"}],"about":[{"href":"https:\/\/roveyayinevi.com.tr\/index.php\/wp-json\/wp\/v2\/types\/product"}],"wp:attachment":[{"href":"https:\/\/roveyayinevi.com.tr\/index.php\/wp-json\/wp\/v2\/media?parent=692713"}],"wp:term":[{"taxonomy":"product_brand","embeddable":true,"href":"https:\/\/roveyayinevi.com.tr\/index.php\/wp-json\/wp\/v2\/product_brand?post=692713"},{"taxonomy":"product_cat","embeddable":true,"href":"https:\/\/roveyayinevi.com.tr\/index.php\/wp-json\/wp\/v2\/product_cat?post=692713"},{"taxonomy":"product_tag","embeddable":true,"href":"https:\/\/roveyayinevi.com.tr\/index.php\/wp-json\/wp\/v2\/product_tag?post=692713"}],"curies":[{"name":"wp","href":"https:\/\/api.w.org\/{rel}","templated":true}]}}