{"id":692711,"date":"2025-08-27T14:08:52","date_gmt":"2025-08-27T11:08:52","guid":{"rendered":"https:\/\/roveyayinevi.com.tr\/index.php\/urun\/sari-gelin\/"},"modified":"2026-04-16T02:02:38","modified_gmt":"2026-04-15T23:02:38","slug":"sari-gelin","status":"publish","type":"product","link":"https:\/\/roveyayinevi.com.tr\/index.php\/urun\/sari-gelin\/","title":{"rendered":"Sar\u0131 Gelin"},"content":{"rendered":"<p>T\u00fcrk okuyucusu taraf\u0131ndan art\u0131k T\u00fcrkiyeli bir yazar kadar tan\u0131nan El\u00e7in (El\u00e7in \u0130lyas o\u011flu Efendiyev, do\u011fumu 1943, Bak\u00fc)\u2019in \u015eu\u015fa Da\u011flar\u0131n\u0131 Duman B\u00fcr\u00fcd\u00fc isimli hik\u00e2ye kitab\u0131 1993\u2019te yay\u0131nevimiz taraf\u0131ndan yay\u0131mlanm\u0131\u015f, ad\u0131 ge\u00e7en kitapta 14 hik\u00e2ye yer alm\u0131\u015ft\u0131. \u015eimdi ise ayn\u0131 yazar\u0131n Sar\u0131 Gelin ad\u0131ndaki hik\u00e2ye kitab\u0131n\u0131 yay\u0131ml\u0131yoruz. Bu kitapta 10 hik\u00e2ye yer almaktad\u0131r. El\u00e7in\u2019in bu kitapta yer alan eserlerini olgunluk d\u00f6nemine ait eserler olarak kabul etmek yanl\u0131\u015f olmayacakt\u0131r. Bu bak\u0131mdan okuyucular\u0131m\u0131z\u0131n bahis konusu hik\u00e2yeleri zevkle ve ibretle okuyaca\u011f\u0131na inan\u0131yoruz. Eserin ayn\u0131 zamanda T\u00fcrk edebiyat\u0131 i\u00e7in bir katk\u0131 olaca\u011f\u0131 da \u015f\u00fcphesizdir. <\/p>\n","protected":false},"excerpt":{"rendered":"<p>T\u00fcrk okuyucusu taraf\u0131ndan art\u0131k T\u00fcrkiyeli bir yazar kadar tan\u0131nan El\u00e7in (El\u00e7in \u0130lyas o\u011flu Efendiyev, do\u011fumu 1943, Bak\u00fc)\u2019in \u015eu\u015fa Da\u011flar\u0131n\u0131 Duman B\u00fcr\u00fcd\u00fc isimli hik\u00e2ye kitab\u0131 1993\u2019te yay\u0131nevimiz<span class=\"excerpt-hellip\"> [\u2026]<\/span><\/p>\n","protected":false},"featured_media":0,"template":"","meta":{"_monsterinsights_skip_tracking":false,"_monsterinsights_sitenote_active":false,"_monsterinsights_sitenote_note":"","_monsterinsights_sitenote_category":0},"product_brand":[],"product_cat":[12291,13570],"product_tag":[],"class_list":{"0":"post-692711","1":"product","2":"type-product","3":"status-publish","5":"product_cat-edebiyat","6":"product_cat-rus-edebiyati","7":"pa_cilt-ciltsiz","8":"pa_tur-kitap","9":"pa_yayinevi-otuken-nesriyat","10":"pa_yazar-elcin-efendiyef","12":"first","13":"instock","14":"sale","15":"shipping-taxable","16":"purchasable","17":"product-type-simple"},"_links":{"self":[{"href":"https:\/\/roveyayinevi.com.tr\/index.php\/wp-json\/wp\/v2\/product\/692711","targetHints":{"allow":["GET"]}}],"collection":[{"href":"https:\/\/roveyayinevi.com.tr\/index.php\/wp-json\/wp\/v2\/product"}],"about":[{"href":"https:\/\/roveyayinevi.com.tr\/index.php\/wp-json\/wp\/v2\/types\/product"}],"wp:attachment":[{"href":"https:\/\/roveyayinevi.com.tr\/index.php\/wp-json\/wp\/v2\/media?parent=692711"}],"wp:term":[{"taxonomy":"product_brand","embeddable":true,"href":"https:\/\/roveyayinevi.com.tr\/index.php\/wp-json\/wp\/v2\/product_brand?post=692711"},{"taxonomy":"product_cat","embeddable":true,"href":"https:\/\/roveyayinevi.com.tr\/index.php\/wp-json\/wp\/v2\/product_cat?post=692711"},{"taxonomy":"product_tag","embeddable":true,"href":"https:\/\/roveyayinevi.com.tr\/index.php\/wp-json\/wp\/v2\/product_tag?post=692711"}],"curies":[{"name":"wp","href":"https:\/\/api.w.org\/{rel}","templated":true}]}}