{"id":692709,"date":"2025-08-27T14:08:51","date_gmt":"2025-08-27T11:08:51","guid":{"rendered":"https:\/\/roveyayinevi.com.tr\/index.php\/urun\/turk-islam-sentezi\/"},"modified":"2026-04-03T02:06:23","modified_gmt":"2026-04-02T23:06:23","slug":"turk-islam-sentezi","status":"publish","type":"product","link":"https:\/\/roveyayinevi.com.tr\/index.php\/urun\/turk-islam-sentezi\/","title":{"rendered":"T\u00fcrk \u0130slam Sentezi"},"content":{"rendered":"<p>Devlet kuruculuk ve te\u015fkilat\u00e7\u0131l\u0131kta kabiliyetli, bu itibarla da toleransl\u0131, nizamperver, f\u00fct\u00fchata yatk\u0131n fakat s\u00f6m\u00fcr\u00fcc\u00fc de\u011fil, hakikatlere a\u00e7\u0131k, ger\u00e7ek\u00e7i bir millet olarak tan\u0131nan T\u00fcrklerin bu \u00f6zellikleri d\u00fc\u015f\u00fcnce sistemlerinde temelenmektedir. T\u00fcrk ne her\u015feyi, insana sa\u011flad\u0131\u011f\u0131 fayda derecesinde de\u011ferlendiren maddeci eski Grek gibi, ne de kainat\u0131 me\u00e7huller alemi say\u0131p \u00e7izemedi\u011fi hadiseleri hemen mucize ye ba\u011flayan Sami-\u0130ranl\u0131-Hindi gibi d\u00fc\u015f\u00fcnmektedir. T\u00fcrk\u2019\u00fcn mevcut d\u00fc\u015f\u00fcnce tarzlar\u0131 aras\u0131ndaki yeri, m\u00fctedil \u00f6l\u00e7\u00fcde ak\u0131lc\u0131-maneviyat\u00e7\u0131 olmakt\u0131r. Bu hususiyet islam felsefesi tefekk\u00fcr\u00fcnde m\u00fchim rol oynam\u0131\u015f, dolay\u0131siyle T\u00fcrk k\u00fclt\u00fcr \u00e7evresine mensup \u015fahsiyetler m\u00fcsbet d\u00fc\u015f\u00fcnce ve ilim sahas\u0131nda b\u00fcy\u00fck hizmetler ifa etmi\u015flerdir. Bu ortamda, iradeyi \u00f6n safa alan, ilahi emirleri ak\u0131l ve deliller \u0131\u015f\u0131\u011f\u0131nda kavrayan \u0130slami d\u00fc\u015f\u00fcnce tarz\u0131n\u0131n geli\u015fmesi, zaman ve mekan \u015fartlar\u0131n\u0131 g\u00f6zeten bir hukuk nizam\u0131, eski Bozk\u0131r T\u00fcrk siyasi te\u015fekk\u00fcllerinde g\u00f6r\u00fclen devlet anlay\u0131\u015f\u0131, vicdan h\u00fcrriyeti ve askeri geleneklerin \u0130slam\u2019la terkibi, siyasetten ilme, sanata kadar hayat\u0131n her safhas\u0131nda T\u00fcrk \u00fcsluplu bir \u0130slam anlay\u0131\u015f\u0131n ve uygulamas\u0131n\u0131 meydana getirmi\u015ftir. Elinizdeki kitap, bu sentezin tarihi s\u00fcrecini \u00f6zetlemektedir. \ufffcTan\u0131t\u0131m Metni<\/p>\n","protected":false},"excerpt":{"rendered":"<p>Devlet kuruculuk ve te\u015fkilat\u00e7\u0131l\u0131kta kabiliyetli, bu itibarla da toleransl\u0131, nizamperver, f\u00fct\u00fchata yatk\u0131n fakat s\u00f6m\u00fcr\u00fcc\u00fc de\u011fil, hakikatlere a\u00e7\u0131k, ger\u00e7ek\u00e7i bir millet olarak tan\u0131nan T\u00fcrklerin bu \u00f6zellikleri d\u00fc\u015f\u00fcnce<span class=\"excerpt-hellip\"> [\u2026]<\/span><\/p>\n","protected":false},"featured_media":0,"template":"","meta":{"_monsterinsights_skip_tracking":false,"_monsterinsights_sitenote_active":false,"_monsterinsights_sitenote_note":"","_monsterinsights_sitenote_category":0},"product_brand":[],"product_cat":[12567,12566],"product_tag":[],"class_list":{"0":"post-692709","1":"product","2":"type-product","3":"status-publish","5":"product_cat-diger-egitim","6":"product_cat-egitim","7":"pa_cilt-ciltsiz","8":"pa_tur-kitap","9":"pa_yayinevi-otuken-nesriyat","10":"pa_yazar-ibrahim-kafesoglu","12":"first","13":"instock","14":"sale","15":"shipping-taxable","16":"purchasable","17":"product-type-simple"},"_links":{"self":[{"href":"https:\/\/roveyayinevi.com.tr\/index.php\/wp-json\/wp\/v2\/product\/692709","targetHints":{"allow":["GET"]}}],"collection":[{"href":"https:\/\/roveyayinevi.com.tr\/index.php\/wp-json\/wp\/v2\/product"}],"about":[{"href":"https:\/\/roveyayinevi.com.tr\/index.php\/wp-json\/wp\/v2\/types\/product"}],"wp:attachment":[{"href":"https:\/\/roveyayinevi.com.tr\/index.php\/wp-json\/wp\/v2\/media?parent=692709"}],"wp:term":[{"taxonomy":"product_brand","embeddable":true,"href":"https:\/\/roveyayinevi.com.tr\/index.php\/wp-json\/wp\/v2\/product_brand?post=692709"},{"taxonomy":"product_cat","embeddable":true,"href":"https:\/\/roveyayinevi.com.tr\/index.php\/wp-json\/wp\/v2\/product_cat?post=692709"},{"taxonomy":"product_tag","embeddable":true,"href":"https:\/\/roveyayinevi.com.tr\/index.php\/wp-json\/wp\/v2\/product_tag?post=692709"}],"curies":[{"name":"wp","href":"https:\/\/api.w.org\/{rel}","templated":true}]}}