{"id":692701,"date":"2025-08-27T14:08:49","date_gmt":"2025-08-27T11:08:49","guid":{"rendered":"https:\/\/roveyayinevi.com.tr\/index.php\/urun\/turk-mitolojik-sistemi-1\/"},"modified":"2026-04-16T02:02:38","modified_gmt":"2026-04-15T23:02:38","slug":"turk-mitolojik-sistemi-1","status":"publish","type":"product","link":"https:\/\/roveyayinevi.com.tr\/index.php\/urun\/turk-mitolojik-sistemi-1\/","title":{"rendered":"T\u00fcrk Mitolojik Sistemi 1"},"content":{"rendered":"<p>Mitoloji ya\u015fan\u0131lan bir ge\u00e7mi\u015fin dilde, rit\u00fcelde ve tasvirlerde (ma\u011fara, kaya \u00fcst\u00fc, duvar resimleri, a\u011fa\u00e7 oymas\u0131, minyat\u00fcr, heykelcikler vs.) ger\u00e7ekle\u015fen diyalekti\u011fidir. Her toplumun mill\u00ee tefekk\u00fcr\u00fcn\u00fcn, mill\u00ee psikolojisinin, kendine has \u00f6zelliklerinin ilk ve esasl\u0131 kayna\u011f\u0131 mitolojidir. Mitolojinin \u00f6\u011frenilmesi k\u00fclt\u00fcr\u00fcm\u00fcz\u00fc, ideolojimizi \u00f6\u011frenmek demektir. Ba\u015flang\u0131\u00e7 i\u00e7in T\u00fcrk mitolojisinin bildiri, makale, kitap halinde ara\u015ft\u0131r\u0131lmas\u0131 do\u011fal say\u0131lsa da 21. yy. k\u00fcreselle\u015fen d\u00fcnyas\u0131nda mill\u00ee kimli\u011fimizi korumak ve ba\u015fkalar\u0131na da kabul ettirmek i\u00e7in sistemli bir mitolojik ara\u015ft\u0131rmaya ihtiya\u00e7 vard\u0131r. Bu ihtiya\u00e7 ilmin bug\u00fcnk\u00fc metodolojisi ve metodu ile ortaya konuldu\u011fu takdirde b\u00fcy\u00fck T\u00fcrk d\u00fcnyas\u0131 k\u00fcreselle\u015fen d\u00fcnyada lay\u0131k oldu\u011fu yeri alacakt\u0131r. Unutmamak gerekir ki Avrupal\u0131lar, Ari Modeli, Avrupa \u0131rk\u00e7\u0131l\u0131\u011f\u0131 ve Avrupa uygarl\u0131\u011f\u0131 gibi kavramlar\u0131 Yunan mitlerine ba\u011flamakta, k\u00fclt\u00fcr ve uygarl\u0131klar\u0131n\u0131 Yunanl\u0131lara bor\u00e7lu olarak g\u00f6rmektedirler. T\u00fcrk milleti olarak ge\u00e7 de olsa b\u00fct\u00fcn k\u00fclt\u00fcr miras\u0131m\u0131z\u0131n temelinde mitolojimizin bulundu\u011funu bilmek ve anlamak zorunday\u0131z. Bug\u00fcn mitler kutsiyetini yitirmi\u015f, g\u00fcvenilir bir anlat\u0131 olmaktan \u00e7\u0131km\u0131\u015f, ecdad\u0131m\u0131z\u0131n kutsal olarak g\u00f6rd\u00fckleri ma\u011faralar, gezi ve oyun yerlerine \u00e7evrilmi\u015f; tek kelimeyle mit d\u00fcnyas\u0131, yerini pozitivist d\u00fc\u015f\u00fcnen bir topluma b\u0131rakm\u0131\u015ft\u0131r. Her ne kadar manzara olumsuz g\u00f6r\u00fcnse de her zaman yaz\u0131l\u0131 ve s\u00f6zl\u00fc edebiyat\u0131m\u0131z mitlerden b\u00fcy\u00fck \u00f6l\u00e7\u00fcde yararlanm\u0131\u015f, mitolojik d\u00fc\u015f\u00fcnce bazen belirleyici, bazen de tamamlay\u0131c\u0131 olmu\u015ftur. Mitler, \u00e7a\u011fda\u015f edebiyat\u0131m\u0131zda da ilham kayna\u011f\u0131 olmaya devam etmektedir. T\u00fcrk milletinin var oldu\u011fu her yerde mevcut olan mitlerimiz, bizleri gelece\u011fe ta\u015f\u0131yacak, geleneklerimizi ve geleneksel inan\u00e7 \u00f6be\u011fimizi de\u011ferler paradigmas\u0131nda ya\u015fatacak manev\u00ee ve k\u00fclt\u00fcrel varl\u0131\u011f\u0131m\u0131zd\u0131r. Bu varl\u0131\u011f\u0131n \u00f6\u011frenilmesi ve \u00f6\u011fretilmesi manev\u00ee bir bor\u00e7tur. \ufffcTan\u0131t\u0131m Metni<\/p>\n","protected":false},"excerpt":{"rendered":"<p>Mitoloji ya\u015fan\u0131lan bir ge\u00e7mi\u015fin dilde, rit\u00fcelde ve tasvirlerde (ma\u011fara, kaya \u00fcst\u00fc, duvar resimleri, a\u011fa\u00e7 oymas\u0131, minyat\u00fcr, heykelcikler vs.) ger\u00e7ekle\u015fen diyalekti\u011fidir. Her toplumun mill\u00ee tefekk\u00fcr\u00fcn\u00fcn, mill\u00ee psikolojisinin,<span class=\"excerpt-hellip\"> [\u2026]<\/span><\/p>\n","protected":false},"featured_media":0,"template":"","meta":{"_monsterinsights_skip_tracking":false,"_monsterinsights_sitenote_active":false,"_monsterinsights_sitenote_note":"","_monsterinsights_sitenote_category":0},"product_brand":[],"product_cat":[12718,12858],"product_tag":[],"class_list":{"0":"post-692701","1":"product","2":"type-product","3":"status-publish","5":"product_cat-din","6":"product_cat-mitolojiler","7":"pa_cilt-ciltsiz","8":"pa_tur-kitap","9":"pa_yayinevi-otuken-nesriyat","10":"pa_yazar-fuzuli-bayat","12":"first","13":"instock","14":"sale","15":"shipping-taxable","16":"purchasable","17":"product-type-simple"},"_links":{"self":[{"href":"https:\/\/roveyayinevi.com.tr\/index.php\/wp-json\/wp\/v2\/product\/692701","targetHints":{"allow":["GET"]}}],"collection":[{"href":"https:\/\/roveyayinevi.com.tr\/index.php\/wp-json\/wp\/v2\/product"}],"about":[{"href":"https:\/\/roveyayinevi.com.tr\/index.php\/wp-json\/wp\/v2\/types\/product"}],"wp:attachment":[{"href":"https:\/\/roveyayinevi.com.tr\/index.php\/wp-json\/wp\/v2\/media?parent=692701"}],"wp:term":[{"taxonomy":"product_brand","embeddable":true,"href":"https:\/\/roveyayinevi.com.tr\/index.php\/wp-json\/wp\/v2\/product_brand?post=692701"},{"taxonomy":"product_cat","embeddable":true,"href":"https:\/\/roveyayinevi.com.tr\/index.php\/wp-json\/wp\/v2\/product_cat?post=692701"},{"taxonomy":"product_tag","embeddable":true,"href":"https:\/\/roveyayinevi.com.tr\/index.php\/wp-json\/wp\/v2\/product_tag?post=692701"}],"curies":[{"name":"wp","href":"https:\/\/api.w.org\/{rel}","templated":true}]}}