{"id":692700,"date":"2025-08-27T14:08:49","date_gmt":"2025-08-27T11:08:49","guid":{"rendered":"https:\/\/roveyayinevi.com.tr\/index.php\/urun\/turk-kulturunde-kadin-saman\/"},"modified":"2026-04-16T02:02:38","modified_gmt":"2026-04-15T23:02:38","slug":"turk-kulturunde-kadin-saman","status":"publish","type":"product","link":"https:\/\/roveyayinevi.com.tr\/index.php\/urun\/turk-kulturunde-kadin-saman\/","title":{"rendered":"T\u00fcrk K\u00fclt\u00fcr\u00fcnde Kad\u0131n \u015eaman"},"content":{"rendered":"<p>Kad\u0131n \u015faman konusu Bat\u0131 ve Amerika k\u0131tas\u0131 ara\u015ft\u0131rmac\u0131lar\u0131n\u0131n da yaz\u0131lar\u0131na konu olmu\u015ftur. Ne yaz\u0131k ki konu b\u00fcy\u00fcc\u00fc, sihirbaz, s\u00f6zde \u015fifac\u0131, tinselci, rahip kad\u0131nlar\u0131 da kapsad\u0131\u011f\u0131ndan, fazla olarak art\u0131k geni\u015fletilmi\u015f, \u015eamanl\u0131k m\u00fcessesesi eski dinlerin i\u00e7inde aranm\u0131\u015f, \u00f6l\u00fc medeniyetlerden Mayalar\u0131n, Azteklerin k\u00fclt\u00fcrleri de bu ba\u011flamda ara\u015ft\u0131r\u0131lm\u0131\u015ft\u0131r. Bu kitapta canl\u0131 \u015famanl\u0131k kurumu ve canl\u0131 kad\u0131n \u015famanlar k\u0131smen de olsa toplumsal cinsiyet kuramlar\u0131 \u00e7er\u00e7evesinde ele al\u0131nd\u0131. Bat\u0131 bilim d\u00fcnyas\u0131n\u0131n kurgulad\u0131\u011f\u0131 geni\u015f eksenli kad\u0131n \u015faman (b\u00fcy\u00fcc\u00fc, falc\u0131, otac\u0131 vs.) problemine de\u011finilmedi. Kurgusal \u015famanl\u0131k de\u011fil, Sibirya T\u00fcrk k\u00fclt\u00fcr hayat\u0131n\u0131n y\u00f6nlendiricisi olan \u015eamanl\u0131k ve kad\u0131n \u015faman fenomeni \u00fczerinde duruldu. Kad\u0131n \u015famanl\u0131k deneyimi uluslar aras\u0131 arenada de\u011fil, T\u00fcrk k\u00fclt\u00fcr varl\u0131\u011f\u0131 ba\u011flam\u0131nda, yani somut verilere dayan\u0131larak incelendi. As\u0131l \u015eamanl\u0131kla ilgili \u00e7al\u0131\u015fmam\u0131z daha \u00f6nce Ana Hatlar\u0131yla T\u00fcrk \u015eamanl\u0131\u011f\u0131 adl\u0131 kitab\u0131m\u0131zda ele al\u0131nm\u0131\u015ft\u0131. Burada yer yer kar\u015f\u0131la\u015ft\u0131rmalara, Sibirya\u2019n\u0131n di\u011fer halklar\u0131n\u0131n canl\u0131 \u015famanl\u0131k tecr\u00fcbelerine de ba\u015fvuruldu. \ufffcTan\u0131t\u0131m Metni<\/p>\n","protected":false},"excerpt":{"rendered":"<p>Kad\u0131n \u015faman konusu Bat\u0131 ve Amerika k\u0131tas\u0131 ara\u015ft\u0131rmac\u0131lar\u0131n\u0131n da yaz\u0131lar\u0131na konu olmu\u015ftur. Ne yaz\u0131k ki konu b\u00fcy\u00fcc\u00fc, sihirbaz, s\u00f6zde \u015fifac\u0131, tinselci, rahip kad\u0131nlar\u0131 da kapsad\u0131\u011f\u0131ndan, fazla<span class=\"excerpt-hellip\"> [\u2026]<\/span><\/p>\n","protected":false},"featured_media":0,"template":"","meta":{"_monsterinsights_skip_tracking":false,"_monsterinsights_sitenote_active":false,"_monsterinsights_sitenote_note":"","_monsterinsights_sitenote_category":0},"product_brand":[],"product_cat":[12718,12858],"product_tag":[],"class_list":{"0":"post-692700","1":"product","2":"type-product","3":"status-publish","5":"product_cat-din","6":"product_cat-mitolojiler","7":"pa_cilt-ciltsiz","8":"pa_tur-kitap","9":"pa_yayinevi-otuken-nesriyat","10":"pa_yazar-fuzuli-bayat","12":"first","13":"instock","14":"sale","15":"shipping-taxable","16":"purchasable","17":"product-type-simple"},"_links":{"self":[{"href":"https:\/\/roveyayinevi.com.tr\/index.php\/wp-json\/wp\/v2\/product\/692700","targetHints":{"allow":["GET"]}}],"collection":[{"href":"https:\/\/roveyayinevi.com.tr\/index.php\/wp-json\/wp\/v2\/product"}],"about":[{"href":"https:\/\/roveyayinevi.com.tr\/index.php\/wp-json\/wp\/v2\/types\/product"}],"wp:attachment":[{"href":"https:\/\/roveyayinevi.com.tr\/index.php\/wp-json\/wp\/v2\/media?parent=692700"}],"wp:term":[{"taxonomy":"product_brand","embeddable":true,"href":"https:\/\/roveyayinevi.com.tr\/index.php\/wp-json\/wp\/v2\/product_brand?post=692700"},{"taxonomy":"product_cat","embeddable":true,"href":"https:\/\/roveyayinevi.com.tr\/index.php\/wp-json\/wp\/v2\/product_cat?post=692700"},{"taxonomy":"product_tag","embeddable":true,"href":"https:\/\/roveyayinevi.com.tr\/index.php\/wp-json\/wp\/v2\/product_tag?post=692700"}],"curies":[{"name":"wp","href":"https:\/\/api.w.org\/{rel}","templated":true}]}}