{"id":692699,"date":"2025-08-27T14:08:49","date_gmt":"2025-08-27T11:08:49","guid":{"rendered":"https:\/\/roveyayinevi.com.tr\/index.php\/urun\/turk-milli-kulturu\/"},"modified":"2026-04-16T02:02:38","modified_gmt":"2026-04-15T23:02:38","slug":"turk-milli-kulturu","status":"publish","type":"product","link":"https:\/\/roveyayinevi.com.tr\/index.php\/urun\/turk-milli-kulturu\/","title":{"rendered":"T\u00fcrk Milli K\u00fclt\u00fcr\u00fc"},"content":{"rendered":"<p>Yazar\u0131n k\u00fclt\u00fcr\u00fcm\u00fczle alakal\u0131 olarak erken bir d\u00f6nemde yazd\u0131\u011f\u0131 ve kendisinden sonra yap\u0131lan \u00e7al\u0131\u015fmalara yol g\u00f6steren eseridir.&#8221;Her millet madd\u00ee imk\u00e2nlar\u0131 ve manev\u00ee de\u011ferleri ile bir k\u00fclt\u00fcr b\u00fct\u00fcn\u00fcd\u00fcr. Bir millet ya\u015famakta ise, onun bir k\u00fclt\u00fcr\u00fc olacakt\u0131r. Biz de takriben 4000 y\u0131ll\u0131k tarihe sahip T\u00fcrk milletinin k\u00fclt\u00fcr\u00fcn\u00fc ara\u015ft\u0131rd\u0131k. Asya bozk\u0131rlar\u0131nda ger\u00e7ekle\u015ftirilen bu k\u00fclt\u00fcr\u00fc \u00e7e\u015fitli cepheleri ile belirtme\u011fe \u00e7al\u0131\u015ft\u0131k. K\u00fclt\u00fcr unsurlar\u0131n\u0131n da zaman\u0131n ve \u00e7evrenin \u015fartlar\u0131na uygun baz\u0131 de\u011fi\u015fiklikler g\u00f6sterdi\u011fi, fakat ana vas\u0131flar\u0131n\u0131 daima korudu\u011fu ger\u00e7e\u011finden hareket ederek yapt\u0131\u011f\u0131m\u0131z i\u015f, b\u00fct\u00fcn y\u00f6nleri ile T\u00fcrk milletince ortaya konup geli\u015ftirilmi\u015f k\u00fclt\u00fcr\u00fcn \u00e7at\u0131s\u0131n\u0131 kurmak ve onun y\u00fczy\u0131llarca karakterini muhafaza eden \u00f6zelliklerini tespit etmek gayretinden ibarettir.<\/p>\n","protected":false},"excerpt":{"rendered":"<p>Yazar\u0131n k\u00fclt\u00fcr\u00fcm\u00fczle alakal\u0131 olarak erken bir d\u00f6nemde yazd\u0131\u011f\u0131 ve kendisinden sonra yap\u0131lan \u00e7al\u0131\u015fmalara yol g\u00f6steren eseridir.&#8221;Her millet madd\u00ee imk\u00e2nlar\u0131 ve manev\u00ee de\u011ferleri ile bir k\u00fclt\u00fcr b\u00fct\u00fcn\u00fcd\u00fcr.<span class=\"excerpt-hellip\"> [\u2026]<\/span><\/p>\n","protected":false},"featured_media":0,"template":"","meta":{"_monsterinsights_skip_tracking":false,"_monsterinsights_sitenote_active":false,"_monsterinsights_sitenote_note":"","_monsterinsights_sitenote_category":0},"product_brand":[],"product_cat":[13517,12304],"product_tag":[],"class_list":{"0":"post-692699","1":"product","2":"type-product","3":"status-publish","5":"product_cat-osmanli-tarihi","6":"product_cat-tarih","7":"pa_cilt-ciltsiz","8":"pa_tur-kitap","9":"pa_yayinevi-otuken-nesriyat","10":"pa_yazar-ibrahim-kafesoglu","12":"first","13":"instock","14":"sale","15":"shipping-taxable","16":"purchasable","17":"product-type-simple"},"_links":{"self":[{"href":"https:\/\/roveyayinevi.com.tr\/index.php\/wp-json\/wp\/v2\/product\/692699","targetHints":{"allow":["GET"]}}],"collection":[{"href":"https:\/\/roveyayinevi.com.tr\/index.php\/wp-json\/wp\/v2\/product"}],"about":[{"href":"https:\/\/roveyayinevi.com.tr\/index.php\/wp-json\/wp\/v2\/types\/product"}],"wp:attachment":[{"href":"https:\/\/roveyayinevi.com.tr\/index.php\/wp-json\/wp\/v2\/media?parent=692699"}],"wp:term":[{"taxonomy":"product_brand","embeddable":true,"href":"https:\/\/roveyayinevi.com.tr\/index.php\/wp-json\/wp\/v2\/product_brand?post=692699"},{"taxonomy":"product_cat","embeddable":true,"href":"https:\/\/roveyayinevi.com.tr\/index.php\/wp-json\/wp\/v2\/product_cat?post=692699"},{"taxonomy":"product_tag","embeddable":true,"href":"https:\/\/roveyayinevi.com.tr\/index.php\/wp-json\/wp\/v2\/product_tag?post=692699"}],"curies":[{"name":"wp","href":"https:\/\/api.w.org\/{rel}","templated":true}]}}