{"id":692698,"date":"2025-08-27T14:08:49","date_gmt":"2025-08-27T11:08:49","guid":{"rendered":"https:\/\/roveyayinevi.com.tr\/index.php\/urun\/dort-kafadarlar-takimi-orumcek-buyucu\/"},"modified":"2026-04-16T02:02:38","modified_gmt":"2026-04-15T23:02:38","slug":"dort-kafadarlar-takimi-orumcek-buyucu","status":"publish","type":"product","link":"https:\/\/roveyayinevi.com.tr\/index.php\/urun\/dort-kafadarlar-takimi-orumcek-buyucu\/","title":{"rendered":"D\u00f6rt Kafadarlar Tak\u0131m\u0131 &#8211; \u00d6r\u00fcmcek B\u00fcy\u00fcc\u00fc"},"content":{"rendered":"<p>Sos! D\u00f6rt kafadarlar Tak\u0131m\u0131\u2019n\u0131n i\u00e7inde oldu\u011fu yat, Hint Okyanusu\u2019nun ortas\u0131nda kas\u0131rgaya yakalan\u0131r. D\u00f6rt arkada\u015f telsizle imdat \u00e7a\u011fr\u0131s\u0131nda bulunmak i\u00e7in \u00e7\u0131rp\u0131n\u0131rlarken teknenin motorlar ve telsizi bozulur. Kaybolduklar\u0131n\u0131 d\u00fc\u015f\u00fcnmeye ba\u015flad\u0131klar\u0131 anda gizemli bir gemi belirir. Bu, pek \u00e7ok insana u\u011fursuzluk getirmi\u015f olan \u00d6r\u00fcmcek B\u00fcy\u00fcc\u00fc\u2019n\u00fcn gemisidir&#8230; <\/p>\n","protected":false},"excerpt":{"rendered":"<p>Sos! D\u00f6rt kafadarlar Tak\u0131m\u0131\u2019n\u0131n i\u00e7inde oldu\u011fu yat, Hint Okyanusu\u2019nun ortas\u0131nda kas\u0131rgaya yakalan\u0131r. D\u00f6rt arkada\u015f telsizle imdat \u00e7a\u011fr\u0131s\u0131nda bulunmak i\u00e7in \u00e7\u0131rp\u0131n\u0131rlarken teknenin motorlar ve telsizi bozulur. Kaybolduklar\u0131n\u0131<span class=\"excerpt-hellip\"> [\u2026]<\/span><\/p>\n","protected":false},"featured_media":0,"template":"","meta":{"_monsterinsights_skip_tracking":false,"_monsterinsights_sitenote_active":false,"_monsterinsights_sitenote_note":"","_monsterinsights_sitenote_category":0},"product_brand":[],"product_cat":[12274,12284],"product_tag":[],"class_list":{"0":"post-692698","1":"product","2":"type-product","3":"status-publish","5":"product_cat-cocuk-ve-genclik-kitaplari","6":"product_cat-hikayeler","7":"pa_cilt-ciltsiz","8":"pa_tur-kitap","9":"pa_yayinevi-say-cocuk","10":"pa_yazar-thomas-brezina","12":"first","13":"instock","14":"sale","15":"shipping-taxable","16":"purchasable","17":"product-type-simple"},"_links":{"self":[{"href":"https:\/\/roveyayinevi.com.tr\/index.php\/wp-json\/wp\/v2\/product\/692698","targetHints":{"allow":["GET"]}}],"collection":[{"href":"https:\/\/roveyayinevi.com.tr\/index.php\/wp-json\/wp\/v2\/product"}],"about":[{"href":"https:\/\/roveyayinevi.com.tr\/index.php\/wp-json\/wp\/v2\/types\/product"}],"wp:attachment":[{"href":"https:\/\/roveyayinevi.com.tr\/index.php\/wp-json\/wp\/v2\/media?parent=692698"}],"wp:term":[{"taxonomy":"product_brand","embeddable":true,"href":"https:\/\/roveyayinevi.com.tr\/index.php\/wp-json\/wp\/v2\/product_brand?post=692698"},{"taxonomy":"product_cat","embeddable":true,"href":"https:\/\/roveyayinevi.com.tr\/index.php\/wp-json\/wp\/v2\/product_cat?post=692698"},{"taxonomy":"product_tag","embeddable":true,"href":"https:\/\/roveyayinevi.com.tr\/index.php\/wp-json\/wp\/v2\/product_tag?post=692698"}],"curies":[{"name":"wp","href":"https:\/\/api.w.org\/{rel}","templated":true}]}}