{"id":692693,"date":"2025-08-27T14:08:48","date_gmt":"2025-08-27T11:08:48","guid":{"rendered":"https:\/\/roveyayinevi.com.tr\/index.php\/urun\/gun-olur-asra-bedel\/"},"modified":"2026-04-16T02:02:38","modified_gmt":"2026-04-15T23:02:38","slug":"gun-olur-asra-bedel","status":"publish","type":"product","link":"https:\/\/roveyayinevi.com.tr\/index.php\/urun\/gun-olur-asra-bedel\/","title":{"rendered":"G\u00fcn Olur Asra Bedel"},"content":{"rendered":"<p>Cengiz Aytmatov&#8217;un b\u00fct\u00fcn d\u00fcnyada geni\u015f yank\u0131lar uyand\u0131ran bu roman\u0131, y\u00fcrek paralayan, t\u00fcyler \u00fcrperten bir hayk\u0131r\u0131\u015ft\u0131r. Fakat umutsuz bir \u00e7\u0131rp\u0131n\u0131\u015f de\u011fil, tutsakl\u0131\u011fa, bask\u0131lara ve s\u00fcrg\u00fcnlere kar\u015f\u0131 umudu hep diri tutan bir meydan okuyu\u015ftur. Yedigey Cangeldi, cepheden d\u00f6nd\u00fckten sonra Kazak bozk\u0131rlar\u0131nda k\u00fc\u00e7\u00fck bir tren aktarma istasyonunda \u00e7al\u0131\u015fmaya ba\u015flar. Burada \u015fahit oldu\u011fu ve uzak ge\u00e7mi\u015finden hat\u0131rlad\u0131\u011f\u0131 olaylar, asl\u0131nda yekpare bir co\u011frafyaya k\u00e2b\u00fbs gibi \u00e7\u00f6ken bir siyas\u00ee rejimin g\u00fcmb\u00fcr g\u00fcmb\u00fcr \u00e7\u00f6k\u00fc\u015f\u00fcn\u00fcn sebepleridir. Aytmatov, insan\u0131 yok sayan ve onu makinele\u015ftirmek isteyen sistemin asl\u0131nda ni\u00e7in \u00e7\u00f6kmeye mahk\u00fbm oldu\u011funu bu roman\u0131nda da g\u00f6steriyor. Yedigey, \u00f6len emektar arkada\u015f\u0131 Kazangap&#8217;\u0131n cenazesini mezar\u0131na g\u00f6t\u00fcr\u00fcrken, kendisinin ve milletinin ge\u00e7mi\u015fini, ac\u0131-tatl\u0131, d\u00fc\u015f\u00fcnd\u00fcr\u00fcc\u00fc yanlar\u0131yla bir bir g\u00f6zlerinin \u00f6n\u00fcnden ge\u00e7irir. O g\u00fcn, \u201casra bedel bir g\u00fcn olur\u201d onun i\u00e7in. Ge\u00e7mi\u015fi, bug\u00fcn\u00fc ve yar\u0131n\u0131 b\u00fcy\u00fck ustal\u0131kla bir arada sunan Aytmatov, \u201cDemiurg\u201d uzay ara\u015ft\u0131rmalar\u0131 program\u0131 neticesinde ke\u015ffedilen bir uygarl\u0131\u011f\u0131n, insanlarla ileti\u015fim kurma \u00e7abalar\u0131n\u0131n yerk\u00fcredeki yans\u0131malar\u0131n\u0131 g\u00f6sterirken, adeta bizleri aynada kendimizle y\u00fczle\u015fmeye davet eder. Kazangap&#8217;\u0131n g\u00f6t\u00fcr\u00fcld\u00fc\u011f\u00fc Ana-Beyit mezarl\u0131\u011f\u0131 ad\u0131n\u0131, Nayman Ana adl\u0131 efsanev\u00ee bir kad\u0131n\u0131n orada g\u00f6m\u00fcl\u00fc olmas\u0131ndan al\u0131r. Aytmatov; Nayman Ana&#8217;n\u0131n hik\u00e2yesini verirken, d\u00fcnyaya \u201cmankurt\u201d kavram\u0131n\u0131 hediye eder. Bu garip, bu korkutucu kelime hangi anlama m\u0131 geliyor? \u0130nsan\u0131n, yani b\u00fct\u00fcn ge\u00e7mi\u015fini her an beraberinde ta\u015f\u0131yan varl\u0131\u011f\u0131n yerini, haf\u0131zas\u0131 ve hat\u0131ralar\u0131 olmayan, ruhunu kaybetmi\u015f, i\u00e7i komutlarla doldurulmu\u015f biyolojik bir makinenin ald\u0131\u011f\u0131n\u0131 d\u00fc\u015f\u00fcn\u00fcn. <\/p>\n","protected":false},"excerpt":{"rendered":"<p>Cengiz Aytmatov&#8217;un b\u00fct\u00fcn d\u00fcnyada geni\u015f yank\u0131lar uyand\u0131ran bu roman\u0131, y\u00fcrek paralayan, t\u00fcyler \u00fcrperten bir hayk\u0131r\u0131\u015ft\u0131r. Fakat umutsuz bir \u00e7\u0131rp\u0131n\u0131\u015f de\u011fil, tutsakl\u0131\u011fa, bask\u0131lara ve s\u00fcrg\u00fcnlere kar\u015f\u0131 umudu<span class=\"excerpt-hellip\"> [\u2026]<\/span><\/p>\n","protected":false},"featured_media":0,"template":"","meta":{"_monsterinsights_skip_tracking":false,"_monsterinsights_sitenote_active":false,"_monsterinsights_sitenote_note":"","_monsterinsights_sitenote_category":0},"product_brand":[],"product_cat":[12291,12711],"product_tag":[],"class_list":{"0":"post-692693","1":"product","2":"type-product","3":"status-publish","5":"product_cat-edebiyat","6":"product_cat-roman-oyku","7":"pa_cilt-ciltsiz","8":"pa_tur-kitap","9":"pa_yayinevi-otuken-nesriyat","10":"pa_yazar-cengiz-aytmatov","12":"first","13":"instock","14":"sale","15":"shipping-taxable","16":"purchasable","17":"product-type-simple"},"_links":{"self":[{"href":"https:\/\/roveyayinevi.com.tr\/index.php\/wp-json\/wp\/v2\/product\/692693","targetHints":{"allow":["GET"]}}],"collection":[{"href":"https:\/\/roveyayinevi.com.tr\/index.php\/wp-json\/wp\/v2\/product"}],"about":[{"href":"https:\/\/roveyayinevi.com.tr\/index.php\/wp-json\/wp\/v2\/types\/product"}],"wp:attachment":[{"href":"https:\/\/roveyayinevi.com.tr\/index.php\/wp-json\/wp\/v2\/media?parent=692693"}],"wp:term":[{"taxonomy":"product_brand","embeddable":true,"href":"https:\/\/roveyayinevi.com.tr\/index.php\/wp-json\/wp\/v2\/product_brand?post=692693"},{"taxonomy":"product_cat","embeddable":true,"href":"https:\/\/roveyayinevi.com.tr\/index.php\/wp-json\/wp\/v2\/product_cat?post=692693"},{"taxonomy":"product_tag","embeddable":true,"href":"https:\/\/roveyayinevi.com.tr\/index.php\/wp-json\/wp\/v2\/product_tag?post=692693"}],"curies":[{"name":"wp","href":"https:\/\/api.w.org\/{rel}","templated":true}]}}