{"id":692690,"date":"2025-08-27T14:08:47","date_gmt":"2025-08-27T11:08:47","guid":{"rendered":"https:\/\/roveyayinevi.com.tr\/index.php\/urun\/tarih-sohbetleri-1\/"},"modified":"2026-04-16T02:02:37","modified_gmt":"2026-04-15T23:02:37","slug":"tarih-sohbetleri-1","status":"publish","type":"product","link":"https:\/\/roveyayinevi.com.tr\/index.php\/urun\/tarih-sohbetleri-1\/","title":{"rendered":"Tarih Sohbetleri 1"},"content":{"rendered":"<p>Biz bir cihan imparatorlu\u011funun varisleriyiz. Gelece\u011fimize dair g\u00f6r\u00fc\u015fler ileri s\u00fcrer, programlar yaparken ge\u00e7mi\u015fteki bu muazzam siyas\u00ee ve meden\u00ee tecr\u00fcbelerimizden sonuna kadar istifade etmek bizim en tabi\u00ee hakk\u0131m\u0131zd\u0131r. Millet ve devlet olarak misyonumuzu belirlemekte en sa\u011flam \u00f6l\u00e7\u00fcy\u00fc de b\u00f6yle bir tarih \u015fuuru ile getirebiliriz. Bu itibarla ayd\u0131nlar\u0131m\u0131z\u0131n ve gen\u00e7lerimizin kendi tarihleri hakk\u0131nda muhtelif cihetlerden bilgi edinebilecekleri eserlere ihtiya\u00e7 duyduklar\u0131 muhakkakt\u0131r.\u00d6t\u00fcken, i\u015fte bu m\u00fclahazalarla, T\u00fcrk tarih ve m\u00fbs\u0131k\u00eesine yapt\u0131\u011f\u0131 de\u011ferli hizmetler ve verdi\u011fi k\u0131ymetli eserlerle hakl\u0131 bir \u015f\u00f6hret kazanan de\u011ferli yazar Y\u0131lmaz \u00d6ztuna\u2019n\u0131n  Tarih Sohbetleri ni \u00fc\u00e7 cilt halinde sunmaktan \u015feref duyar. <\/p>\n","protected":false},"excerpt":{"rendered":"<p>Biz bir cihan imparatorlu\u011funun varisleriyiz. Gelece\u011fimize dair g\u00f6r\u00fc\u015fler ileri s\u00fcrer, programlar yaparken ge\u00e7mi\u015fteki bu muazzam siyas\u00ee ve meden\u00ee tecr\u00fcbelerimizden sonuna kadar istifade etmek bizim en tabi\u00ee<span class=\"excerpt-hellip\"> [\u2026]<\/span><\/p>\n","protected":false},"featured_media":0,"template":"","meta":{"_monsterinsights_skip_tracking":false,"_monsterinsights_sitenote_active":false,"_monsterinsights_sitenote_note":"","_monsterinsights_sitenote_category":0},"product_brand":[],"product_cat":[13517,12304],"product_tag":[],"class_list":{"0":"post-692690","1":"product","2":"type-product","3":"status-publish","5":"product_cat-osmanli-tarihi","6":"product_cat-tarih","7":"pa_cilt-ciltsiz","8":"pa_tur-kitap","9":"pa_yayinevi-otuken-nesriyat","10":"pa_yazar-yilmaz-oztuna","12":"first","13":"instock","14":"sale","15":"shipping-taxable","16":"purchasable","17":"product-type-simple"},"_links":{"self":[{"href":"https:\/\/roveyayinevi.com.tr\/index.php\/wp-json\/wp\/v2\/product\/692690","targetHints":{"allow":["GET"]}}],"collection":[{"href":"https:\/\/roveyayinevi.com.tr\/index.php\/wp-json\/wp\/v2\/product"}],"about":[{"href":"https:\/\/roveyayinevi.com.tr\/index.php\/wp-json\/wp\/v2\/types\/product"}],"wp:attachment":[{"href":"https:\/\/roveyayinevi.com.tr\/index.php\/wp-json\/wp\/v2\/media?parent=692690"}],"wp:term":[{"taxonomy":"product_brand","embeddable":true,"href":"https:\/\/roveyayinevi.com.tr\/index.php\/wp-json\/wp\/v2\/product_brand?post=692690"},{"taxonomy":"product_cat","embeddable":true,"href":"https:\/\/roveyayinevi.com.tr\/index.php\/wp-json\/wp\/v2\/product_cat?post=692690"},{"taxonomy":"product_tag","embeddable":true,"href":"https:\/\/roveyayinevi.com.tr\/index.php\/wp-json\/wp\/v2\/product_tag?post=692690"}],"curies":[{"name":"wp","href":"https:\/\/api.w.org\/{rel}","templated":true}]}}