{"id":692689,"date":"2025-08-27T14:08:47","date_gmt":"2025-08-27T11:08:47","guid":{"rendered":"https:\/\/roveyayinevi.com.tr\/index.php\/urun\/turk-dili-tarihi\/"},"modified":"2026-04-16T02:02:37","modified_gmt":"2026-04-15T23:02:37","slug":"turk-dili-tarihi","status":"publish","type":"product","link":"https:\/\/roveyayinevi.com.tr\/index.php\/urun\/turk-dili-tarihi\/","title":{"rendered":"T\u00fcrk Dili Tarihi"},"content":{"rendered":"<p>Altayistik tasnifler do\u011frultusunda T\u00fcrk dilinin tarihi d\u00f6nemlerini ele al\u0131r. Konular i\u015flenirken, d\u00f6nemin tarihi ve co\u011frafyas\u0131 hakk\u0131nda genel ve temel bilgiler sunulduktan sonra, o d\u00f6nemde te\u015fekk\u00fcl etmi\u015f leh\u00e7enin temel eserleri tan\u0131t\u0131l\u0131r ve s\u00f6z konusu eserler \u00fczerinde yap\u0131lan \u00e7al\u0131\u015fmalar\u0131n bibliyografik k\u00fcnyeleri verilir. Bilgilerin somutla\u015ft\u0131r\u0131lmas\u0131 amac\u0131yla esere harita, tablo ve resimler ilave edilmi\u015ftir. T\u00fcrk dili kadar tarihi derinli\u011fi ve co\u011frafi yayg\u0131nl\u0131\u011f\u0131 olan pek az dil vard\u0131r. Bu y\u00fczden T\u00fcrk dilinin tarihini yazmak, i\u011fne ile kuyu kazmaya benzer. Dilimizin esasl\u0131 tarihini ve gramerini yazmak i\u00e7in \u00f6ncelikle, yaz\u0131 dili haline gelmi\u015f leh\u00e7elerin temel kaynaklar\u0131n\u0131 tespit etmek ve bunlar \u00fczerinde yap\u0131lan \u00e7al\u0131\u015fmalar\u0131 bir araya getirmek gerekir. Bu kaynaklar bilgisi, yap\u0131lacak kar\u015f\u0131la\u015ft\u0131rmal\u0131 leh\u00e7e \u00e7al\u0131\u015fmalar\u0131na temel te\u015fkil edecektir. Ancak o zaman, T\u00fcrk\u00e7enin \u00e7er\u00e7evesini olu\u015fturdu\u011fu bir i\u015fte ve fikirde birlik meydana gelebilecektir. <\/p>\n","protected":false},"excerpt":{"rendered":"<p>Altayistik tasnifler do\u011frultusunda T\u00fcrk dilinin tarihi d\u00f6nemlerini ele al\u0131r. Konular i\u015flenirken, d\u00f6nemin tarihi ve co\u011frafyas\u0131 hakk\u0131nda genel ve temel bilgiler sunulduktan sonra, o d\u00f6nemde te\u015fekk\u00fcl etmi\u015f<span class=\"excerpt-hellip\"> [\u2026]<\/span><\/p>\n","protected":false},"featured_media":0,"template":"","meta":{"_monsterinsights_skip_tracking":false,"_monsterinsights_sitenote_active":false,"_monsterinsights_sitenote_note":"","_monsterinsights_sitenote_category":0},"product_brand":[],"product_cat":[12312,12304],"product_tag":[],"class_list":{"0":"post-692689","1":"product","2":"type-product","3":"status-publish","5":"product_cat-diger","6":"product_cat-tarih","7":"pa_cilt-ciltsiz","8":"pa_tur-kitap","9":"pa_yayinevi-otuken-nesriyat","10":"pa_yazar-ali-akar","12":"first","13":"instock","14":"sale","15":"shipping-taxable","16":"purchasable","17":"product-type-simple"},"_links":{"self":[{"href":"https:\/\/roveyayinevi.com.tr\/index.php\/wp-json\/wp\/v2\/product\/692689","targetHints":{"allow":["GET"]}}],"collection":[{"href":"https:\/\/roveyayinevi.com.tr\/index.php\/wp-json\/wp\/v2\/product"}],"about":[{"href":"https:\/\/roveyayinevi.com.tr\/index.php\/wp-json\/wp\/v2\/types\/product"}],"wp:attachment":[{"href":"https:\/\/roveyayinevi.com.tr\/index.php\/wp-json\/wp\/v2\/media?parent=692689"}],"wp:term":[{"taxonomy":"product_brand","embeddable":true,"href":"https:\/\/roveyayinevi.com.tr\/index.php\/wp-json\/wp\/v2\/product_brand?post=692689"},{"taxonomy":"product_cat","embeddable":true,"href":"https:\/\/roveyayinevi.com.tr\/index.php\/wp-json\/wp\/v2\/product_cat?post=692689"},{"taxonomy":"product_tag","embeddable":true,"href":"https:\/\/roveyayinevi.com.tr\/index.php\/wp-json\/wp\/v2\/product_tag?post=692689"}],"curies":[{"name":"wp","href":"https:\/\/api.w.org\/{rel}","templated":true}]}}