{"id":692685,"date":"2025-08-27T14:08:46","date_gmt":"2025-08-27T11:08:46","guid":{"rendered":"https:\/\/roveyayinevi.com.tr\/index.php\/urun\/turk-cihan-hakimiyeti-mefkuresi-tarihi\/"},"modified":"2026-04-16T02:02:37","modified_gmt":"2026-04-15T23:02:37","slug":"turk-cihan-hakimiyeti-mefkuresi-tarihi","status":"publish","type":"product","link":"https:\/\/roveyayinevi.com.tr\/index.php\/urun\/turk-cihan-hakimiyeti-mefkuresi-tarihi\/","title":{"rendered":"T\u00fcrk Cihan Hakimiyeti Mefkuresi Tarihi"},"content":{"rendered":"<p>Mill\u00ee, din\u00ee ve insan\u00ee ideallere ba\u011fl\u0131 bir milletin, as\u0131rlarca, nas\u0131l bir Cih\u00e2n h\u00e2kimiyeti mefk\u00fbresine eri\u015ferek y\u00fckseldi\u011fini, &#8220;Niz\u00e2m-\u0131 \u00e2lem d\u00e2v\u00e2s\u0131 ile ba\u015fka milletlere ne derece ad\u00e2let ve niz\u00e2m getirdi\u011fini anlat\u0131r. T\u00fcrklerin, tarih boyunca, k\u0131talara h\u00e2kimiyeti malumdur; fakat bu kudretin manev\u00ee ve mefk\u00fbrev\u00ee \u00e2milleri hakk\u0131nda gerekti\u011fi gibi d\u00fc\u015f\u00fcn\u00fclmemi\u015ftir. Bu durum T\u00fcrk milletini, tarihini ve medeniyetini anlamakta, hatta \u0130sl\u00e2m ve H\u0131ristiyan d\u00fcnyalar\u0131n\u0131n tek\u00e2m\u00fcllerini \u00eezahta zorlan\u0131lmas\u0131na sebep olur. T\u00fcrk Cihan H\u00e2kimiyeti Mefk\u00fbresi Tarihi, di\u011fer eserlerinde i\u015fledi\u011fi ortak hususlar\u0131 ihtiva etmesi ve T\u00fcrk Tarihinin sisler ard\u0131ndaki arka plan\u0131n\u0131 aksettirmesi bak\u0131m\u0131ndan yazar\u0131n en \u00f6nemli eseri kabul edilir.<\/p>\n","protected":false},"excerpt":{"rendered":"<p>Mill\u00ee, din\u00ee ve insan\u00ee ideallere ba\u011fl\u0131 bir milletin, as\u0131rlarca, nas\u0131l bir Cih\u00e2n h\u00e2kimiyeti mefk\u00fbresine eri\u015ferek y\u00fckseldi\u011fini, &#8220;Niz\u00e2m-\u0131 \u00e2lem d\u00e2v\u00e2s\u0131 ile ba\u015fka milletlere ne derece ad\u00e2let ve<span class=\"excerpt-hellip\"> [\u2026]<\/span><\/p>\n","protected":false},"featured_media":0,"template":"","meta":{"_monsterinsights_skip_tracking":false,"_monsterinsights_sitenote_active":false,"_monsterinsights_sitenote_note":"","_monsterinsights_sitenote_category":0},"product_brand":[],"product_cat":[12312,12304],"product_tag":[],"class_list":{"0":"post-692685","1":"product","2":"type-product","3":"status-publish","5":"product_cat-diger","6":"product_cat-tarih","7":"pa_cilt-ciltsiz","8":"pa_tur-kitap","9":"pa_yayinevi-otuken-nesriyat","10":"pa_yazar-osman-turan","12":"first","13":"instock","14":"sale","15":"shipping-taxable","16":"purchasable","17":"product-type-simple"},"_links":{"self":[{"href":"https:\/\/roveyayinevi.com.tr\/index.php\/wp-json\/wp\/v2\/product\/692685","targetHints":{"allow":["GET"]}}],"collection":[{"href":"https:\/\/roveyayinevi.com.tr\/index.php\/wp-json\/wp\/v2\/product"}],"about":[{"href":"https:\/\/roveyayinevi.com.tr\/index.php\/wp-json\/wp\/v2\/types\/product"}],"wp:attachment":[{"href":"https:\/\/roveyayinevi.com.tr\/index.php\/wp-json\/wp\/v2\/media?parent=692685"}],"wp:term":[{"taxonomy":"product_brand","embeddable":true,"href":"https:\/\/roveyayinevi.com.tr\/index.php\/wp-json\/wp\/v2\/product_brand?post=692685"},{"taxonomy":"product_cat","embeddable":true,"href":"https:\/\/roveyayinevi.com.tr\/index.php\/wp-json\/wp\/v2\/product_cat?post=692685"},{"taxonomy":"product_tag","embeddable":true,"href":"https:\/\/roveyayinevi.com.tr\/index.php\/wp-json\/wp\/v2\/product_tag?post=692685"}],"curies":[{"name":"wp","href":"https:\/\/api.w.org\/{rel}","templated":true}]}}