{"id":692684,"date":"2025-08-27T14:08:46","date_gmt":"2025-08-27T11:08:46","guid":{"rendered":"https:\/\/roveyayinevi.com.tr\/index.php\/urun\/tanzimat-pasalari-ali-ve-fuad-pasalar\/"},"modified":"2026-04-16T02:02:37","modified_gmt":"2026-04-15T23:02:37","slug":"tanzimat-pasalari-ali-ve-fuad-pasalar","status":"publish","type":"product","link":"https:\/\/roveyayinevi.com.tr\/index.php\/urun\/tanzimat-pasalari-ali-ve-fuad-pasalar\/","title":{"rendered":"Tanzimat Pa\u015falar\u0131 Ali ve Fuad Pa\u015falar"},"content":{"rendered":"<p>On dokuzuncu y\u00fczy\u0131l b\u00fcrokrasinin yeni bir y\u00fcz kazanarak devlet hayat\u0131ndaki etkisini art\u0131rmaya ba\u015flad\u0131\u011f\u0131 bir devredir. \u00d6zellikle Tanzimat: pa\u015falar d\u00f6nemidir ve \u00fc\u00e7 pa\u015falarla birlikte an\u0131l\u0131r. Bunlardan Mustafa Re\u015fit Pa\u015fa c\u00fcmlenin malumudur. Ya di\u011fer ikisi?.. Ali Pa\u015fa Tanzimat&#8217;tan sonra be\u015f defa sadrazaml\u0131k, sekiz defa hariciye naz\u0131rl\u0131\u011f\u0131 vazifesine getirildi. Sekiz bu\u00e7uk y\u0131l sadrazaml\u0131k, on d\u00f6rt bu\u00e7uk y\u0131l h\u00e2riciye n\u00e2z\u0131rl\u0131\u011f\u0131 yapt\u0131. Ke\u00e7eci-z\u00e2de Dr. B\u00fcy\u00fck Mehmed Fud Pa\u015fa Tanzimat&#8217;\u0131n Re\u015fid ve AliPa\u015falardan sonraki \u00fc\u00e7\u00fcnc\u00fc adam\u0131 idi. Asr\u0131n\u0131n en b\u00fcy\u00fck diplomatlar\u0131ndan biri olarak diplomasi ve y\u00f6neticilik sahas\u0131nda b\u00fcy\u00fck hizmetler verdi. O da Sadrazam ve Hariciye Naz\u0131r\u0131 olarak memleketi uzun s\u00fcre y\u00f6netti&#8230;Tanzimat&#8217;\u0131n iki pa\u015fas\u0131n\u0131n hik\u00e2yesidir.<\/p>\n","protected":false},"excerpt":{"rendered":"<p>On dokuzuncu y\u00fczy\u0131l b\u00fcrokrasinin yeni bir y\u00fcz kazanarak devlet hayat\u0131ndaki etkisini art\u0131rmaya ba\u015flad\u0131\u011f\u0131 bir devredir. \u00d6zellikle Tanzimat: pa\u015falar d\u00f6nemidir ve \u00fc\u00e7 pa\u015falarla birlikte an\u0131l\u0131r. Bunlardan Mustafa<span class=\"excerpt-hellip\"> [\u2026]<\/span><\/p>\n","protected":false},"featured_media":0,"template":"","meta":{"_monsterinsights_skip_tracking":false,"_monsterinsights_sitenote_active":false,"_monsterinsights_sitenote_note":"","_monsterinsights_sitenote_category":0},"product_brand":[],"product_cat":[13517,12304],"product_tag":[],"class_list":{"0":"post-692684","1":"product","2":"type-product","3":"status-publish","5":"product_cat-osmanli-tarihi","6":"product_cat-tarih","7":"pa_cilt-ciltsiz","8":"pa_tur-kitap","9":"pa_yayinevi-otuken-nesriyat","10":"pa_yazar-yilmaz-oztuna","12":"first","13":"instock","14":"sale","15":"shipping-taxable","16":"purchasable","17":"product-type-simple"},"_links":{"self":[{"href":"https:\/\/roveyayinevi.com.tr\/index.php\/wp-json\/wp\/v2\/product\/692684","targetHints":{"allow":["GET"]}}],"collection":[{"href":"https:\/\/roveyayinevi.com.tr\/index.php\/wp-json\/wp\/v2\/product"}],"about":[{"href":"https:\/\/roveyayinevi.com.tr\/index.php\/wp-json\/wp\/v2\/types\/product"}],"wp:attachment":[{"href":"https:\/\/roveyayinevi.com.tr\/index.php\/wp-json\/wp\/v2\/media?parent=692684"}],"wp:term":[{"taxonomy":"product_brand","embeddable":true,"href":"https:\/\/roveyayinevi.com.tr\/index.php\/wp-json\/wp\/v2\/product_brand?post=692684"},{"taxonomy":"product_cat","embeddable":true,"href":"https:\/\/roveyayinevi.com.tr\/index.php\/wp-json\/wp\/v2\/product_cat?post=692684"},{"taxonomy":"product_tag","embeddable":true,"href":"https:\/\/roveyayinevi.com.tr\/index.php\/wp-json\/wp\/v2\/product_tag?post=692684"}],"curies":[{"name":"wp","href":"https:\/\/api.w.org\/{rel}","templated":true}]}}