{"id":692683,"date":"2025-08-27T14:08:46","date_gmt":"2025-08-27T11:08:46","guid":{"rendered":"https:\/\/roveyayinevi.com.tr\/index.php\/urun\/tanyeri\/"},"modified":"2026-04-16T02:02:37","modified_gmt":"2026-04-15T23:02:37","slug":"tanyeri","status":"publish","type":"product","link":"https:\/\/roveyayinevi.com.tr\/index.php\/urun\/tanyeri\/","title":{"rendered":"Tanyeri"},"content":{"rendered":"<p>Tanyeri, sadece Fatma\u2019n\u0131n, D\u00f6nd\u00fc K\u0131z\u2019\u0131n veya G\u00fcndo\u011fdu ile Tu\u011frul Alp\u2019in roman\u0131 de\u011fildir. Bug\u00fcn\u00fc d\u00fcnde g\u00f6steren, millet ve devlet olman\u0131n anlam\u0131n\u0131 de\u011ferlendirmeye \u00e7al\u0131\u015fan bir eserdir. Bir devri, XV. Y\u00fczy\u0131l\u0131n ba\u015flar\u0131n\u0131, T\u00fcrk\u2019\u00fcn birbirine girdi\u011fi bir \u00e7a\u011f\u0131, tamamen tarih\u00ee ger\u00e7ekler i\u00e7inde yans\u0131tma amac\u0131 g\u00fcden bu romanda, bir devletin \u00e7\u00f6k\u00fc\u015f nedenlerini izleyece\u011finizi ummaktay\u0131z. Bu eserin haz\u0131rlanmas\u0131 i\u00e7in Orta Anadolu ba\u015ftan a\u015fa\u011f\u0131 dola\u015f\u0131lm\u0131\u015f, olaylar\u0131n ge\u00e7ti\u011fi yerler incelenmi\u015f, bir\u00e7ok kitap, an\u0131t ve belge g\u00f6zden ge\u00e7irilmi\u015ftir. <\/p>\n","protected":false},"excerpt":{"rendered":"<p>Tanyeri, sadece Fatma\u2019n\u0131n, D\u00f6nd\u00fc K\u0131z\u2019\u0131n veya G\u00fcndo\u011fdu ile Tu\u011frul Alp\u2019in roman\u0131 de\u011fildir. Bug\u00fcn\u00fc d\u00fcnde g\u00f6steren, millet ve devlet olman\u0131n anlam\u0131n\u0131 de\u011ferlendirmeye \u00e7al\u0131\u015fan bir eserdir. Bir devri,<span class=\"excerpt-hellip\"> [\u2026]<\/span><\/p>\n","protected":false},"featured_media":0,"template":"","meta":{"_monsterinsights_skip_tracking":false,"_monsterinsights_sitenote_active":false,"_monsterinsights_sitenote_note":"","_monsterinsights_sitenote_category":0},"product_brand":[],"product_cat":[12291,12745],"product_tag":[],"class_list":{"0":"post-692683","1":"product","2":"type-product","3":"status-publish","5":"product_cat-edebiyat","6":"product_cat-tarihi-roman","7":"pa_cilt-ciltsiz","8":"pa_tur-kitap","9":"pa_yayinevi-otuken-nesriyat","10":"pa_yazar-bekir-buyukarkin","12":"first","13":"instock","14":"sale","15":"shipping-taxable","16":"purchasable","17":"product-type-simple"},"_links":{"self":[{"href":"https:\/\/roveyayinevi.com.tr\/index.php\/wp-json\/wp\/v2\/product\/692683","targetHints":{"allow":["GET"]}}],"collection":[{"href":"https:\/\/roveyayinevi.com.tr\/index.php\/wp-json\/wp\/v2\/product"}],"about":[{"href":"https:\/\/roveyayinevi.com.tr\/index.php\/wp-json\/wp\/v2\/types\/product"}],"wp:attachment":[{"href":"https:\/\/roveyayinevi.com.tr\/index.php\/wp-json\/wp\/v2\/media?parent=692683"}],"wp:term":[{"taxonomy":"product_brand","embeddable":true,"href":"https:\/\/roveyayinevi.com.tr\/index.php\/wp-json\/wp\/v2\/product_brand?post=692683"},{"taxonomy":"product_cat","embeddable":true,"href":"https:\/\/roveyayinevi.com.tr\/index.php\/wp-json\/wp\/v2\/product_cat?post=692683"},{"taxonomy":"product_tag","embeddable":true,"href":"https:\/\/roveyayinevi.com.tr\/index.php\/wp-json\/wp\/v2\/product_tag?post=692683"}],"curies":[{"name":"wp","href":"https:\/\/api.w.org\/{rel}","templated":true}]}}