{"id":692681,"date":"2025-08-27T14:08:45","date_gmt":"2025-08-27T11:08:45","guid":{"rendered":"https:\/\/roveyayinevi.com.tr\/index.php\/urun\/papaligin-sonu\/"},"modified":"2026-04-16T02:02:37","modified_gmt":"2026-04-15T23:02:37","slug":"papaligin-sonu","status":"publish","type":"product","link":"https:\/\/roveyayinevi.com.tr\/index.php\/urun\/papaligin-sonu\/","title":{"rendered":"Papal\u0131\u011f\u0131n Sonu"},"content":{"rendered":"<p>Papal\u0131k taraf\u0131ndan aziz il\u00e2n edilen Malachy, bundan 863 y\u0131l \u00f6nce bir dizi kehanette bulunmu\u015ftu. Bu kehanetlerde, 1143 y\u0131l\u0131ndan bu g\u00fcne kadar g\u00f6rev yapacak olan t\u00fcm Papalar\u0131n kimler olaca\u011f\u0131 yaz\u0131yordu. \ufffcTan\u0131t\u0131m Metni<\/p>\n","protected":false},"excerpt":{"rendered":"<p>Papal\u0131k taraf\u0131ndan aziz il\u00e2n edilen Malachy, bundan 863 y\u0131l \u00f6nce bir dizi kehanette bulunmu\u015ftu. Bu kehanetlerde, 1143 y\u0131l\u0131ndan bu g\u00fcne kadar g\u00f6rev yapacak olan t\u00fcm Papalar\u0131n<span class=\"excerpt-hellip\"> [\u2026]<\/span><\/p>\n","protected":false},"featured_media":0,"template":"","meta":{"_monsterinsights_skip_tracking":false,"_monsterinsights_sitenote_active":false,"_monsterinsights_sitenote_note":"","_monsterinsights_sitenote_category":0},"product_brand":[],"product_cat":[12718,16794],"product_tag":[],"class_list":{"0":"post-692681","1":"product","2":"type-product","3":"status-publish","5":"product_cat-din","6":"product_cat-dinler-tarihi","7":"pa_cilt-ciltsiz","8":"pa_tur-kitap","9":"pa_yayinevi-sinir-otesi-yayinlari","10":"pa_yazar-harun-kolcak","12":"first","13":"instock","14":"sale","15":"shipping-taxable","16":"purchasable","17":"product-type-simple"},"_links":{"self":[{"href":"https:\/\/roveyayinevi.com.tr\/index.php\/wp-json\/wp\/v2\/product\/692681","targetHints":{"allow":["GET"]}}],"collection":[{"href":"https:\/\/roveyayinevi.com.tr\/index.php\/wp-json\/wp\/v2\/product"}],"about":[{"href":"https:\/\/roveyayinevi.com.tr\/index.php\/wp-json\/wp\/v2\/types\/product"}],"wp:attachment":[{"href":"https:\/\/roveyayinevi.com.tr\/index.php\/wp-json\/wp\/v2\/media?parent=692681"}],"wp:term":[{"taxonomy":"product_brand","embeddable":true,"href":"https:\/\/roveyayinevi.com.tr\/index.php\/wp-json\/wp\/v2\/product_brand?post=692681"},{"taxonomy":"product_cat","embeddable":true,"href":"https:\/\/roveyayinevi.com.tr\/index.php\/wp-json\/wp\/v2\/product_cat?post=692681"},{"taxonomy":"product_tag","embeddable":true,"href":"https:\/\/roveyayinevi.com.tr\/index.php\/wp-json\/wp\/v2\/product_tag?post=692681"}],"curies":[{"name":"wp","href":"https:\/\/api.w.org\/{rel}","templated":true}]}}