{"id":692679,"date":"2025-08-27T14:08:45","date_gmt":"2025-08-27T11:08:45","guid":{"rendered":"https:\/\/roveyayinevi.com.tr\/index.php\/urun\/ruhsal-gucleri-gelistirme-teknikleri\/"},"modified":"2026-04-16T02:02:37","modified_gmt":"2026-04-15T23:02:37","slug":"ruhsal-gucleri-gelistirme-teknikleri","status":"publish","type":"product","link":"https:\/\/roveyayinevi.com.tr\/index.php\/urun\/ruhsal-gucleri-gelistirme-teknikleri\/","title":{"rendered":"Ruhsal G\u00fc\u00e7leri Geli\u015ftirme Teknikleri"},"content":{"rendered":"<p>\u0130\u00e7 potansiyel g\u00fcc\u00fcn\u00fcz\u00fc ortaya \u00e7\u0131kartmaya y\u00f6nelik uygulayaca\u011f\u0131n\u0131z pratik metotlarla, ya\u015fam i\u00e7inde b\u00fcy\u00fck bir etkinli\u011fe sahip olabilir ve ya\u015fam\u0131m\u0131z\u0131 iste\u011finize ba\u011fl\u0131 olarak y\u00f6nlendirebilirsiniz&#8230; &#8220;Duyular D\u0131\u015f\u0131 Alg\u0131lamalar\u0131n\u0131z&#8221;\u0131 geli\u015ftirebilir ve istenmeyen al\u0131\u015fkanl\u0131klar\u0131n\u0131zdan kurtularak, g\u00fcnl\u00fck ya\u015fam\u0131n getirdi\u011fi streslerinizi de yenebilirsiniz&#8230; Ayr\u0131ca b\u00fct\u00fcn bunlar\u0131n olabilmesi i\u00e7in &#8220;pratik uygulanabilir metotlara&#8221; ihtiyac\u0131n\u0131z bulunmaktad\u0131r&#8230; \u0130\u015fte bu kitap, size bunlar\u0131 veriyor&#8230; Kitaptaki metotlar\u0131 uygulayarak, g\u00fcnl\u00fck ya\u015fam\u0131n\u0131zda sezgilerinizin h\u0131zla geli\u015fti\u011fini \u015fahit olacaks\u0131n\u0131z&#8230; Alt\u0131nc\u0131duyunuzu siz de geli\u015ftirebilirsiniz&#8230; Hatta di\u011fer Duyular D\u0131\u015f\u0131 Alg\u0131lamalar\u0131\u2019n\u0131z\u0131 da&#8230; \u00d6rne\u011fin: Konsantrasyon, Telapati, Durug\u00f6r\u00fc, Kehanet, Psikometri, Durui\u015fiti, Astral Seyahat, Telekinezi, \u0130pnoz, Manyetizm, \u015eifac\u0131l\u0131k ve di\u011ferleri&#8230; &#8220;Gev\u015feme Egzersizleri&#8221; size yepyeni bir denge ve uyum sa\u011flama yetene\u011fi kazand\u0131racak&#8230; Kaybetti\u011finiz enerjilerinizi k\u0131sa s\u00fcrede toplayabileceksiniz. B\u00f6ylelikle daha g\u00fc\u00e7l\u00fc, daha enerjik ve daha sa\u011fl\u0131kl\u0131 olacaks\u0131n\u0131z&#8230; Bu metotlar % 100 ba\u015far\u0131 sa\u011flayacakt\u0131r&#8230; Her \u015fey size ba\u011fl\u0131&#8230; Yeter ki bu i\u015f i\u00e7in biraz zaman ay\u0131r\u0131n&#8230; 2000\u2019li y\u0131llarda bunlara \u00e7ok ihtiyac\u0131n\u0131z olacak&#8230; Bu kitap; Yurtd\u0131\u015f\u0131ndaki Parapsikoloji Merkezleri\u2019nde uygulanan en son yeniliklerin \u0131\u015f\u0131\u011f\u0131nda haz\u0131rlanm\u0131\u015ft\u0131r&#8230;<\/p>\n","protected":false},"excerpt":{"rendered":"<p>\u0130\u00e7 potansiyel g\u00fcc\u00fcn\u00fcz\u00fc ortaya \u00e7\u0131kartmaya y\u00f6nelik uygulayaca\u011f\u0131n\u0131z pratik metotlarla, ya\u015fam i\u00e7inde b\u00fcy\u00fck bir etkinli\u011fe sahip olabilir ve ya\u015fam\u0131m\u0131z\u0131 iste\u011finize ba\u011fl\u0131 olarak y\u00f6nlendirebilirsiniz&#8230; &#8220;Duyular D\u0131\u015f\u0131 Alg\u0131lamalar\u0131n\u0131z&#8221;\u0131 geli\u015ftirebilir<span class=\"excerpt-hellip\"> [\u2026]<\/span><\/p>\n","protected":false},"featured_media":0,"template":"","meta":{"_monsterinsights_skip_tracking":false,"_monsterinsights_sitenote_active":false,"_monsterinsights_sitenote_note":"","_monsterinsights_sitenote_category":0},"product_brand":[],"product_cat":[12364,16154],"product_tag":[],"class_list":{"0":"post-692679","1":"product","2":"type-product","3":"status-publish","5":"product_cat-genel-konular","6":"product_cat-parapsikoloji","7":"pa_cilt-ciltsiz","8":"pa_tur-kitap","9":"pa_yayinevi-sinir-otesi-yayinlari","10":"pa_yazar-ergun-candan","12":"first","13":"instock","14":"sale","15":"shipping-taxable","16":"purchasable","17":"product-type-simple"},"_links":{"self":[{"href":"https:\/\/roveyayinevi.com.tr\/index.php\/wp-json\/wp\/v2\/product\/692679","targetHints":{"allow":["GET"]}}],"collection":[{"href":"https:\/\/roveyayinevi.com.tr\/index.php\/wp-json\/wp\/v2\/product"}],"about":[{"href":"https:\/\/roveyayinevi.com.tr\/index.php\/wp-json\/wp\/v2\/types\/product"}],"wp:attachment":[{"href":"https:\/\/roveyayinevi.com.tr\/index.php\/wp-json\/wp\/v2\/media?parent=692679"}],"wp:term":[{"taxonomy":"product_brand","embeddable":true,"href":"https:\/\/roveyayinevi.com.tr\/index.php\/wp-json\/wp\/v2\/product_brand?post=692679"},{"taxonomy":"product_cat","embeddable":true,"href":"https:\/\/roveyayinevi.com.tr\/index.php\/wp-json\/wp\/v2\/product_cat?post=692679"},{"taxonomy":"product_tag","embeddable":true,"href":"https:\/\/roveyayinevi.com.tr\/index.php\/wp-json\/wp\/v2\/product_tag?post=692679"}],"curies":[{"name":"wp","href":"https:\/\/api.w.org\/{rel}","templated":true}]}}