{"id":692678,"date":"2025-08-27T14:08:45","date_gmt":"2025-08-27T11:08:45","guid":{"rendered":"https:\/\/roveyayinevi.com.tr\/index.php\/urun\/kiyamet-alametleri\/"},"modified":"2026-04-16T02:02:37","modified_gmt":"2026-04-15T23:02:37","slug":"kiyamet-alametleri","status":"publish","type":"product","link":"https:\/\/roveyayinevi.com.tr\/index.php\/urun\/kiyamet-alametleri\/","title":{"rendered":"K\u0131yamet Alametleri"},"content":{"rendered":"<p>Yay\u0131nlamak i\u00e7in 2000\u2019li y\u0131llar\u0131 bekledi\u011fimiz ve S\u0131n\u0131r \u00d6tesi Yay\u0131nlar\u0131\u2019n\u0131n temel yap\u0131tlar\u0131ndan biri olan bu kitab\u0131 sonunda sizlere ula\u015ft\u0131rm\u0131\u015f bulunuyoruz. &#8211; K\u0131yamet ve Tufan\u2019\u0131n \u00f6n belirtileri nelerdir?.. &#8211; Gittik\u00e7e yo\u011funla\u015fan do\u011fal afetlerin fiziksel ve metafiziksel anlamlar\u0131 nedir?.. &#8211; Nostradamus\u2019tan, Edgar Cayce\u2019ye kadar pek\u00e7ok \u00fcnl\u00fc kahinin 2000\u2019li y\u0131llarla ilgili s\u00f6yledikleri nas\u0131l ger\u00e7ekle\u015fiyor?&#8230; &#8211; Dinlerde s\u00f6z\u00fc edilen k\u0131yametin neresindeyiz?&#8230; &#8211; Onbinlerce y\u0131l \u00f6nce eski uygarl\u0131klar\u0131 yokeden b\u00fcy\u00fck tufan\u0131n bir benzeri yeniden ya\u015fanacak m\u0131?.. &#8211; Kozmik etkiler yery\u00fcz\u00fcn\u00fc nas\u0131l etkiliyor?.. &#8211; UFO\u2019lar fay hatlar\u0131 \u00fczerinde neler yap\u0131yor?.. Beklenen b\u00fcy\u00fck depremler, Atlantis\u2019in su y\u00fcz\u00fcne y\u00fckseli\u015fi, D\u00fcnya\u2019n\u0131n k\u00fcresel \u0131s\u0131nmas\u0131n\u0131n sonu\u00e7lar\u0131, D\u00fcnya\u2019n\u0131n eksenindeki de\u011fi\u015fimler, k\u0131talar\u0131n yer de\u011fi\u015ftirmeleri, iklimlerin de\u011fi\u015fimleri, g\u00fcne\u015f tutulmalar\u0131n\u0131n yerk\u00fcre \u00fczerine olan etkisi, deniz seviyelerindeki y\u00fckseli\u015fin \u00fcrk\u00fcten boyutlar\u0131 vs&#8230; \u0130\u015fte, bu ve buna benzer daha pek\u00e7ok konunu t\u00fcm a\u00e7\u0131kl\u0131\u011f\u0131yla ele al\u0131nd\u0131\u011f\u0131 kitab\u0131n i\u00e7eri\u011fi; binlerce y\u0131ll\u0131k gizli &#8211; ezoterik bilgiler in \u0131\u015f\u0131\u011f\u0131nda ve en son bilimsel verilere dayan\u0131larak haz\u0131rlanm\u0131\u015ft\u0131r&#8230; \u0130lgiyle okuyaca\u011f\u0131n\u0131z\u0131 d\u00fc\u015f\u00fcn\u00fcyoruz&#8230; \ufffcTan\u0131t\u0131m Metni<\/p>\n","protected":false},"excerpt":{"rendered":"<p>Yay\u0131nlamak i\u00e7in 2000\u2019li y\u0131llar\u0131 bekledi\u011fimiz ve S\u0131n\u0131r \u00d6tesi Yay\u0131nlar\u0131\u2019n\u0131n temel yap\u0131tlar\u0131ndan biri olan bu kitab\u0131 sonunda sizlere ula\u015ft\u0131rm\u0131\u015f bulunuyoruz. &#8211; K\u0131yamet ve Tufan\u2019\u0131n \u00f6n belirtileri nelerdir?..<span class=\"excerpt-hellip\"> [\u2026]<\/span><\/p>\n","protected":false},"featured_media":0,"template":"","meta":{"_monsterinsights_skip_tracking":false,"_monsterinsights_sitenote_active":false,"_monsterinsights_sitenote_note":"","_monsterinsights_sitenote_category":0},"product_brand":[],"product_cat":[12364,16154],"product_tag":[],"class_list":{"0":"post-692678","1":"product","2":"type-product","3":"status-publish","5":"product_cat-genel-konular","6":"product_cat-parapsikoloji","7":"pa_cilt-ciltsiz","8":"pa_tur-kitap","9":"pa_yayinevi-sinir-otesi-yayinlari","10":"pa_yazar-ergun-candan","12":"first","13":"instock","14":"sale","15":"shipping-taxable","16":"purchasable","17":"product-type-simple"},"_links":{"self":[{"href":"https:\/\/roveyayinevi.com.tr\/index.php\/wp-json\/wp\/v2\/product\/692678","targetHints":{"allow":["GET"]}}],"collection":[{"href":"https:\/\/roveyayinevi.com.tr\/index.php\/wp-json\/wp\/v2\/product"}],"about":[{"href":"https:\/\/roveyayinevi.com.tr\/index.php\/wp-json\/wp\/v2\/types\/product"}],"wp:attachment":[{"href":"https:\/\/roveyayinevi.com.tr\/index.php\/wp-json\/wp\/v2\/media?parent=692678"}],"wp:term":[{"taxonomy":"product_brand","embeddable":true,"href":"https:\/\/roveyayinevi.com.tr\/index.php\/wp-json\/wp\/v2\/product_brand?post=692678"},{"taxonomy":"product_cat","embeddable":true,"href":"https:\/\/roveyayinevi.com.tr\/index.php\/wp-json\/wp\/v2\/product_cat?post=692678"},{"taxonomy":"product_tag","embeddable":true,"href":"https:\/\/roveyayinevi.com.tr\/index.php\/wp-json\/wp\/v2\/product_tag?post=692678"}],"curies":[{"name":"wp","href":"https:\/\/api.w.org\/{rel}","templated":true}]}}