{"id":692677,"date":"2025-08-27T14:08:45","date_gmt":"2025-08-27T11:08:45","guid":{"rendered":"https:\/\/roveyayinevi.com.tr\/index.php\/urun\/mistik-bilim\/"},"modified":"2026-04-16T02:02:37","modified_gmt":"2026-04-15T23:02:37","slug":"mistik-bilim","status":"publish","type":"product","link":"https:\/\/roveyayinevi.com.tr\/index.php\/urun\/mistik-bilim\/","title":{"rendered":"Mistik Bilim"},"content":{"rendered":"<p>Kitab\u0131n sayfalar\u0131n\u0131 \u00e7evirmeye ba\u015flad\u0131\u011f\u0131n\u0131z andan itibaren S\u0131n\u0131r \u00d6tesi Yay\u0131nlar\u0131\u2019n\u0131n o kendisine has esintilerini hemen hissedeceksiniz. Bu seferki esintide mistisizm ve bilim var.. \ufffcTan\u0131t\u0131m Metni<\/p>\n","protected":false},"excerpt":{"rendered":"<p>Kitab\u0131n sayfalar\u0131n\u0131 \u00e7evirmeye ba\u015flad\u0131\u011f\u0131n\u0131z andan itibaren S\u0131n\u0131r \u00d6tesi Yay\u0131nlar\u0131\u2019n\u0131n o kendisine has esintilerini hemen hissedeceksiniz. Bu seferki esintide mistisizm ve bilim var.. \ufffcTan\u0131t\u0131m Metni<\/p>\n","protected":false},"featured_media":0,"template":"","meta":{"_monsterinsights_skip_tracking":false,"_monsterinsights_sitenote_active":false,"_monsterinsights_sitenote_note":"","_monsterinsights_sitenote_category":0},"product_brand":[],"product_cat":[12364,16154],"product_tag":[],"class_list":{"0":"post-692677","1":"product","2":"type-product","3":"status-publish","5":"product_cat-genel-konular","6":"product_cat-parapsikoloji","7":"pa_cilt-ciltsiz","8":"pa_tur-kitap","9":"pa_yayinevi-sinir-otesi-yayinlari","10":"pa_yazar-neslihan-alantar","12":"first","13":"instock","14":"sale","15":"shipping-taxable","16":"purchasable","17":"product-type-simple"},"_links":{"self":[{"href":"https:\/\/roveyayinevi.com.tr\/index.php\/wp-json\/wp\/v2\/product\/692677","targetHints":{"allow":["GET"]}}],"collection":[{"href":"https:\/\/roveyayinevi.com.tr\/index.php\/wp-json\/wp\/v2\/product"}],"about":[{"href":"https:\/\/roveyayinevi.com.tr\/index.php\/wp-json\/wp\/v2\/types\/product"}],"wp:attachment":[{"href":"https:\/\/roveyayinevi.com.tr\/index.php\/wp-json\/wp\/v2\/media?parent=692677"}],"wp:term":[{"taxonomy":"product_brand","embeddable":true,"href":"https:\/\/roveyayinevi.com.tr\/index.php\/wp-json\/wp\/v2\/product_brand?post=692677"},{"taxonomy":"product_cat","embeddable":true,"href":"https:\/\/roveyayinevi.com.tr\/index.php\/wp-json\/wp\/v2\/product_cat?post=692677"},{"taxonomy":"product_tag","embeddable":true,"href":"https:\/\/roveyayinevi.com.tr\/index.php\/wp-json\/wp\/v2\/product_tag?post=692677"}],"curies":[{"name":"wp","href":"https:\/\/api.w.org\/{rel}","templated":true}]}}