{"id":692676,"date":"2025-08-27T14:08:44","date_gmt":"2025-08-27T11:08:44","guid":{"rendered":"https:\/\/roveyayinevi.com.tr\/index.php\/urun\/sahitler-ve-belgelerle-turkiyede-yasanmis-esrarengiz-olaylar\/"},"modified":"2026-04-16T02:02:37","modified_gmt":"2026-04-15T23:02:37","slug":"sahitler-ve-belgelerle-turkiyede-yasanmis-esrarengiz-olaylar","status":"publish","type":"product","link":"https:\/\/roveyayinevi.com.tr\/index.php\/urun\/sahitler-ve-belgelerle-turkiyede-yasanmis-esrarengiz-olaylar\/","title":{"rendered":"\u015eahitler ve Belgelerle T\u00fcrkiye\u2019de Ya\u015fanm\u0131\u015f Esrarengiz Olaylar"},"content":{"rendered":"<p>Bu kitapta aktar\u0131lanlar\u0131n t\u00fcm\u00fc, \u015fahitler ve belgelere dayal\u0131 19 y\u0131ll\u0131k bir ara\u015ft\u0131rman\u0131n \u00fcr\u00fcn\u00fcd\u00fcr.T\u00fcrkiye&#8217;de bu kapsamda yap\u0131lan ilk ve tek ara\u015ft\u0131rmad\u0131r: T\u00fcrkiye genelinde meydana gelen ve normal yollarla a\u00e7\u0131klanamayan olaylar\u0131n Parapsikoloji ile olan ba\u011flant\u0131lar\u0131 da a\u00e7\u0131klamal\u0131 olarak aktar\u0131lm\u0131\u015ft\u0131r.Kitab\u0131n tamam\u0131 bir belge niteli\u011findedir.Meydana gelen t\u00fcm olaylar, SINIR \u00d6TES\u0130 ARA\u015eTIRMA EK\u0130B\u0130&#8217;nce yerinde incelenmi\u015f ve kay\u0131tlara ge\u00e7irilmi\u015ftir.Olaylar\u0131n t\u00fcm g\u00f6r\u00fcnt\u00fcleri Beta-Cam kameralarla tespit edilmi\u015f olup, halen b\u00fcnyemizde saklanmaktad\u0131r.G\u00f6r\u00fcnt\u00fcler &#8220;Ergun Candan ile S\u0131n\u0131r \u00d6tesi&#8221; Youtube kanal\u0131nda yay\u0131nlanmaya ba\u015flayacakt\u0131r&#8230;<\/p>\n","protected":false},"excerpt":{"rendered":"<p>Bu kitapta aktar\u0131lanlar\u0131n t\u00fcm\u00fc, \u015fahitler ve belgelere dayal\u0131 19 y\u0131ll\u0131k bir ara\u015ft\u0131rman\u0131n \u00fcr\u00fcn\u00fcd\u00fcr.T\u00fcrkiye&#8217;de bu kapsamda yap\u0131lan ilk ve tek ara\u015ft\u0131rmad\u0131r: T\u00fcrkiye genelinde meydana gelen ve normal<span class=\"excerpt-hellip\"> [\u2026]<\/span><\/p>\n","protected":false},"featured_media":0,"template":"","meta":{"_monsterinsights_skip_tracking":false,"_monsterinsights_sitenote_active":false,"_monsterinsights_sitenote_note":"","_monsterinsights_sitenote_category":0},"product_brand":[],"product_cat":[12364,16154],"product_tag":[],"class_list":{"0":"post-692676","1":"product","2":"type-product","3":"status-publish","5":"product_cat-genel-konular","6":"product_cat-parapsikoloji","7":"pa_cilt-ciltsiz","8":"pa_tur-kitap","9":"pa_yayinevi-sinir-otesi-yayinlari","10":"pa_yazar-ergun-candan","12":"first","13":"instock","14":"sale","15":"shipping-taxable","16":"purchasable","17":"product-type-simple"},"_links":{"self":[{"href":"https:\/\/roveyayinevi.com.tr\/index.php\/wp-json\/wp\/v2\/product\/692676","targetHints":{"allow":["GET"]}}],"collection":[{"href":"https:\/\/roveyayinevi.com.tr\/index.php\/wp-json\/wp\/v2\/product"}],"about":[{"href":"https:\/\/roveyayinevi.com.tr\/index.php\/wp-json\/wp\/v2\/types\/product"}],"wp:attachment":[{"href":"https:\/\/roveyayinevi.com.tr\/index.php\/wp-json\/wp\/v2\/media?parent=692676"}],"wp:term":[{"taxonomy":"product_brand","embeddable":true,"href":"https:\/\/roveyayinevi.com.tr\/index.php\/wp-json\/wp\/v2\/product_brand?post=692676"},{"taxonomy":"product_cat","embeddable":true,"href":"https:\/\/roveyayinevi.com.tr\/index.php\/wp-json\/wp\/v2\/product_cat?post=692676"},{"taxonomy":"product_tag","embeddable":true,"href":"https:\/\/roveyayinevi.com.tr\/index.php\/wp-json\/wp\/v2\/product_tag?post=692676"}],"curies":[{"name":"wp","href":"https:\/\/api.w.org\/{rel}","templated":true}]}}