{"id":692675,"date":"2025-08-27T14:08:44","date_gmt":"2025-08-27T11:08:44","guid":{"rendered":"https:\/\/roveyayinevi.com.tr\/index.php\/urun\/nuhun-gemileri\/"},"modified":"2026-04-16T02:02:37","modified_gmt":"2026-04-15T23:02:37","slug":"nuhun-gemileri","status":"publish","type":"product","link":"https:\/\/roveyayinevi.com.tr\/index.php\/urun\/nuhun-gemileri\/","title":{"rendered":"Nuh\u2019un Gemileri"},"content":{"rendered":"<p>Nuh Tufan\u0131&#8230; Ve Nuh\u2019un Gemisi&#8230; D\u00fcnya \u00fczerinde ge\u00e7mi\u015ften g\u00fcn\u00fcm\u00fcze kadar, \u00fcst\u00fcnde en \u00e7ok durulan konulardan biri&#8230; Dinlerde ve eski halk inan\u00e7lar\u0131n\u0131n i\u00e7inde an\u0131lardan hi\u00e7 silinmemi\u015f bir hik\u00e2ye&#8230; \u00d6yle bir hik\u00e2ye ki, hi\u00e7 unutulmayan&#8230; \u0130zleri A\u011fr\u0131 Da\u011f\u0131\u2019nda s\u00fcr\u00fclen, hep aran\u0131lan ama bulunamayan bir gizem&#8230; Bazen bir bilim adam\u0131n\u0131n merce\u011finde, bazen ise din adam\u0131n\u0131n kutsal kitab\u0131nda aranan, bir zamanlar d\u00fcnyada ya\u015fanan b\u00fcy\u00fck y\u0131k\u0131m&#8230; \u00d6yle bir y\u0131k\u0131m ki, sular\u0131n yery\u00fcz\u00fcn\u00fc kaplad\u0131\u011f\u0131, insanlar\u0131n hayatta kalmak i\u00e7in y\u00fckseklere \u00e7\u0131kmaya \u00e7al\u0131\u015ft\u0131klar\u0131, bunu ba\u015faramayanlar\u0131n ise gemilerle kurtulmaya \u00e7al\u0131\u015ft\u0131\u011f\u0131 b\u00fcy\u00fck y\u0131k\u0131m&#8230; Bunlar da yetmiyormu\u015f gibi, D\u00fcnya\u2019n\u0131n ekseninde meydana gelen bir kayma neticesinde ortaya \u00e7\u0131kan b\u00fcy\u00fck depremler&#8230; Bir M\u0131s\u0131rl\u0131 Rahip bana: \u2018Bilmi\u015f ol ki, atalar\u0131m\u0131z zaman\u0131nda G\u00fcne\u015f iki defa batt\u0131\u011f\u0131 yerden do\u011fdu, sonra ayn\u0131 olay tekrar tersine meydana geldi\u2019 dedi. (\u00dcnl\u00fc Tarih\u00e7i Heredot) Kur\u2019an-\u0131 Kerim\u2019deki bir ayet de, sanki M\u0131s\u0131rl\u0131 rahiplerle s\u00f6z birli\u011fi etmi\u015f\u00e7esine \u015f\u00f6yle der: O, iki Do\u011fu\u2019nun Rabbi\u2019dir, iki Bat\u0131\u2019n\u0131n Rabbi\u2019dir. (Rahman Suresi, 55\/17) <\/p>\n","protected":false},"excerpt":{"rendered":"<p>Nuh Tufan\u0131&#8230; Ve Nuh\u2019un Gemisi&#8230; D\u00fcnya \u00fczerinde ge\u00e7mi\u015ften g\u00fcn\u00fcm\u00fcze kadar, \u00fcst\u00fcnde en \u00e7ok durulan konulardan biri&#8230; Dinlerde ve eski halk inan\u00e7lar\u0131n\u0131n i\u00e7inde an\u0131lardan hi\u00e7 silinmemi\u015f bir<span class=\"excerpt-hellip\"> [\u2026]<\/span><\/p>\n","protected":false},"featured_media":0,"template":"","meta":{"_monsterinsights_skip_tracking":false,"_monsterinsights_sitenote_active":false,"_monsterinsights_sitenote_note":"","_monsterinsights_sitenote_category":0},"product_brand":[],"product_cat":[12718,16794],"product_tag":[],"class_list":{"0":"post-692675","1":"product","2":"type-product","3":"status-publish","5":"product_cat-din","6":"product_cat-dinler-tarihi","7":"pa_cilt-ciltsiz","8":"pa_tur-kitap","9":"pa_yayinevi-sinir-otesi-yayinlari","10":"pa_yazar-ergun-candan","12":"first","13":"instock","14":"sale","15":"shipping-taxable","16":"purchasable","17":"product-type-simple"},"_links":{"self":[{"href":"https:\/\/roveyayinevi.com.tr\/index.php\/wp-json\/wp\/v2\/product\/692675","targetHints":{"allow":["GET"]}}],"collection":[{"href":"https:\/\/roveyayinevi.com.tr\/index.php\/wp-json\/wp\/v2\/product"}],"about":[{"href":"https:\/\/roveyayinevi.com.tr\/index.php\/wp-json\/wp\/v2\/types\/product"}],"wp:attachment":[{"href":"https:\/\/roveyayinevi.com.tr\/index.php\/wp-json\/wp\/v2\/media?parent=692675"}],"wp:term":[{"taxonomy":"product_brand","embeddable":true,"href":"https:\/\/roveyayinevi.com.tr\/index.php\/wp-json\/wp\/v2\/product_brand?post=692675"},{"taxonomy":"product_cat","embeddable":true,"href":"https:\/\/roveyayinevi.com.tr\/index.php\/wp-json\/wp\/v2\/product_cat?post=692675"},{"taxonomy":"product_tag","embeddable":true,"href":"https:\/\/roveyayinevi.com.tr\/index.php\/wp-json\/wp\/v2\/product_tag?post=692675"}],"curies":[{"name":"wp","href":"https:\/\/api.w.org\/{rel}","templated":true}]}}