{"id":692673,"date":"2025-08-27T14:08:44","date_gmt":"2025-08-27T11:08:44","guid":{"rendered":"https:\/\/roveyayinevi.com.tr\/index.php\/urun\/isa-peygamberin-gizli-ogretisi\/"},"modified":"2026-04-16T02:02:37","modified_gmt":"2026-04-15T23:02:37","slug":"isa-peygamberin-gizli-ogretisi","status":"publish","type":"product","link":"https:\/\/roveyayinevi.com.tr\/index.php\/urun\/isa-peygamberin-gizli-ogretisi\/","title":{"rendered":"\u0130sa Peygamber\u2019in Gizli \u00d6\u011fretisi"},"content":{"rendered":"<p>\u0130sa Peygamber\u2019in gizli kalm\u0131\u015f ya\u015fam\u0131 ve \u00f6\u011fretisi hakk\u0131nda  bilgi edinmek isteyen okuyucular\u0131m\u0131za y\u00f6nelik olarak haz\u0131rlad\u0131\u011f\u0131m\u0131z bu kitapta ge\u00e7en konular\u0131n i\u00e7inde; uzun bir s\u00fcredir gizli kalm\u0131\u015f olan ve T\u00fcrkiye\u2019de ilk kez yay\u0131nlanan \u00e7ok \u00f6zel bilgilerle kar\u015f\u0131la\u015facaks\u0131n\u0131z. Helios Mabedi\u2019nde Hz. Meryem\u2019in ni\u015fanl\u0131s\u0131ndan bile saklanan s\u0131r * Spirit\u00fcel D\u00f6llenme *  Yeralt\u0131 Labirentleri\u2019nde gizli ve farkl\u0131 bir do\u011fum * \u00c7ocuklu\u011funda \u0130\u00e7 \u00c2lemi\u2019nin derinliklerinden gelen sesler *  Carmel Mabedi\u2019ndeki E\u011fitimi ve \u0130l\u00e2hi Kel\u00e2m Doktrini * Eseni ve Agartal\u0131 Nacaal Rahipleri\u2019yle irtibat * 120 Ki\u015finin kat\u0131ld\u0131\u011f\u0131 gizli toplant\u0131lar * Ma\u011faradaki Vizyon * Yahudi Din Otoriteleri\u2019nin kurdu\u011fu komplolar * I\u015f\u0131\u011f\u0131n O\u011fullar\u0131\u2019na Kar\u015f\u0131 \u0130srailo\u011fullar\u0131 * Yahuda \u0130skariyot Hain miydi? * \u00c7arm\u0131htan nas\u0131l kurtuldu ve sonras\u0131nda neler oldu? * Kozmik El\u00e7i\u2019nin Kozmik A\u015fk\u0131 Mecdelli Meryem\u2019in ger\u00e7ek k\u00f6keni * \u0130sa Peygamber\u2019den sonra Pavlus\u2019un \u00d6\u011fretiyi dejenere ederek, Hristiyanl\u0131k Dini\u2019nin temellerini atmas\u0131 * Ve bir solukta okuyaca\u011f\u0131n\u0131z daha pek\u00e7ok konu\u2026 Az sonra Eseni Rahipleri\u2019nin aras\u0131nda ba\u015flayan gizemli bir \u00f6yk\u00fcy\u00fc okumaya ba\u015flayacaks\u0131n\u0131z\u2026 Bir \u00f6yk\u00fc ama o d\u00f6nem ya\u015fananlar\u0131n ger\u00e7ek \u00f6yk\u00fcs\u00fc bu\u2026 Roman de\u011fil ama roman\u0131ms\u0131 bir d\u00fcnyan\u0131n i\u00e7ine girerek, bizzat o d\u00f6nemlerde ya\u015fayacaks\u0131n\u0131z. Sizlerle payla\u015faca\u011f\u0131m\u0131z bu \u00f6yk\u00fcye kaynakl\u0131k eden d\u00f6k\u00fcmanlar\u0131n b\u00fcy\u00fck bir b\u00f6l\u00fcm\u00fc bizzat Kutsal Kitaplar\u2019dan ve \u0130sa Peygamber\u2019in \u00f6zel toplant\u0131lar\u0131nda \u00f6\u011frencilerine anlatt\u0131klar\u0131ndan al\u0131nm\u0131\u015ft\u0131r. Bir k\u0131sm\u0131 ise \u00e7ok \u00f6zel ve \u015fimdiye kadar yay\u0131nlanmam\u0131\u015f olan baz\u0131 eski kay\u0131tlardan ve ezoterik metinlerden derlenerek haz\u0131rlanm\u0131\u015ft\u0131r. Bu bir roman de\u011fildir. Bir d\u00f6nemin ya\u015fanm\u0131\u015f, gizli kalm\u0131\u015f ger\u00e7ekleridir. Ve siz kitab\u0131n sat\u0131rlar\u0131 aras\u0131nda bu ya\u015fanm\u0131\u015fl\u0131klara \u015fahit olurken, \u0130sa Peygamber\u2019in \u201cGizli \u00d6\u011fretisi\u201dnin de derinliklerine ineceksiniz. <\/p>\n","protected":false},"excerpt":{"rendered":"<p>\u0130sa Peygamber\u2019in gizli kalm\u0131\u015f ya\u015fam\u0131 ve \u00f6\u011fretisi hakk\u0131nda bilgi edinmek isteyen okuyucular\u0131m\u0131za y\u00f6nelik olarak haz\u0131rlad\u0131\u011f\u0131m\u0131z bu kitapta ge\u00e7en konular\u0131n i\u00e7inde; uzun bir s\u00fcredir gizli kalm\u0131\u015f olan<span class=\"excerpt-hellip\"> [\u2026]<\/span><\/p>\n","protected":false},"featured_media":0,"template":"","meta":{"_monsterinsights_skip_tracking":false,"_monsterinsights_sitenote_active":false,"_monsterinsights_sitenote_note":"","_monsterinsights_sitenote_category":0},"product_brand":[],"product_cat":[12718,12858],"product_tag":[],"class_list":{"0":"post-692673","1":"product","2":"type-product","3":"status-publish","5":"product_cat-din","6":"product_cat-mitolojiler","7":"pa_cilt-ciltsiz","8":"pa_tur-kitap","9":"pa_yayinevi-sinir-otesi-yayinlari","10":"pa_yazar-ergun-candan","12":"first","13":"instock","14":"sale","15":"shipping-taxable","16":"purchasable","17":"product-type-simple"},"_links":{"self":[{"href":"https:\/\/roveyayinevi.com.tr\/index.php\/wp-json\/wp\/v2\/product\/692673","targetHints":{"allow":["GET"]}}],"collection":[{"href":"https:\/\/roveyayinevi.com.tr\/index.php\/wp-json\/wp\/v2\/product"}],"about":[{"href":"https:\/\/roveyayinevi.com.tr\/index.php\/wp-json\/wp\/v2\/types\/product"}],"wp:attachment":[{"href":"https:\/\/roveyayinevi.com.tr\/index.php\/wp-json\/wp\/v2\/media?parent=692673"}],"wp:term":[{"taxonomy":"product_brand","embeddable":true,"href":"https:\/\/roveyayinevi.com.tr\/index.php\/wp-json\/wp\/v2\/product_brand?post=692673"},{"taxonomy":"product_cat","embeddable":true,"href":"https:\/\/roveyayinevi.com.tr\/index.php\/wp-json\/wp\/v2\/product_cat?post=692673"},{"taxonomy":"product_tag","embeddable":true,"href":"https:\/\/roveyayinevi.com.tr\/index.php\/wp-json\/wp\/v2\/product_tag?post=692673"}],"curies":[{"name":"wp","href":"https:\/\/api.w.org\/{rel}","templated":true}]}}