{"id":692672,"date":"2025-08-27T14:08:44","date_gmt":"2025-08-27T11:08:44","guid":{"rendered":"https:\/\/roveyayinevi.com.tr\/index.php\/urun\/gece-yarisi\/"},"modified":"2026-04-16T02:02:37","modified_gmt":"2026-04-15T23:02:37","slug":"gece-yarisi","status":"publish","type":"product","link":"https:\/\/roveyayinevi.com.tr\/index.php\/urun\/gece-yarisi\/","title":{"rendered":"Gece Yar\u0131s\u0131"},"content":{"rendered":"<p>Bu roman, \u0130stanbul\u2019un korkun\u00e7 i\u015fgal g\u00fcnlerinde T\u00fcrk\u2019\u00fcn ba\u011f\u0131ms\u0131zl\u0131\u011f\u0131 i\u00e7in canlar\u0131n\u0131 hi\u00e7e sayarak \u00e7al\u0131\u015fan, kendilerinden sonra gelen ku\u015faklar\u0131n h\u00fcr olarak ya\u015famlar\u0131n\u0131 \u00f6zleyen ki\u015fileri canland\u0131rabilmek amac\u0131yla yaz\u0131lm\u0131\u015ft\u0131r. Eserdeki olaylar\u0131n bir k\u0131sm\u0131 bize kadar uzanan an\u0131lardan al\u0131nm\u0131\u015ft\u0131r. Ki\u015fi ve semtlerin bir\u00e7o\u011funun adlar\u0131 de\u011fi\u015ftirilmi\u015ftir. \u00c7\u00fcnk\u00fc \u0130stanbul\u2019un ekseri mahallesi ayn\u0131 duygularla \u00e7arp\u0131\u015fm\u0131\u015f, didinmi\u015f ve Milli M\u00fccadele\u2019ye katk\u0131da bulunmu\u015ftur. Bu y\u00fczden onlar\u0131 adlar\u0131yla teker teker yazmak kabil olamam\u0131\u015ft\u0131r. Ayr\u0131ca onlar yapt\u0131klar\u0131 fedakarl\u0131klarla asla \u00f6v\u00fcnmemi\u015flerdir. Ruhlar\u0131 \u015fad olsun&#8230; <\/p>\n","protected":false},"excerpt":{"rendered":"<p>Bu roman, \u0130stanbul\u2019un korkun\u00e7 i\u015fgal g\u00fcnlerinde T\u00fcrk\u2019\u00fcn ba\u011f\u0131ms\u0131zl\u0131\u011f\u0131 i\u00e7in canlar\u0131n\u0131 hi\u00e7e sayarak \u00e7al\u0131\u015fan, kendilerinden sonra gelen ku\u015faklar\u0131n h\u00fcr olarak ya\u015famlar\u0131n\u0131 \u00f6zleyen ki\u015fileri canland\u0131rabilmek amac\u0131yla yaz\u0131lm\u0131\u015ft\u0131r. Eserdeki<span class=\"excerpt-hellip\"> [\u2026]<\/span><\/p>\n","protected":false},"featured_media":0,"template":"","meta":{"_monsterinsights_skip_tracking":false,"_monsterinsights_sitenote_active":false,"_monsterinsights_sitenote_note":"","_monsterinsights_sitenote_category":0},"product_brand":[],"product_cat":[12291,12745],"product_tag":[],"class_list":{"0":"post-692672","1":"product","2":"type-product","3":"status-publish","5":"product_cat-edebiyat","6":"product_cat-tarihi-roman","7":"pa_cilt-ciltsiz","8":"pa_tur-kitap","9":"pa_yayinevi-otuken-nesriyat","10":"pa_yazar-bekir-buyukarkin","12":"first","13":"instock","14":"sale","15":"shipping-taxable","16":"purchasable","17":"product-type-simple"},"_links":{"self":[{"href":"https:\/\/roveyayinevi.com.tr\/index.php\/wp-json\/wp\/v2\/product\/692672","targetHints":{"allow":["GET"]}}],"collection":[{"href":"https:\/\/roveyayinevi.com.tr\/index.php\/wp-json\/wp\/v2\/product"}],"about":[{"href":"https:\/\/roveyayinevi.com.tr\/index.php\/wp-json\/wp\/v2\/types\/product"}],"wp:attachment":[{"href":"https:\/\/roveyayinevi.com.tr\/index.php\/wp-json\/wp\/v2\/media?parent=692672"}],"wp:term":[{"taxonomy":"product_brand","embeddable":true,"href":"https:\/\/roveyayinevi.com.tr\/index.php\/wp-json\/wp\/v2\/product_brand?post=692672"},{"taxonomy":"product_cat","embeddable":true,"href":"https:\/\/roveyayinevi.com.tr\/index.php\/wp-json\/wp\/v2\/product_cat?post=692672"},{"taxonomy":"product_tag","embeddable":true,"href":"https:\/\/roveyayinevi.com.tr\/index.php\/wp-json\/wp\/v2\/product_tag?post=692672"}],"curies":[{"name":"wp","href":"https:\/\/api.w.org\/{rel}","templated":true}]}}