{"id":692669,"date":"2025-08-27T14:08:43","date_gmt":"2025-08-27T11:08:43","guid":{"rendered":"https:\/\/roveyayinevi.com.tr\/index.php\/urun\/gizli-yonleriyle-ataturk\/"},"modified":"2026-04-16T02:02:37","modified_gmt":"2026-04-15T23:02:37","slug":"gizli-yonleriyle-ataturk","status":"publish","type":"product","link":"https:\/\/roveyayinevi.com.tr\/index.php\/urun\/gizli-yonleriyle-ataturk\/","title":{"rendered":"Gizli Y\u00f6nleriyle Atat\u00fcrk"},"content":{"rendered":"<p>Bu kitab\u0131 sadece bu g\u00fcnler \u0130\u00e7in de\u011fil, gelecek nesillere de bir an\u0131 olarak kalmas\u0131 i\u00e7in yay\u0131nl\u0131yoruz. \u00d6yle bir an\u0131 ki, d\u00fcnyan\u0131n e\u015fini benzerini g\u00f6rmedi\u011fi bir an\u0131&#8230; \ufffcTan\u0131t\u0131m Metni<\/p>\n","protected":false},"excerpt":{"rendered":"<p>Bu kitab\u0131 sadece bu g\u00fcnler \u0130\u00e7in de\u011fil, gelecek nesillere de bir an\u0131 olarak kalmas\u0131 i\u00e7in yay\u0131nl\u0131yoruz. \u00d6yle bir an\u0131 ki, d\u00fcnyan\u0131n e\u015fini benzerini g\u00f6rmedi\u011fi bir an\u0131&#8230;<span class=\"excerpt-hellip\"> [\u2026]<\/span><\/p>\n","protected":false},"featured_media":0,"template":"","meta":{"_monsterinsights_skip_tracking":false,"_monsterinsights_sitenote_active":false,"_monsterinsights_sitenote_note":"","_monsterinsights_sitenote_category":0},"product_brand":[],"product_cat":[12530,12304],"product_tag":[],"class_list":{"0":"post-692669","1":"product","2":"type-product","3":"status-publish","5":"product_cat-mustafa-kemal-ataturk","6":"product_cat-tarih","7":"pa_cilt-ciltsiz","8":"pa_tur-kitap","9":"pa_yayinevi-sinir-otesi-yayinlari","10":"pa_yazar-ergun-candan","12":"first","13":"instock","14":"sale","15":"shipping-taxable","16":"purchasable","17":"product-type-simple"},"_links":{"self":[{"href":"https:\/\/roveyayinevi.com.tr\/index.php\/wp-json\/wp\/v2\/product\/692669","targetHints":{"allow":["GET"]}}],"collection":[{"href":"https:\/\/roveyayinevi.com.tr\/index.php\/wp-json\/wp\/v2\/product"}],"about":[{"href":"https:\/\/roveyayinevi.com.tr\/index.php\/wp-json\/wp\/v2\/types\/product"}],"wp:attachment":[{"href":"https:\/\/roveyayinevi.com.tr\/index.php\/wp-json\/wp\/v2\/media?parent=692669"}],"wp:term":[{"taxonomy":"product_brand","embeddable":true,"href":"https:\/\/roveyayinevi.com.tr\/index.php\/wp-json\/wp\/v2\/product_brand?post=692669"},{"taxonomy":"product_cat","embeddable":true,"href":"https:\/\/roveyayinevi.com.tr\/index.php\/wp-json\/wp\/v2\/product_cat?post=692669"},{"taxonomy":"product_tag","embeddable":true,"href":"https:\/\/roveyayinevi.com.tr\/index.php\/wp-json\/wp\/v2\/product_tag?post=692669"}],"curies":[{"name":"wp","href":"https:\/\/api.w.org\/{rel}","templated":true}]}}