{"id":692663,"date":"2025-08-27T14:08:42","date_gmt":"2025-08-27T11:08:42","guid":{"rendered":"https:\/\/roveyayinevi.com.tr\/index.php\/urun\/antik-misir-sirlari\/"},"modified":"2026-04-16T02:02:37","modified_gmt":"2026-04-15T23:02:37","slug":"antik-misir-sirlari","status":"publish","type":"product","link":"https:\/\/roveyayinevi.com.tr\/index.php\/urun\/antik-misir-sirlari\/","title":{"rendered":"Antik M\u0131s\u0131r S\u0131rlar\u0131"},"content":{"rendered":"<p>Bir zamanlar Ezoterik K\u00fclt\u00fcr \u00fcn en \u00f6nde gelen kalelerinden biri olan Antik M\u0131s\u0131r, D\u00fcnya co\u011frafyas\u0131nda yer alm\u0131\u015f en gizemli toplumlardan biridir. M\u0131s\u0131r, kadim \u00e7a\u011flarda \u00e7ok say\u0131da ki\u015fiyi e\u011fiten ve yeti\u015ftiren bir okuldu&#8230; Bir zamanlar yery\u00fcz\u00fcn\u00fc ayd\u0131nlatm\u0131\u015f olan Osiris\u2019in I\u015f\u0131\u011f\u0131 , bug\u00fcn terkedilmi\u015f mabetlerde art\u0131k s\u00f6nm\u00fc\u015f durumdad\u0131r. Atlantisli bilge Thot\u2019un binlerce y\u0131l \u00f6nce s\u00f6ylemi\u015f oldu\u011fu kehanet niteli\u011findeki \u015fu s\u00f6zleri, bug\u00fcn tam anlam\u0131yla ger\u00e7ekle\u015fmi\u015f bulunmaktad\u0131r. Ey M\u0131s\u0131r! Gelecek ku\u015faklara senden hat\u0131ra olarak sadece inan\u0131lmaz masallar kalacakt\u0131r ve seninle ilgili olarak geriye, ta\u015flara oyulmu\u015f kelime-lerden ba\u015fka bir \u015fey kalmayacakt\u0131r&#8230; Evet&#8230; Ta\u015flara oyulmu\u015f bir tarih&#8230; Bu ta\u015f sayfalar\u0131n \u00fczerine i\u015flenmi\u015f hiyeroglifler, arkeologlar ve tarih\u00e7ilerce bug\u00fcn \u00e7\u00f6z\u00fcmlenebilmi\u015ftir. Ama b\u00fct\u00fcn bunlara ra\u011fmen ortada yine de \u00f6nemli bir sorun kalm\u0131\u015ft\u0131r: Bu gizemli tarihin ve k\u00fclt\u00fcr\u00fcn s\u0131rlar\u0131na n\u00fcfuz etmek&#8230; \u0130\u015fte bunu yapabilmek i\u00e7in, tarihin ge\u00e7mi\u015f d\u00f6nemlerine geri d\u00f6n\u00fcyor ve bir zamanlar M\u0131s\u0131r\u2019daki mabetlerin i\u00e7inde ya\u015fananlar\u0131 g\u00f6z\u00fcm\u00fcz\u00fcn \u00f6n\u00fcnde canland\u0131rmaya ba\u015fl\u0131yoruz&#8230; Kitab\u0131n sayfalar\u0131n\u0131 a\u00e7t\u0131\u011f\u0131n\u0131zda, M\u0131s\u0131r\u2019da ger\u00e7ekle\u015ftirilen Gizli \u00d6\u011freti ye, mabetlerin i\u00e7ine girerek, bizzat kendiniz rahiplerin aras\u0131nda ya\u015fayarak \u015fahit olacaks\u0131n\u0131z. \ufffcTan\u0131t\u0131m Metni<\/p>\n","protected":false},"excerpt":{"rendered":"<p>Bir zamanlar Ezoterik K\u00fclt\u00fcr \u00fcn en \u00f6nde gelen kalelerinden biri olan Antik M\u0131s\u0131r, D\u00fcnya co\u011frafyas\u0131nda yer alm\u0131\u015f en gizemli toplumlardan biridir. M\u0131s\u0131r, kadim \u00e7a\u011flarda \u00e7ok say\u0131da<span class=\"excerpt-hellip\"> [\u2026]<\/span><\/p>\n","protected":false},"featured_media":0,"template":"","meta":{"_monsterinsights_skip_tracking":false,"_monsterinsights_sitenote_active":false,"_monsterinsights_sitenote_note":"","_monsterinsights_sitenote_category":0},"product_brand":[],"product_cat":[12312,12304],"product_tag":[],"class_list":{"0":"post-692663","1":"product","2":"type-product","3":"status-publish","5":"product_cat-diger","6":"product_cat-tarih","7":"pa_cilt-ciltsiz","8":"pa_tur-kitap","9":"pa_yayinevi-sinir-otesi-yayinlari","10":"pa_yazar-ergun-candan","12":"first","13":"instock","14":"sale","15":"shipping-taxable","16":"purchasable","17":"product-type-simple"},"_links":{"self":[{"href":"https:\/\/roveyayinevi.com.tr\/index.php\/wp-json\/wp\/v2\/product\/692663","targetHints":{"allow":["GET"]}}],"collection":[{"href":"https:\/\/roveyayinevi.com.tr\/index.php\/wp-json\/wp\/v2\/product"}],"about":[{"href":"https:\/\/roveyayinevi.com.tr\/index.php\/wp-json\/wp\/v2\/types\/product"}],"wp:attachment":[{"href":"https:\/\/roveyayinevi.com.tr\/index.php\/wp-json\/wp\/v2\/media?parent=692663"}],"wp:term":[{"taxonomy":"product_brand","embeddable":true,"href":"https:\/\/roveyayinevi.com.tr\/index.php\/wp-json\/wp\/v2\/product_brand?post=692663"},{"taxonomy":"product_cat","embeddable":true,"href":"https:\/\/roveyayinevi.com.tr\/index.php\/wp-json\/wp\/v2\/product_cat?post=692663"},{"taxonomy":"product_tag","embeddable":true,"href":"https:\/\/roveyayinevi.com.tr\/index.php\/wp-json\/wp\/v2\/product_tag?post=692663"}],"curies":[{"name":"wp","href":"https:\/\/api.w.org\/{rel}","templated":true}]}}