{"id":692659,"date":"2025-08-27T14:08:41","date_gmt":"2025-08-27T11:08:41","guid":{"rendered":"https:\/\/roveyayinevi.com.tr\/index.php\/urun\/din-inkilap-irtica\/"},"modified":"2026-04-16T02:02:37","modified_gmt":"2026-04-15T23:02:37","slug":"din-inkilap-irtica","status":"publish","type":"product","link":"https:\/\/roveyayinevi.com.tr\/index.php\/urun\/din-inkilap-irtica\/","title":{"rendered":"Din \u0130nk\u0131lap \u0130rtica"},"content":{"rendered":"<p>Din, ink\u0131l\u00e2p, irtica; \u00fczerinde f\u0131rt\u0131nalar kopar\u0131lan, kolayl\u0131kla istismar edilen mefhumlard\u0131r. \u00dczerlerinde y\u00fcr\u00fct\u00fclen kavgalar zararl\u0131 sonu\u00e7lar vermi\u015f ve T\u00fcrk milletine pahal\u0131ya mal olmu\u015ftur. K\u0131s\u0131r \u00e7eki\u015fmelerden kurtulmak i\u00e7in mutlaka okunmas\u0131 gereken bir eser&#8230;<\/p>\n","protected":false},"excerpt":{"rendered":"<p>Din, ink\u0131l\u00e2p, irtica; \u00fczerinde f\u0131rt\u0131nalar kopar\u0131lan, kolayl\u0131kla istismar edilen mefhumlard\u0131r. \u00dczerlerinde y\u00fcr\u00fct\u00fclen kavgalar zararl\u0131 sonu\u00e7lar vermi\u015f ve T\u00fcrk milletine pahal\u0131ya mal olmu\u015ftur. K\u0131s\u0131r \u00e7eki\u015fmelerden kurtulmak i\u00e7in<span class=\"excerpt-hellip\"> [\u2026]<\/span><\/p>\n","protected":false},"featured_media":0,"template":"","meta":{"_monsterinsights_skip_tracking":false,"_monsterinsights_sitenote_active":false,"_monsterinsights_sitenote_note":"","_monsterinsights_sitenote_category":0},"product_brand":[],"product_cat":[13059,12337],"product_tag":[],"class_list":{"0":"post-692659","1":"product","2":"type-product","3":"status-publish","5":"product_cat-diger-politika-siyaset","6":"product_cat-politika-siyaset","7":"pa_cilt-ciltsiz","8":"pa_tur-kitap","9":"pa_yayinevi-otuken-nesriyat","10":"pa_yazar-peyami-safa","12":"first","13":"instock","14":"sale","15":"shipping-taxable","16":"purchasable","17":"product-type-simple"},"_links":{"self":[{"href":"https:\/\/roveyayinevi.com.tr\/index.php\/wp-json\/wp\/v2\/product\/692659","targetHints":{"allow":["GET"]}}],"collection":[{"href":"https:\/\/roveyayinevi.com.tr\/index.php\/wp-json\/wp\/v2\/product"}],"about":[{"href":"https:\/\/roveyayinevi.com.tr\/index.php\/wp-json\/wp\/v2\/types\/product"}],"wp:attachment":[{"href":"https:\/\/roveyayinevi.com.tr\/index.php\/wp-json\/wp\/v2\/media?parent=692659"}],"wp:term":[{"taxonomy":"product_brand","embeddable":true,"href":"https:\/\/roveyayinevi.com.tr\/index.php\/wp-json\/wp\/v2\/product_brand?post=692659"},{"taxonomy":"product_cat","embeddable":true,"href":"https:\/\/roveyayinevi.com.tr\/index.php\/wp-json\/wp\/v2\/product_cat?post=692659"},{"taxonomy":"product_tag","embeddable":true,"href":"https:\/\/roveyayinevi.com.tr\/index.php\/wp-json\/wp\/v2\/product_tag?post=692659"}],"curies":[{"name":"wp","href":"https:\/\/api.w.org\/{rel}","templated":true}]}}