{"id":692653,"date":"2025-08-27T14:08:40","date_gmt":"2025-08-27T11:08:40","guid":{"rendered":"https:\/\/roveyayinevi.com.tr\/index.php\/urun\/selamlik-sohbetleri\/"},"modified":"2026-04-16T02:02:37","modified_gmt":"2026-04-15T23:02:37","slug":"selamlik-sohbetleri","status":"publish","type":"product","link":"https:\/\/roveyayinevi.com.tr\/index.php\/urun\/selamlik-sohbetleri\/","title":{"rendered":"Selaml\u0131k Sohbetleri"},"content":{"rendered":"<p>Sel\u00e2ml\u0131k Sohbetleri, ard\u0131 ard\u0131na ya\u015fanan sava\u015flarda \u00f6\u011f\u00fct\u00fclen insanlara Gaziantep\u2019li bir ailenin hayat penceresinden bak\u0131yor. Mill\u00ee M\u00fccadele; Antep direni\u015fi ve onu takip eden y\u0131llar, Mitat En\u00e7\u2019in \u00e7ocukluktan gen\u00e7li\u011fe ge\u00e7i\u015f an\u0131lar\u0131yla bize ula\u015fmakta. \u0130ni\u015f ve \u00e7\u0131k\u0131\u015flar ya\u015famak her toplumun kaderinde vard\u0131r. Mitat En\u00e7\u2019in an\u0131lar\u0131yla bize anlatmak istedi\u011fi, kriz d\u00f6nemlerinde d\u00fczenleri bozulan insanlar\u0131n hayata nas\u0131l devam ettikleridir. Bazen zorla, bazen tabii bir \u015fekilde kendili\u011finden benimsenen, ya da bazen ho\u015flukla kabullenilen ve g\u00fcnl\u00fck ya\u015fay\u0131\u015flar\u0131na damgas\u0131n\u0131 vuran de\u011fi\u015fmeler insanlar\u0131 nas\u0131l etkiler? Farkl\u0131 din ve k\u00fclt\u00fcrlerin bize has kent dokusundaki ayr\u0131lmaz san\u0131lan birliktelikleri&#8230; Unutamad\u0131klar\u0131m\u0131z&#8230; Unutmak istediklerimiz&#8230; Ve unutturulmak istenenler&#8230; Anadolu ve \u0130stanbul\u2019daki hayat\u0131n Cumhuriyetin hemen \u00f6ncesi ve sonras\u0131ndaki g\u00f6r\u00fcn\u00fc\u015fleri&#8230; Yazar, kaderin kendisine haz\u0131rlad\u0131\u011f\u0131 Bitmeyen Gece \u00f6ncesindeki ya\u015fad\u0131klar\u0131n\u0131, dedesinin sel\u00e2ml\u0131\u011f\u0131n\u0131, oraya gelen ki\u015fileri, o g\u00fcn\u00fcn s\u0131cak ve samimi ili\u015fkilerini bize aktar\u0131r ve \u015f\u00f6yle der: Sel\u00e2ml\u0131k ak\u015famlar\u0131, benim \u00e7ocukluktan gen\u00e7li\u011fe ge\u00e7i\u015f y\u0131llar\u0131m\u0131n ev-okuluydu. Orada bulu\u015fanlardan, ya\u015fam\u0131n evimiz d\u0131\u015f\u0131ndaki ak\u0131\u015f\u0131n\u0131, rengini, adab\u0131n\u0131; kentimi ve \u00fclkemi sevmeyi \u00f6\u011frendim. T\u00fcm ya\u015fam\u0131 boyunca azalmadan devam eden bu sevgi, artarak onun \u00e7evresini de \u0131s\u0131tmaya devam ediyor&#8230; \ufffcTan\u0131t\u0131m Metni<\/p>\n","protected":false},"excerpt":{"rendered":"<p>Sel\u00e2ml\u0131k Sohbetleri, ard\u0131 ard\u0131na ya\u015fanan sava\u015flarda \u00f6\u011f\u00fct\u00fclen insanlara Gaziantep\u2019li bir ailenin hayat penceresinden bak\u0131yor. Mill\u00ee M\u00fccadele; Antep direni\u015fi ve onu takip eden y\u0131llar, Mitat En\u00e7\u2019in \u00e7ocukluktan<span class=\"excerpt-hellip\"> [\u2026]<\/span><\/p>\n","protected":false},"featured_media":0,"template":"","meta":{"_monsterinsights_skip_tracking":false,"_monsterinsights_sitenote_active":false,"_monsterinsights_sitenote_note":"","_monsterinsights_sitenote_category":0},"product_brand":[],"product_cat":[12782,12291],"product_tag":[],"class_list":{"0":"post-692653","1":"product","2":"type-product","3":"status-publish","5":"product_cat-alman-edebiyati","6":"product_cat-edebiyat","7":"pa_tur-kitap","8":"pa_yayinevi-otuken-nesriyat","9":"pa_yazar-mitat-enc","11":"first","12":"instock","13":"sale","14":"shipping-taxable","15":"purchasable","16":"product-type-simple"},"_links":{"self":[{"href":"https:\/\/roveyayinevi.com.tr\/index.php\/wp-json\/wp\/v2\/product\/692653","targetHints":{"allow":["GET"]}}],"collection":[{"href":"https:\/\/roveyayinevi.com.tr\/index.php\/wp-json\/wp\/v2\/product"}],"about":[{"href":"https:\/\/roveyayinevi.com.tr\/index.php\/wp-json\/wp\/v2\/types\/product"}],"wp:attachment":[{"href":"https:\/\/roveyayinevi.com.tr\/index.php\/wp-json\/wp\/v2\/media?parent=692653"}],"wp:term":[{"taxonomy":"product_brand","embeddable":true,"href":"https:\/\/roveyayinevi.com.tr\/index.php\/wp-json\/wp\/v2\/product_brand?post=692653"},{"taxonomy":"product_cat","embeddable":true,"href":"https:\/\/roveyayinevi.com.tr\/index.php\/wp-json\/wp\/v2\/product_cat?post=692653"},{"taxonomy":"product_tag","embeddable":true,"href":"https:\/\/roveyayinevi.com.tr\/index.php\/wp-json\/wp\/v2\/product_tag?post=692653"}],"curies":[{"name":"wp","href":"https:\/\/api.w.org\/{rel}","templated":true}]}}