{"id":692652,"date":"2025-08-27T14:08:39","date_gmt":"2025-08-27T11:08:39","guid":{"rendered":"https:\/\/roveyayinevi.com.tr\/index.php\/urun\/selahaddin-eyyubi-ve-arslan-yurekli-richard\/"},"modified":"2026-04-16T02:02:37","modified_gmt":"2026-04-15T23:02:37","slug":"selahaddin-eyyubi-ve-arslan-yurekli-richard","status":"publish","type":"product","link":"https:\/\/roveyayinevi.com.tr\/index.php\/urun\/selahaddin-eyyubi-ve-arslan-yurekli-richard\/","title":{"rendered":"Selahaddin Eyyubi ve Arslan Y\u00fcrekli Richard"},"content":{"rendered":"<p>Bu eser tarih\u00ee bir romand\u0131r. Hik\u00e2yesi Filistin\u2019de ge\u00e7er, \u00dc\u00e7\u00fcnc\u00fc Ha\u00e7l\u0131 seferiyle ilgilidir. Ba\u015fl\u0131ca kahramanlar\u0131, (Y\u0131ld\u0131r\u0131m) Selahaddin Eyyub\u00ee ile 3. Ha\u00e7l\u0131 seferi organizat\u00f6rlerinden \u0130ngiltere Kral\u0131 Arslan Y\u00fcrekli Richard\u2019d\u0131r. Bu sava\u015flarda Filistin cephesinde Selahaddin Eyyub\u00ee Taberiyye\u2019de parlak bir zafer kazand\u0131, Kud\u00fcs-i \u015eer\u00eef\u2019i Ha\u00e7l\u0131lardan geri ald\u0131, Kud\u00fcs Kral\u0131 Lui\u2019yi esir etti, Ha\u00e7l\u0131 mutaass\u0131plar\u0131n\u0131n ad\u0131n\u0131 da, ni\u015fan\u0131n\u0131 da sildi. Devrinde bat\u0131l\u0131lar\u0131n \u0130sl\u00e2m \u00fclkelerinde g\u00f6rd\u00fckleri \u00fcmran ve medeniyet, Avrupal\u0131lar\u0131n meden\u00eele\u015fme yoluna girmelerinde etkili olmu\u015ftur. \ufffcTan\u0131t\u0131m Metni<\/p>\n","protected":false},"excerpt":{"rendered":"<p>Bu eser tarih\u00ee bir romand\u0131r. Hik\u00e2yesi Filistin\u2019de ge\u00e7er, \u00dc\u00e7\u00fcnc\u00fc Ha\u00e7l\u0131 seferiyle ilgilidir. Ba\u015fl\u0131ca kahramanlar\u0131, (Y\u0131ld\u0131r\u0131m) Selahaddin Eyyub\u00ee ile 3. Ha\u00e7l\u0131 seferi organizat\u00f6rlerinden \u0130ngiltere Kral\u0131 Arslan Y\u00fcrekli<span class=\"excerpt-hellip\"> [\u2026]<\/span><\/p>\n","protected":false},"featured_media":0,"template":"","meta":{"_monsterinsights_skip_tracking":false,"_monsterinsights_sitenote_active":false,"_monsterinsights_sitenote_note":"","_monsterinsights_sitenote_category":0},"product_brand":[],"product_cat":[12291,12745],"product_tag":[],"class_list":{"0":"post-692652","1":"product","2":"type-product","3":"status-publish","5":"product_cat-edebiyat","6":"product_cat-tarihi-roman","7":"pa_cilt-ciltli","8":"pa_tur-kitap","9":"pa_yayinevi-otuken-nesriyat","10":"pa_yazar-walter-scott","12":"first","13":"instock","14":"sale","15":"shipping-taxable","16":"purchasable","17":"product-type-simple"},"_links":{"self":[{"href":"https:\/\/roveyayinevi.com.tr\/index.php\/wp-json\/wp\/v2\/product\/692652","targetHints":{"allow":["GET"]}}],"collection":[{"href":"https:\/\/roveyayinevi.com.tr\/index.php\/wp-json\/wp\/v2\/product"}],"about":[{"href":"https:\/\/roveyayinevi.com.tr\/index.php\/wp-json\/wp\/v2\/types\/product"}],"wp:attachment":[{"href":"https:\/\/roveyayinevi.com.tr\/index.php\/wp-json\/wp\/v2\/media?parent=692652"}],"wp:term":[{"taxonomy":"product_brand","embeddable":true,"href":"https:\/\/roveyayinevi.com.tr\/index.php\/wp-json\/wp\/v2\/product_brand?post=692652"},{"taxonomy":"product_cat","embeddable":true,"href":"https:\/\/roveyayinevi.com.tr\/index.php\/wp-json\/wp\/v2\/product_cat?post=692652"},{"taxonomy":"product_tag","embeddable":true,"href":"https:\/\/roveyayinevi.com.tr\/index.php\/wp-json\/wp\/v2\/product_tag?post=692652"}],"curies":[{"name":"wp","href":"https:\/\/api.w.org\/{rel}","templated":true}]}}