{"id":692645,"date":"2025-08-27T14:08:38","date_gmt":"2025-08-27T11:08:38","guid":{"rendered":"https:\/\/roveyayinevi.com.tr\/index.php\/urun\/cocuk-psikolojisi\/"},"modified":"2026-04-16T02:02:36","modified_gmt":"2026-04-15T23:02:36","slug":"cocuk-psikolojisi","status":"publish","type":"product","link":"https:\/\/roveyayinevi.com.tr\/index.php\/urun\/cocuk-psikolojisi\/","title":{"rendered":"\u00c7ocuk Psikolojisi"},"content":{"rendered":"<p>Anne-babalara, \u00f6\u011fretmenlere, konuyla ilgili uzmanlara ve e\u011fitim g\u00f6renlere, \u00e7ocu\u011fun do\u011fum \u00f6ncesi d\u00f6neminden ba\u015flayarak ergenlik sonuna kadar s\u00fcregelen t\u00fcom geli\u015fimini a\u00e7\u0131klamak amac\u0131yla haz\u0131rlanm\u0131\u015f olan bu kitap, ayn\u0131 zamanda temel bir geli\u015fim psikolojisi el kitab\u0131 niteli\u011fini ta\u015f\u0131maktad\u0131r.<\/p>\n","protected":false},"excerpt":{"rendered":"<p>Anne-babalara, \u00f6\u011fretmenlere, konuyla ilgili uzmanlara ve e\u011fitim g\u00f6renlere, \u00e7ocu\u011fun do\u011fum \u00f6ncesi d\u00f6neminden ba\u015flayarak ergenlik sonuna kadar s\u00fcregelen t\u00fcom geli\u015fimini a\u00e7\u0131klamak amac\u0131yla haz\u0131rlanm\u0131\u015f olan bu kitap, ayn\u0131<span class=\"excerpt-hellip\"> [\u2026]<\/span><\/p>\n","protected":false},"featured_media":0,"template":"","meta":{"_monsterinsights_skip_tracking":false,"_monsterinsights_sitenote_active":false,"_monsterinsights_sitenote_note":"","_monsterinsights_sitenote_category":0},"product_brand":[],"product_cat":[12679,12357],"product_tag":[],"class_list":{"0":"post-692645","1":"product","2":"type-product","3":"status-publish","5":"product_cat-cocuk-psikolojisi","6":"product_cat-psikoloji","7":"pa_cilt-ciltsiz","8":"pa_tur-kitap","9":"pa_yayinevi-remzi-kitabevi","10":"pa_yazar-haluk-yavuzer","12":"first","13":"instock","14":"sale","15":"shipping-taxable","16":"purchasable","17":"product-type-simple"},"_links":{"self":[{"href":"https:\/\/roveyayinevi.com.tr\/index.php\/wp-json\/wp\/v2\/product\/692645","targetHints":{"allow":["GET"]}}],"collection":[{"href":"https:\/\/roveyayinevi.com.tr\/index.php\/wp-json\/wp\/v2\/product"}],"about":[{"href":"https:\/\/roveyayinevi.com.tr\/index.php\/wp-json\/wp\/v2\/types\/product"}],"wp:attachment":[{"href":"https:\/\/roveyayinevi.com.tr\/index.php\/wp-json\/wp\/v2\/media?parent=692645"}],"wp:term":[{"taxonomy":"product_brand","embeddable":true,"href":"https:\/\/roveyayinevi.com.tr\/index.php\/wp-json\/wp\/v2\/product_brand?post=692645"},{"taxonomy":"product_cat","embeddable":true,"href":"https:\/\/roveyayinevi.com.tr\/index.php\/wp-json\/wp\/v2\/product_cat?post=692645"},{"taxonomy":"product_tag","embeddable":true,"href":"https:\/\/roveyayinevi.com.tr\/index.php\/wp-json\/wp\/v2\/product_tag?post=692645"}],"curies":[{"name":"wp","href":"https:\/\/api.w.org\/{rel}","templated":true}]}}