{"id":692643,"date":"2025-08-27T14:08:38","date_gmt":"2025-08-27T11:08:38","guid":{"rendered":"https:\/\/roveyayinevi.com.tr\/index.php\/urun\/gul-ayinleri\/"},"modified":"2026-04-16T02:02:36","modified_gmt":"2026-04-15T23:02:36","slug":"gul-ayinleri","status":"publish","type":"product","link":"https:\/\/roveyayinevi.com.tr\/index.php\/urun\/gul-ayinleri\/","title":{"rendered":"G\u00fcl Ayinleri"},"content":{"rendered":"<p>Ulu Berkes buyurdu ki; A\u015fk; g\u00f6\u011f\u00fcn y\u00fccelerinde pervaz vuran bir H\u00fcma\u2019d\u0131r. O yere inici, dala konucu, tuza\u011fa tutulucu de\u011fildir. O n\u00fcfuz ve iktidar, gevher ve m\u00fccevher&#8230; Ve vel\u00e2yet ve servet ve g\u00fc\u00e7le elde edilici de\u011fildir. Onun huzurunda kul ve k\u00f6le, bey ve sultan farketmedi.. Onun pe\u015fine d\u00fc\u015fenler yarlarda, u\u00e7urumlarda ba\u015flar\u0131 kesik \u00f6l\u00fc bulundular. O murad almam\u0131\u015f k\u0131zlar\u0131n g\u00f6klere ula\u015fm\u0131\u015f ruhudur. O g\u00f6klerin ku\u015fudur.  Onu Tanr\u0131 korur. <\/p>\n","protected":false},"excerpt":{"rendered":"<p>Ulu Berkes buyurdu ki; A\u015fk; g\u00f6\u011f\u00fcn y\u00fccelerinde pervaz vuran bir H\u00fcma\u2019d\u0131r. O yere inici, dala konucu, tuza\u011fa tutulucu de\u011fildir. O n\u00fcfuz ve iktidar, gevher ve m\u00fccevher&#8230;<span class=\"excerpt-hellip\"> [\u2026]<\/span><\/p>\n","protected":false},"featured_media":0,"template":"","meta":{"_monsterinsights_skip_tracking":false,"_monsterinsights_sitenote_active":false,"_monsterinsights_sitenote_note":"","_monsterinsights_sitenote_category":0},"product_brand":[],"product_cat":[12291,12711],"product_tag":[],"class_list":{"0":"post-692643","1":"product","2":"type-product","3":"status-publish","5":"product_cat-edebiyat","6":"product_cat-roman-oyku","7":"pa_tur-kitap","8":"pa_yayinevi-otuken-nesriyat","9":"pa_yazar-emir-kalkan","11":"first","12":"instock","13":"sale","14":"shipping-taxable","15":"purchasable","16":"product-type-simple"},"_links":{"self":[{"href":"https:\/\/roveyayinevi.com.tr\/index.php\/wp-json\/wp\/v2\/product\/692643","targetHints":{"allow":["GET"]}}],"collection":[{"href":"https:\/\/roveyayinevi.com.tr\/index.php\/wp-json\/wp\/v2\/product"}],"about":[{"href":"https:\/\/roveyayinevi.com.tr\/index.php\/wp-json\/wp\/v2\/types\/product"}],"wp:attachment":[{"href":"https:\/\/roveyayinevi.com.tr\/index.php\/wp-json\/wp\/v2\/media?parent=692643"}],"wp:term":[{"taxonomy":"product_brand","embeddable":true,"href":"https:\/\/roveyayinevi.com.tr\/index.php\/wp-json\/wp\/v2\/product_brand?post=692643"},{"taxonomy":"product_cat","embeddable":true,"href":"https:\/\/roveyayinevi.com.tr\/index.php\/wp-json\/wp\/v2\/product_cat?post=692643"},{"taxonomy":"product_tag","embeddable":true,"href":"https:\/\/roveyayinevi.com.tr\/index.php\/wp-json\/wp\/v2\/product_tag?post=692643"}],"curies":[{"name":"wp","href":"https:\/\/api.w.org\/{rel}","templated":true}]}}