{"id":692640,"date":"2025-08-27T14:08:37","date_gmt":"2025-08-27T11:08:37","guid":{"rendered":"https:\/\/roveyayinevi.com.tr\/index.php\/urun\/kurutulmus-felsefe-bahcesi\/"},"modified":"2026-04-16T02:02:36","modified_gmt":"2026-04-15T23:02:36","slug":"kurutulmus-felsefe-bahcesi","status":"publish","type":"product","link":"https:\/\/roveyayinevi.com.tr\/index.php\/urun\/kurutulmus-felsefe-bahcesi\/","title":{"rendered":"Kurutulmu\u015f Felsefe Bah\u00e7esi"},"content":{"rendered":"<p>Tarihi anekdotlardan g\u00fcndelik hayat\u0131n s\u0131radanl\u0131klar\u0131na, edebi eserlerin i\u00e7eri\u011finden nas\u0131l yaz\u0131ld\u0131klar\u0131na, yazarlar\u0131n okullarda \u00f6\u011fretilmeyen \u00f6zelliklerinden \u00e7e\u015fitli edebi ak\u0131mlara, aynalardan foto\u011fraflara, \u015fehirler hakk\u0131nda yazanlardan edebiyat tarih\u00e7ilerine, bah\u00e7elerden dostluklara, denizlerden yolculuklara uzanan denemeler okurlar\u0131 edebiyat\u0131n ve hayat\u0131n gizlerini ke\u015ffetmeye \u00e7a\u011f\u0131r\u0131yor. Sal\u00e2h Birsel; Ziya Osman Saba, Marcel Proust, F. Scott &#8211; Zelda Fitzgerald, Ernest Hemingway gibi bir\u00e7ok yazar ve d\u00fc\u015f\u00fcn insan\u0131n\u0131n ya\u015fam \u00e7izgilerini, pek de \u00f6n plana \u00e7\u0131kmam\u0131\u015f y\u00f6nlerini ve psikanalitik a\u00e7\u0131dan s\u0131n\u0131r durumlar\u0131n\u0131 tekrar yorumlarken, \u0130stanbul ba\u015fta olmak \u00fczere d\u00fcnyan\u0131n \u00e7e\u015fitli co\u011frafyalar\u0131nda okurlar\u0131n\u0131 derin bir yolculu\u011fa \u00e7\u0131kararak, b\u00fct\u00fcn bu olup biten kar\u015f\u0131s\u0131nda herkesi bir kez daha sayg\u0131 duru\u015funa davet ediyor. Kurutulmu\u015f Felsefe Bah\u00e7esi\u2019nde Sal\u00e2h Birsel\u2019in kendine has deneme \u00fcslubu her sat\u0131rda hissediliyor.\ufffcTan\u0131t\u0131m Metni<\/p>\n","protected":false},"excerpt":{"rendered":"<p>Tarihi anekdotlardan g\u00fcndelik hayat\u0131n s\u0131radanl\u0131klar\u0131na, edebi eserlerin i\u00e7eri\u011finden nas\u0131l yaz\u0131ld\u0131klar\u0131na, yazarlar\u0131n okullarda \u00f6\u011fretilmeyen \u00f6zelliklerinden \u00e7e\u015fitli edebi ak\u0131mlara, aynalardan foto\u011fraflara, \u015fehirler hakk\u0131nda yazanlardan edebiyat tarih\u00e7ilerine, bah\u00e7elerden dostluklara,<span class=\"excerpt-hellip\"> [\u2026]<\/span><\/p>\n","protected":false},"featured_media":0,"template":"","meta":{"_monsterinsights_skip_tracking":false,"_monsterinsights_sitenote_active":false,"_monsterinsights_sitenote_note":"","_monsterinsights_sitenote_category":0},"product_brand":[],"product_cat":[12782,12291],"product_tag":[],"class_list":{"0":"post-692640","1":"product","2":"type-product","3":"status-publish","5":"product_cat-alman-edebiyati","6":"product_cat-edebiyat","7":"pa_cilt-ciltsiz","8":"pa_tur-kitap","9":"pa_yayinevi-sel-yayincilik","10":"pa_yazar-salah-birsel","12":"first","13":"instock","14":"sale","15":"shipping-taxable","16":"purchasable","17":"product-type-simple"},"_links":{"self":[{"href":"https:\/\/roveyayinevi.com.tr\/index.php\/wp-json\/wp\/v2\/product\/692640","targetHints":{"allow":["GET"]}}],"collection":[{"href":"https:\/\/roveyayinevi.com.tr\/index.php\/wp-json\/wp\/v2\/product"}],"about":[{"href":"https:\/\/roveyayinevi.com.tr\/index.php\/wp-json\/wp\/v2\/types\/product"}],"wp:attachment":[{"href":"https:\/\/roveyayinevi.com.tr\/index.php\/wp-json\/wp\/v2\/media?parent=692640"}],"wp:term":[{"taxonomy":"product_brand","embeddable":true,"href":"https:\/\/roveyayinevi.com.tr\/index.php\/wp-json\/wp\/v2\/product_brand?post=692640"},{"taxonomy":"product_cat","embeddable":true,"href":"https:\/\/roveyayinevi.com.tr\/index.php\/wp-json\/wp\/v2\/product_cat?post=692640"},{"taxonomy":"product_tag","embeddable":true,"href":"https:\/\/roveyayinevi.com.tr\/index.php\/wp-json\/wp\/v2\/product_tag?post=692640"}],"curies":[{"name":"wp","href":"https:\/\/api.w.org\/{rel}","templated":true}]}}