{"id":692636,"date":"2025-08-27T14:08:36","date_gmt":"2025-08-27T11:08:36","guid":{"rendered":"https:\/\/roveyayinevi.com.tr\/index.php\/urun\/eski-istanbul-kahvehaneleri\/"},"modified":"2026-04-16T02:02:36","modified_gmt":"2026-04-15T23:02:36","slug":"eski-istanbul-kahvehaneleri","status":"publish","type":"product","link":"https:\/\/roveyayinevi.com.tr\/index.php\/urun\/eski-istanbul-kahvehaneleri\/","title":{"rendered":"Eski \u0130stanbul Kahvehaneleri"},"content":{"rendered":"<p>Ger\u00e7ekten o devirde kahve akademinin, meslek cemiyetinin, kul\u00fcb\u00fcn, salonun, fikir ve sanat meclisinin b\u00fct\u00fcn vazifelerini k\u00fc\u00e7\u00fck tahta masalar\u0131n\u0131n etraf\u0131nda elinden geldi\u011fi kadar yap\u0131yordu. O zaman anlad\u0131m ki, biz bir kahve milletiyiz. K\u00f6yde kahve, mahallede kahve, mektebin \u00f6n\u00fcnde, cezvesinde b\u00fct\u00fcn milli ve dini \u015fuuru pi\u015firen, ibri\u011finde kolektif vicdan\u0131 demlendiren, tezgah\u0131n dibinde halk\u0131 ve m\u00fcnevveri birbirine kenetleyen, iptidai oldu\u011fu i\u00e7in basit, fakat ananesi oldu\u011fu i\u00e7in derin ve canl\u0131, tek ve tam bir cemiyet mihrak\u0131d\u0131r. Peyami Safa \ufffcTan\u0131t\u0131m Metni<\/p>\n","protected":false},"excerpt":{"rendered":"<p>Ger\u00e7ekten o devirde kahve akademinin, meslek cemiyetinin, kul\u00fcb\u00fcn, salonun, fikir ve sanat meclisinin b\u00fct\u00fcn vazifelerini k\u00fc\u00e7\u00fck tahta masalar\u0131n\u0131n etraf\u0131nda elinden geldi\u011fi kadar yap\u0131yordu. O zaman anlad\u0131m<span class=\"excerpt-hellip\"> [\u2026]<\/span><\/p>\n","protected":false},"featured_media":0,"template":"","meta":{"_monsterinsights_skip_tracking":false,"_monsterinsights_sitenote_active":false,"_monsterinsights_sitenote_note":"","_monsterinsights_sitenote_category":0},"product_brand":[],"product_cat":[12767,12324],"product_tag":[],"class_list":{"0":"post-692636","1":"product","2":"type-product","3":"status-publish","5":"product_cat-kentlesme-modernlesme","6":"product_cat-sosyoloji","7":"pa_tur-kitap","8":"pa_yayinevi-otuken-nesriyat","9":"pa_yazar-cem-sokmen","11":"first","12":"instock","13":"sale","14":"shipping-taxable","15":"purchasable","16":"product-type-simple"},"_links":{"self":[{"href":"https:\/\/roveyayinevi.com.tr\/index.php\/wp-json\/wp\/v2\/product\/692636","targetHints":{"allow":["GET"]}}],"collection":[{"href":"https:\/\/roveyayinevi.com.tr\/index.php\/wp-json\/wp\/v2\/product"}],"about":[{"href":"https:\/\/roveyayinevi.com.tr\/index.php\/wp-json\/wp\/v2\/types\/product"}],"wp:attachment":[{"href":"https:\/\/roveyayinevi.com.tr\/index.php\/wp-json\/wp\/v2\/media?parent=692636"}],"wp:term":[{"taxonomy":"product_brand","embeddable":true,"href":"https:\/\/roveyayinevi.com.tr\/index.php\/wp-json\/wp\/v2\/product_brand?post=692636"},{"taxonomy":"product_cat","embeddable":true,"href":"https:\/\/roveyayinevi.com.tr\/index.php\/wp-json\/wp\/v2\/product_cat?post=692636"},{"taxonomy":"product_tag","embeddable":true,"href":"https:\/\/roveyayinevi.com.tr\/index.php\/wp-json\/wp\/v2\/product_tag?post=692636"}],"curies":[{"name":"wp","href":"https:\/\/api.w.org\/{rel}","templated":true}]}}