{"id":692635,"date":"2025-08-27T14:07:43","date_gmt":"2025-08-27T11:07:43","guid":{"rendered":"https:\/\/roveyayinevi.com.tr\/index.php\/urun\/seni-demokrat-yapacaklar\/"},"modified":"2026-04-16T02:02:36","modified_gmt":"2026-04-15T23:02:36","slug":"seni-demokrat-yapacaklar","status":"publish","type":"product","link":"https:\/\/roveyayinevi.com.tr\/index.php\/urun\/seni-demokrat-yapacaklar\/","title":{"rendered":"Seni Demokrat Yapacaklar"},"content":{"rendered":"<p>Amerika&#8217;daki meocon&#8217;lar marifetiyle emperyalizmin nostaljik s\u00f6ylemine do\u011fru bir geri d\u00f6n\u00fc\u015f ba\u015flad\u0131. Emperyalizm utan\u00e7 duyulacak bir \u015fey olmaktan \u00e7\u0131karken Rudyard Kipling bir kez daha hat\u0131rland\u0131. Tarihin \u00e7\u00f6pl\u00fc\u011f\u00fcne at\u0131ld\u0131\u011f\u0131 san\u0131lan eski zamanlarl\u0131n deh\u015fetli kurumlar\u0131, yeni ve daha ars\u0131z suretlerle kar\u015f\u0131m\u0131zda.Engizisyon, Avrupa \u0130nsan Haklar\u0131 Mahkemesi&#8217;nin \u015fahs\u0131nda tecess\u00fcm etti ve ruhu, Bat\u0131l\u0131 zengin \u00fclkelerin g\u00fcmr\u00fck kap\u0131lar\u0131nda dola\u015fmaya ba\u015flad\u0131. Modern kirlili\u011fin en me\u015fum tarz\u0131 ise zihinlerde ya\u015fanmaktad\u0131r. Canl\u0131 ya\u015fam\u0131n\u0131 tehdit eden maddi kirlenme bi\u00e7imlerinden insan varl\u0131\u011f\u0131n\u0131n anlams\u0131zla\u015fmas\u0131na kadar, insan havsalas\u0131na s\u0131\u011fmayacak boyutlardaki bir kirlenme ve ifsat,siyasal manipl\u00fcsyon s\u00fcre\u00e7leriyle el ele y\u00fcr\u00fcmektedir. Orwellyen kelime ve kavramlarla bireyleri belli d\u00fc\u015f\u00fcnce ve davran\u0131\u015f kal\u0131plar\u0131 i\u00e7ine hapseden, fakat ayn\u0131 zamanda bir  \u00f6zg\u00fcrl\u00fck  ill\u00fczyonu da has\u0131l ederek dikkatlerden ka\u00e7may\u0131 ba\u015faran zihinseltutsakl\u0131k, Bat\u0131 kaynakl\u0131 propagandan\u0131n ana hedeflerinden biri olageldi. M\u00fcsl\u00fcmanlar dahi  demokrasi  ,  liberalizm  ,  serbest piyasa ekonomisi  ,  insan hak ve \u00f6zg\u00fcrl\u00fckleri  gibi kavram ve doktrinleri de\u011ferden ba\u011f\u0131ms\u0131z \u015feyle gibi alg\u0131lamaya ba\u015flam\u0131\u015fsa, bir zamanlar \u0130slam ve sosyalizmi ba\u011fda\u015ft\u0131rma \u00e7abalar\u0131na y\u00f6nettikleri itiraz\u0131, \u015fimdi kapitalizmle i\u015fbirli\u011fi -veya i\u015f b\u00f6l\u00fcm\u00fc!- konusunda ortaya koyam\u0131yorlarsa, zihinsel kirlilik ve tutsakl\u0131k son derece kayg\u0131 verici bir a\u015famaya ula\u015fm\u0131\u015f demektir. <\/p>\n","protected":false},"excerpt":{"rendered":"<p>Amerika&#8217;daki meocon&#8217;lar marifetiyle emperyalizmin nostaljik s\u00f6ylemine do\u011fru bir geri d\u00f6n\u00fc\u015f ba\u015flad\u0131. Emperyalizm utan\u00e7 duyulacak bir \u015fey olmaktan \u00e7\u0131karken Rudyard Kipling bir kez daha hat\u0131rland\u0131. Tarihin \u00e7\u00f6pl\u00fc\u011f\u00fcne<span class=\"excerpt-hellip\"> [\u2026]<\/span><\/p>\n","protected":false},"featured_media":0,"template":"","meta":{"_monsterinsights_skip_tracking":false,"_monsterinsights_sitenote_active":false,"_monsterinsights_sitenote_note":"","_monsterinsights_sitenote_category":0},"product_brand":[],"product_cat":[13059,12337],"product_tag":[],"class_list":{"0":"post-692635","1":"product","2":"type-product","3":"status-publish","5":"product_cat-diger-politika-siyaset","6":"product_cat-politika-siyaset","7":"pa_tur-kitap","8":"pa_yayinevi-pinar-yayinlari","9":"pa_yazar-mesut-karasahan","11":"first","12":"instock","13":"sale","14":"shipping-taxable","15":"purchasable","16":"product-type-simple"},"_links":{"self":[{"href":"https:\/\/roveyayinevi.com.tr\/index.php\/wp-json\/wp\/v2\/product\/692635","targetHints":{"allow":["GET"]}}],"collection":[{"href":"https:\/\/roveyayinevi.com.tr\/index.php\/wp-json\/wp\/v2\/product"}],"about":[{"href":"https:\/\/roveyayinevi.com.tr\/index.php\/wp-json\/wp\/v2\/types\/product"}],"wp:attachment":[{"href":"https:\/\/roveyayinevi.com.tr\/index.php\/wp-json\/wp\/v2\/media?parent=692635"}],"wp:term":[{"taxonomy":"product_brand","embeddable":true,"href":"https:\/\/roveyayinevi.com.tr\/index.php\/wp-json\/wp\/v2\/product_brand?post=692635"},{"taxonomy":"product_cat","embeddable":true,"href":"https:\/\/roveyayinevi.com.tr\/index.php\/wp-json\/wp\/v2\/product_cat?post=692635"},{"taxonomy":"product_tag","embeddable":true,"href":"https:\/\/roveyayinevi.com.tr\/index.php\/wp-json\/wp\/v2\/product_tag?post=692635"}],"curies":[{"name":"wp","href":"https:\/\/api.w.org\/{rel}","templated":true}]}}